{"id":10904,"date":"2024-04-08T11:19:03","date_gmt":"2024-04-08T10:19:03","guid":{"rendered":"https:\/\/canaryvip.com\/?post_type=product&#038;p=10904"},"modified":"2025-06-28T21:05:29","modified_gmt":"2025-06-28T20:05:29","slug":"rent-boat-saxdor-200-with-license","status":"publish","type":"product","link":"https:\/\/canaryvip.com\/cs\/shop\/rent-boat-saxdor-200-with-license\/","title":{"rendered":"Pron\u00e1jem lod\u00ed Saxdor 200 s licenc\u00ed Tenerife"},"content":{"rendered":"<h2>\ud83d\udea4 Pron\u00e1jem Saxdor 200 s licenc\u00ed na CanaryVIP<\/h2>\n<p><strong>P\u0159evezm\u011bte kormidlo sv\u00e9ho n\u00e1mo\u0159n\u00edho dobrodru\u017estv\u00ed s CanaryVIP:<\/strong> V Saxdoru 200, vynikaj\u00edc\u00ed otev\u0159en\u00e9 lodi, kter\u00e1 spojuje modern\u00ed design s mo\u017enost\u00ed celodenn\u00ed plavby, si m\u016f\u017eete \u0159\u00eddit sv\u016fj vlastn\u00ed den na mo\u0159i.<\/p>\n<p>Toto plavidlo, kter\u00e9 se narodilo v roce 2023 a vyzna\u010duje se elegantn\u00ed d\u00e9lkou 6 m, je ide\u00e1ln\u00ed pro ty, kte\u0159\u00ed cht\u011bj\u00ed proplouvat vodami Tenerife se stylem a lehkost\u00ed.<br \/>\nVyplouv\u00e1me z malebn\u00e9ho <a href=\"https:\/\/maps.app.goo.gl\/F7XZ1rpbWXBTYFND9\" target=\"_blank\" rel=\"noopener\">Los Gigantes,<\/a> na <strong>Saxdor 200 s licenc\u00ed<\/strong>\u00a0p\u0159edstavuje exkluzivn\u00ed p\u0159\u00edle\u017eitost objevovat skryt\u00e9 z\u00e1toky, opalovat se na palub\u011b nebo si dop\u0159\u00e1t ob\u011bd na palub\u011b uprost\u0159ed azurov\u00e9 n\u00e1ru\u010de Atlantiku.<\/p>\n<p><strong>Elegantn\u00ed a v\u00fdkonn\u00e9 plavidlo:<\/strong>\u00a0Saxdor 200 je zkonstruov\u00e1n pro dokonalost a je vybaven motorem o v\u00fdkonu 115 k, kter\u00fd p\u0159esn\u011b klou\u017ee po vod\u011b. S kapacitou pro 6 cestuj\u00edc\u00edch a palivovou n\u00e1dr\u017e\u00ed p\u0159ipravenou na dobrodru\u017estv\u00ed je tento \u010dlun va\u0161\u00ed vstupn\u00ed branou k poklad\u016fm ji\u017en\u00edho Tenerife.<\/p>\n<h3>\ud83d\udea4 Saxdor 200 Tenerife: V\u00e1\u0161 den, va\u0161e cesta<\/h3>\n<ul>\n<li><strong>Propracovan\u00fd design:<\/strong> Vychutnejte si luxus p\u0159i \u0159\u00edzen\u00ed modelu Saxdor 200 z roku 2023, kter\u00fd je zn\u00e1m\u00fd sv\u00fdm stylov\u00fdm vzhledem a pohodln\u00fdmi sedadly.<\/li>\n<li><strong>Nezapomenuteln\u00e9 v\u00fdhledy:<\/strong> Vydejte se sm\u011brem k proslul\u00fdm \u00fates\u016fm Masca a Los Gigantes, kde se mo\u0159sk\u00fdm \u017eivo\u010dich\u016fm da\u0159\u00ed v jejich p\u0159irozen\u00e9m prost\u0159ed\u00ed.<\/li>\n<li><strong>Plav\u00e1n\u00ed na samot\u011b:<\/strong> Zakotv\u011bte v klidn\u00fdch z\u00e1tok\u00e1ch, kter\u00e9 jsou ide\u00e1ln\u00ed ke koup\u00e1n\u00ed, \u0161norchlov\u00e1n\u00ed nebo jen k opalov\u00e1n\u00ed.<\/li>\n<li><strong>Pot\u011b\u0161en\u00ed na palub\u011b:<\/strong> V r\u00e1mci pron\u00e1jmu si m\u016f\u017eete vychutnat j\u00eddlo na vod\u011b a obohatit sv\u016fj z\u00e1\u017eitek o kulin\u00e1\u0159sk\u00e9 speciality.<\/li>\n<li><strong>Bezprobl\u00e9mov\u00e9 placht\u011bn\u00ed:<\/strong> Saxdor 200 se sv\u00fdm v\u00fdkonn\u00fdm motorem a u\u017eivatelsky p\u0159\u00edv\u011btiv\u00fdm ovl\u00e1d\u00e1n\u00edm zaji\u0161\u0165uje bezprobl\u00e9movou j\u00edzdu po vln\u00e1ch.<\/li>\n<\/ul>\n<h3>\u2728 Podrobnosti o pron\u00e1jmu Saxdor 200<\/h3>\n<p><strong>Zku\u0161enosti na m\u00edru:<\/strong> A\u0165 u\u017e hled\u00e1te intimn\u00ed jednodenn\u00ed v\u00fdlet ve dvou nebo \u017eiv\u00fd v\u00fdlet s p\u0159\u00e1teli, n\u00e1\u0161 Saxdor 200, kter\u00fd pojme a\u017e 6 osob, je vybaven pro v\u0161echny p\u0159\u00edle\u017eitosti. Ka\u017ed\u00fd pron\u00e1jem je vybaven komplexn\u00edm poradenstv\u00edm, kter\u00e9 zajist\u00ed, \u017ee v\u00e1\u0161 \u010das na mo\u0159i bude bezpe\u010dn\u00fd a p\u0159\u00edjemn\u00fd.<\/p>\n<p><strong>P\u016fj\u010dovna, kter\u00e1 vyhov\u00ed ka\u017ed\u00e9mu:<\/strong> Saxdor 200 s licenc\u00ed je ide\u00e1ln\u00ed pro rodiny, skupiny i samostatn\u00e9 dobrodruhy a slibuje jedine\u010dnou kombinaci luxusu a dobrodru\u017estv\u00ed, kterou dopl\u0148uje n\u00e1dhern\u00e1 kulisa pob\u0159e\u017e\u00ed Tenerife.<\/p>\n<h3>\ud83d\udea4 P\u0159\u00edprava na cestu k Saxdor 200<\/h3>\n<p>Vybavte se na v\u00fdjime\u010dn\u00fd den u vody z\u00e1kladn\u00edmi pot\u0159ebami, jako jsou plavky a opalovac\u00ed kr\u00e9m. Poskytneme v\u00e1m ve\u0161ker\u00e9 pot\u0159ebn\u00e9 naviga\u010dn\u00ed vybaven\u00ed a vy se budete moci soust\u0159edit na objevov\u00e1n\u00ed a radost z plavby.<\/p>\n<p>M\u011bjte po ruce fotoapar\u00e1t, abyste mohli zachytit kr\u00e1sy tenerifsk\u00e9ho pob\u0159e\u017e\u00ed a mo\u0159sk\u00fd \u017eivot, kter\u00fd tan\u010d\u00ed pod vlnami. S CanaryVIP je ka\u017ed\u00fd okam\u017eik na palub\u011b Saxdor 200 navr\u017een tak, aby byl nezapomenuteln\u00fd.<\/p>\n<h3>\ud83d\ude99 N\u00e1stupn\u00ed m\u00edsto a parkovi\u0161t\u011b<\/h3>\n<p><strong>Vyrazit z <a href=\"https:\/\/maps.app.goo.gl\/F7XZ1rpbWXBTYFND9\" target=\"_blank\" rel=\"noopener\">Los Gigantes<\/a>:<\/strong> Va\u0161e n\u00e1mo\u0159n\u00ed dobrodru\u017estv\u00ed za\u010d\u00edn\u00e1 na <strong>Puerto de Los Gigantes.<\/strong> Pohodln\u00e9 parkov\u00e1n\u00ed v p\u0159\u00edstavu v\u00e1m umo\u017en\u00ed za\u010d\u00edt v\u00fdlet bez stresu. Doporu\u010dujeme p\u0159ijet o n\u011bco d\u0159\u00edve, aby byl zaji\u0161t\u011bn hladk\u00fd odjezd.<\/p>\n<h3>\ud83d\udea4 K dispozici tak\u00e9: P\u016fj\u010dovna Compass 160e bez \u0159idi\u010dsk\u00e9ho pr\u016fkazu<\/h3>\n<p>Pro ty, kte\u0159\u00ed d\u00e1vaj\u00ed p\u0159ednost voln\u011bj\u0161\u00edmu zp\u016fsobu plavby, nab\u00edz\u00edme tak\u00e9 plachetnici<strong> <a href=\"https:\/\/canaryvip.com\/cs\/shop\/rent-boat-compass-160e-without-license\/\">Compass 160e,<\/a><\/strong> k dispozici pro pron\u00e1jem lod\u00ed bez licence. Tato mo\u017enost je ide\u00e1ln\u00ed pro dobrodruhy, kte\u0159\u00ed cht\u011bj\u00ed sami \u0159\u00eddit sv\u016fj vlastn\u00ed kurz po kr\u00e1sn\u00fdch vod\u00e1ch Tenerife.<\/p>\n<p>Vyplujte ze stejn\u00e9ho v\u00fdhodn\u00e9ho m\u00edsta v Puerto de Los Gigantes a objevte svobodu mo\u0159e, ani\u017e byste pot\u0159ebovali lodn\u00ed licenci. A\u0165 u\u017e chcete prozkoumat odlehl\u00e9 z\u00e1toky, nebo si jen u\u017e\u00edvat otev\u0159enou vodu sv\u00fdm vlastn\u00edm tempem, Compass 160e je spolehlivou a stylovou volbou.<\/p>\n<h3>\ud83c\udf1f Z\u00e1vazek spole\u010dnosti CanaryVIP v\u016f\u010di v\u00e1m<\/h3>\n<p>Ve spole\u010dnosti CanaryVIP n\u00e1m jde p\u0159edev\u0161\u00edm o va\u0161i spokojenost. Vyu\u017eijte flexibiln\u00ed storno podm\u00ednky, kter\u00e9 v\u00e1m zajist\u00ed klid p\u0159i rezervaci pron\u00e1jmu vozu Saxdor 200. Na\u0161\u00edm c\u00edlem je nab\u00eddnout mimo\u0159\u00e1dn\u00fd z\u00e1\u017eitek, kter\u00fd podtrhuje pe\u010dliv\u00e1 pozornost v\u011bnovan\u00e1 bezpe\u010dnosti a v\u00e1\u0161e\u0148 pro sd\u00edlen\u00ed n\u00e1dhery mo\u0159\u00ed Tenerife.<\/p>\n<p>Vydejte se na cestu za pozn\u00e1n\u00edm s <strong>Saxdor 200 s licenc\u00ed,<\/strong>\u00a0, proplouv\u00e1n\u00ed majest\u00e1tn\u00edmi vodami Tenerife a objevov\u00e1n\u00ed skryt\u00fdch skvost\u016f pod\u00e9l pob\u0159e\u017e\u00ed. <strong>Los Gigantes.<\/strong><\/p>\n<p>Rezervujte si nyn\u00ed exkluzivn\u00ed n\u00e1mo\u0159n\u00ed dobrodru\u017estv\u00ed, kter\u00e9 spojuje svobodu, luxus a p\u0159\u00edrodn\u00ed kr\u00e1sy Kan\u00e1rsk\u00fdch ostrov\u016f.<\/p>","protected":false},"excerpt":{"rendered":"<p><strong>\ud83d\udd0d No Worries Charta:<\/strong><br \/>\n\u2705 Bezpe\u010dn\u00e1 platba.<br \/>\n\ud83e\udeaa Pot\u0159ebn\u00fd lodn\u00ed pr\u016fkaz.<br \/>\n\ud83d\udee5\ufe0f 6m dlouh\u00fd \u010dlun.<br \/>\n\u23f3 Denn\u00ed pron\u00e1jem 3-8 h.<br \/>\n\ud83d\udd59 P\u0159izp\u016fsobiteln\u00e9 \u010dasy odjezd\u016f.<br \/>\n\ud83d\udc65 A\u017e pro 6 osob.<br \/>\n\ud83e\udd3f Vybaven\u00ed pro \u0161norchlov\u00e1n\u00ed je k dispozici.<br \/>\n\ud83e\udd11 Garance nejlep\u0161\u00ed ceny.<br \/>\n\ud83d\udc6a Slevy aktivov\u00e1ny.<br \/>\n\ud83d\udd01 Zru\u0161en\u00ed a\u017e na 4 dny.<br \/>\n\ud83c\udf0d V\u00edcejazy\u010dn\u00e1 pos\u00e1dka.<br \/>\n\ud83c\udf1f Rezervujte v\u010das a u\u0161et\u0159ete!<br \/>\n\ud83d\udccd Odjezd z\u00a0<a href=\"https:\/\/maps.app.goo.gl\/F7XZ1rpbWXBTYFND9\">Los Gigantes<\/a>.<\/p>","protected":false},"featured_media":11029,"comment_status":"open","ping_status":"closed","template":"","meta":{"_acf_changed":false},"product_brand":[],"product_cat":[130],"product_tag":[],"class_list":{"0":"post-10904","1":"product","2":"type-product","3":"status-publish","4":"has-post-thumbnail","6":"product_cat-self-drive-boat-hire","7":"wcpa_has_options","9":"first","10":"instock","11":"virtual","12":"purchasable","13":"product-type-simple"},"acf":[],"wcpa_form_fields":{"wcpaData":{"product":{"product_price":300,"price_html":"From&nbsp;<span class=\"woocommerce-Price-amount amount\"><bdi>300,00&nbsp;<span class=\"woocommerce-Price-currencySymbol\">&euro;<\/span><\/bdi><\/span>","original_product_price":300,"price_including_tax":300,"price_excluding_tax":300,"product_id":{"parent":10904,"variation":false},"is_variable":false,"stock_status":"instock","stock_quantity":null,"parent_sku":"CV10904","product_attributes":[],"custom_fields":[],"is_taxable":false,"product_name":"Rent Boat Saxdor 200 with License Tenerife","hasImage":false},"fields":{"sec_4668282996d361":{"extra":{"key":"sec_4668282996d361","section_id":"sec_4668282996d361","name":"Contact us","status":1,"cl_rule":"show","enableCl":false,"relations":[],"toggle":true,"title_tag":"h3","show_title":false,"showPrice":"default","form_id":12153,"form_rules":{"exclude_from_discount":true,"fee_label":"Fee","disp_hide_options_price":true,"disp_show_section_price":false,"disp_show_field_price":true,"layout_option":"standard","pric_use_as_fee":false,"process_fee_as":"woo_fee"},"layout_option":"standard"},"fields":[[{"active":true,"col":6,"relations":false,"cl_rule":"show","enableCl":false,"price":"","enablePrice":false,"className":"","label_position":"default","desc_position":"default","type":"content","required":false,"elementId":"content_8291538701","label":"","name":"content_8291538701","contentType":"rich","value":"<p><a href=\"https:\/\/api.whatsapp.com\/send\/?phone=34629670312&amp;text&amp;type=phone_number&amp;app_absent=0\" target=\"_blank\"><strong>Contact us on WhatsApp<\/strong><\/a><strong> to get a personalized price for this activity\/excursion\/rental.<\/strong><\/p>","error":false,"subtype":"div","gt_translate_keys":["label","value"],"price_dependency":false,"cl_dependency":false}]]}},"config":{"price_override":"","enable_recaptcha":false,"bind_quantity":false,"quantity_bind_formula":false,"disp_summ_show_option_price":true,"disp_summ_show_product_price":true,"disp_summ_show_total_price":true,"disp_summ_show_fee":true,"disp_summ_show_discount":true,"summary_title":"","options_total_label":"Options Price","total_label":"Total","options_product_label":"Product Price","fee_label":"Fee","discount_label":"Discount","has_price":true,"has_quantity_formula":false},"mc_unit":1,"tax_rate":1,"tax_rate_real":1,"discount":{"percentage":0,"fixed":0},"design":{"conf":{"LabelPosition":"above","DescPosition":"above","UploadField":"custom_1","QuantityFieldStyle":"custom_1"},"css":{"LeftLabelWidth":"120px"}},"formulas":[],"lookuptables":[],"clones":false,"cartKey":false}},"_links":{"self":[{"href":"https:\/\/canaryvip.com\/cs\/wp-json\/wp\/v2\/product\/10904","targetHints":{"allow":["GET"]}}],"collection":[{"href":"https:\/\/canaryvip.com\/cs\/wp-json\/wp\/v2\/product"}],"about":[{"href":"https:\/\/canaryvip.com\/cs\/wp-json\/wp\/v2\/types\/product"}],"replies":[{"embeddable":true,"href":"https:\/\/canaryvip.com\/cs\/wp-json\/wp\/v2\/comments?post=10904"}],"wp:featuredmedia":[{"embeddable":true,"href":"https:\/\/canaryvip.com\/cs\/wp-json\/wp\/v2\/media\/11029"}],"wp:attachment":[{"href":"https:\/\/canaryvip.com\/cs\/wp-json\/wp\/v2\/media?parent=10904"}],"wp:term":[{"taxonomy":"product_brand","embeddable":true,"href":"https:\/\/canaryvip.com\/cs\/wp-json\/wp\/v2\/product_brand?post=10904"},{"taxonomy":"product_cat","embeddable":true,"href":"https:\/\/canaryvip.com\/cs\/wp-json\/wp\/v2\/product_cat?post=10904"},{"taxonomy":"product_tag","embeddable":true,"href":"https:\/\/canaryvip.com\/cs\/wp-json\/wp\/v2\/product_tag?post=10904"}],"curies":[{"name":"wp","href":"https:\/\/api.w.org\/{rel}","templated":true}]}}