{"id":10522,"date":"2024-03-23T17:19:31","date_gmt":"2024-03-23T17:19:31","guid":{"rendered":"https:\/\/canaryvip.com\/?post_type=product&#038;p=10522"},"modified":"2026-01-01T21:05:33","modified_gmt":"2026-01-01T21:05:33","slug":"submarine-tenerife","status":"publish","type":"product","link":"https:\/\/canaryvip.com\/cs\/shop\/submarine-tenerife\/","title":{"rendered":"Podmo\u0159sk\u00e9 safari Tenerife"},"content":{"rendered":"<h2>\ud83c\udf0a Pono\u0159te se do hlubin s Podmo\u0159sk\u00fdm safari Tenerife<\/h2>\n<p>Za\u017eijte dokonal\u00e9 dobrodru\u017estv\u00ed s na\u0161imi <strong>podmo\u0159sk\u00e9 safari Tenerife,<\/strong>\u00a0kde se vzru\u0161uj\u00edc\u00ed objevov\u00e1n\u00ed setk\u00e1v\u00e1 se vzd\u011bl\u00e1vac\u00edm pr\u016fzkumem pod mo\u0159sk\u00fdmi vlnami. Tato jedine\u010dn\u00e1 plavba v\u00e1s zve k odhalen\u00ed skryt\u00fdch div\u016f oce\u00e1nu, a proto ji mus\u00ed absolvovat ka\u017ed\u00fd objevitel. I kdy\u017e se pozorov\u00e1n\u00ed mo\u0159sk\u00fdch \u017eivo\u010dich\u016f li\u0161\u00ed, podstata t\u00e9to cesty je p\u0159esv\u011bd\u010div\u00fdm d\u016fvodem, pro\u010d se vydat do <strong>ponorka Tenerife<\/strong> dobrodru\u017estv\u00ed.<\/p>\n<h4><strong>Prozkoumejte Tenerife s ikonickou \u017elutou ponorkou<\/strong><\/h4>\n<p>Na\u0161e ikonick\u00e1 \u017elut\u00e1 ponorka, technologick\u00fd z\u00e1zrak, se pot\u00e1p\u00ed do hloubky oce\u00e1nu od 30 do 60 metr\u016f. Sta\u0148te se sv\u011bdky fascinuj\u00edc\u00ed kr\u00e1sy podmo\u0159sk\u00e9ho sv\u011bta a dozv\u00edte se o slo\u017eitostech provozu ponorky od na\u0161\u00ed zku\u0161en\u00e9 pos\u00e1dky na palub\u011b t\u00e9to ponorky. <strong>podmo\u0159sk\u00e9 safari Tenerife.<\/strong><\/p>\n<h4><strong>Podmo\u0159sk\u00e1 plavba na Tenerife, velkolep\u00e1 podmo\u0159sk\u00e1 prohl\u00eddka<\/strong><\/h4>\n<p>Na\u0161e ponorka je p\u0159izp\u016fsobena pro dokonal\u00fd pr\u016fzkum pod vodou a nab\u00edz\u00ed intimn\u00ed pohled na mo\u0159sk\u00e9 prost\u0159ed\u00ed. Zat\u00edmco setk\u00e1n\u00ed s velrybami a delf\u00edny jsou v pr\u016fb\u011bhu roku m\u00e9n\u011b \u010dast\u00e1. <strong>podmo\u0159sk\u00e9 safari Tenerife,<\/strong>\u00a0doporu\u010dujeme host\u016fm, aby si prohl\u00e9dli na\u0161e <a href=\"https:\/\/canaryvip.com\/cs\/tenerife\/boat-excursions\/?swcfpc=1\">V\u00fdlety lod\u00ed za velrybami a delf\u00edny na Tenerife<\/a> abyste m\u011bli mo\u017enost vid\u011bt tyto n\u00e1dhern\u00e9 tvory z jedine\u010dn\u00e9 perspektivy.<\/p>\n<h2>\ud83d\udea4 P\u0159ipravte se na dobrodru\u017estv\u00ed v ponorkov\u00e9m safari na Tenerife<\/h2>\n<p>Sv\u00e9 dobrodru\u017estv\u00ed zah\u00e1j\u00edte komplexn\u00ed bezpe\u010dnostn\u00ed instrukt\u00e1\u017e\u00ed, kter\u00e1 vede k n\u00e1stupu na palubu. Jakmile se usad\u00edte na sv\u00e9 sedadlo, z nich\u017e ka\u017ed\u00e9 je vybaveno vyhl\u00eddkov\u00fdm ok\u00e9nkem, p\u0159ipravte se na \u00fachvatn\u00e9 scen\u00e9rie, kter\u00e9 se v\u00e1m b\u011bhem v\u00fdletu naskytnou. <strong>podmo\u0159sk\u00e9 safari Tenerife.<\/strong><\/p>\n<h4><strong>Objevte mo\u0159skou biodiverzitu Kan\u00e1rsk\u00fdch ostrov\u016f<\/strong><\/h4>\n<p>Vody kolem Kan\u00e1rsk\u00fdch ostrov\u016f jsou pln\u00e9 \u017eivota a nab\u00edzej\u00ed \u00fa\u017easnou p\u0159ehl\u00eddku m\u00edstn\u00edch ryb, rejnok\u016f, a pokud v\u00e1m bude \u0161t\u011bst\u00ed p\u0159\u00e1t, i delf\u00edn\u016f nebo velryb, co\u017e je\u0161t\u011b umocn\u00ed v\u00e1\u0161 z\u00e1\u017eitek. <strong>ponorka Tenerife<\/strong> zku\u0161enosti.<\/p>\n<h4><strong>Vylep\u0161en\u00fd z\u00e1\u017eitek ze sledov\u00e1n\u00ed pod vodou<\/strong><\/h4>\n<p>Na\u0161e ponorka je vybavena osobn\u00edmi televizn\u00edmi obrazovkami u ka\u017ed\u00e9ho pozorovac\u00edho portu, kter\u00e9 nab\u00edzej\u00ed alternativn\u00ed pohledy a cenn\u00e9 informace o cest\u011b ponorky, v\u010detn\u011b hloubky a teploty, a obohacuj\u00ed tak v\u00e1\u0161 z\u00e1\u017eitek. <strong>podmo\u0159sk\u00e9 safari Tenerife<\/strong> dobrodru\u017estv\u00ed.<\/p>\n<h2>\u2728 Z\u00e1kladn\u00ed informace pro va\u0161e ponorkov\u00e9 safari na Tenerife<\/h2>\n<p>Na\u0161e bezkonkuren\u010dn\u00ed \u017elut\u00e1 ponorka zaji\u0161\u0165uje pohodln\u00fd a bezpe\u010dn\u00fd pr\u016fzkum pro v\u0161echny, a je tak nejlep\u0161\u00ed volbou pro <strong>ponorka Tenerife<\/strong> dobrodru\u017estv\u00ed.<\/p>\n<h4><strong>Podmo\u0159sk\u00e9 safari Tenerife, co byste m\u011bli v\u011bd\u011bt<\/strong><\/h4>\n<p>P\u0159i p\u0159ibli\u017en\u00e9 d\u00e9lce trv\u00e1n\u00ed jedn\u00e9 hodiny je pro n\u00e1s prioritou va\u0161e bezpe\u010dnost a pohodl\u00ed. Na skupinov\u00e9 rezervace se vztahuj\u00ed speci\u00e1ln\u00ed slevy, tak\u017ee se jedn\u00e1 o ide\u00e1ln\u00ed skupinovou aktivitu.<\/p>\n<h4><strong>Co uvid\u00edte<\/strong><\/h4>\n<p>P\u0159ipravte se na setk\u00e1n\u00ed s rozmanit\u00fdm mo\u0159sk\u00fdm \u017eivotem a speci\u00e1ln\u00edmi funkcemi na na\u0161\u00ed ponorce, kter\u00e9 umocn\u00ed v\u00e1\u0161 z\u00e1\u017eitek z pozorov\u00e1n\u00ed a zajist\u00ed, \u017ee ka\u017ed\u00fd okam\u017eik na palub\u011b bude nezapomenuteln\u00fd.<\/p>\n<h4><strong>Ne\u017e se vyd\u00e1te na cestu<\/strong><\/h4>\n<p>M\u011bjte sv\u016fj <strong>CanaryVIP<\/strong> p\u0159ipravte si j\u00edzdenku a zva\u017ete p\u0159\u00edpadn\u00e1 opat\u0159en\u00ed proti nevolnosti z pohybu. Toto rodinn\u00e9 dobrodru\u017estv\u00ed je vhodn\u00e9 pro \u00fa\u010dastn\u00edky od 2 let, p\u0159i\u010dem\u017e d\u011bti mlad\u0161\u00ed 16 let mus\u00ed b\u00fdt v doprovodu dosp\u011bl\u00e9 osoby.<\/p>\n<h3>\ud83d\ude99 Informace o vyzvednut\u00ed, sch\u016fzk\u00e1ch a z\u00e1sad\u00e1ch zdarma<\/h3>\n<p>Va\u0161e <strong>ponorka Tenerife<\/strong> dobrodru\u017estv\u00ed za\u010d\u00edn\u00e1 v <a href=\"https:\/\/maps.app.goo.gl\/NhudtS2DwkDHnEAP8\" target=\"_blank\" rel=\"noopener\">Puerto Amarilla Marina<\/a> v San Miguel de Abona. Pro bezprobl\u00e9mov\u00fd start se pros\u00edm ujist\u011bte, \u017ee jste se s j\u00edzdenkou dostavili alespo\u0148 15 minut p\u0159ed odjezdem.<\/p>\n<h4><strong>Bezplatn\u00e9 a placen\u00e9 slu\u017eby vyzvednut\u00ed<\/strong><\/h4>\n<p>Pro va\u0161e pohodl\u00ed nab\u00edz\u00edme bezplatn\u00e9 vyzvednut\u00ed z m\u00edst na jihu Tenerife, co\u017e v\u00e1m zajist\u00ed snadn\u00fd a pohodln\u00fd zp\u016fsob, jak se k n\u00e1m dostat. Pro na\u0161e hosty ubytovan\u00e9 na severu Tenerife je nav\u00edc k dispozici placen\u00e1 slu\u017eba vyzvednut\u00ed, kter\u00e1 umo\u017e\u0148uje p\u0159\u00edstup k na\u0161im jedine\u010dn\u00fdm z\u00e1\u017eitk\u016fm z cel\u00e9ho ostrova.<\/p>\n<h4><strong>Bezprobl\u00e9mov\u00e9 zru\u0161en\u00ed pro va\u0161e pohodl\u00ed<\/strong><\/h4>\n<p>Poskytujeme mo\u017enost zru\u0161it nebo zm\u011bnit term\u00edn a\u017e 24 hodin p\u0159ed prohl\u00eddkou bez jak\u00fdchkoli dodate\u010dn\u00fdch n\u00e1klad\u016f. Pozdn\u00ed zru\u0161en\u00ed nebo nedostaven\u00ed se na prohl\u00eddku je zpoplatn\u011bno, co\u017e je sou\u010d\u00e1st\u00ed na\u0161eho z\u00e1vazku k f\u00e9rovosti v\u016f\u010di v\u0161em na\u0161im host\u016fm.<\/p>\n<p>P\u0159ipojte se k CanaryVIP a za\u017eijte jedine\u010dn\u00fd z\u00e1\u017eitek. <strong>podmo\u0159sk\u00e9 safari Tenerife,<\/strong>\u00a0kde spojujeme bezpe\u010dnost, pot\u011b\u0161en\u00ed a respekt k mo\u0159sk\u00e9mu prost\u0159ed\u00ed do neoby\u010dejn\u00e9ho pr\u016fzkumu hlubin oce\u00e1nu. Jste p\u0159ipraveni na dobrodru\u017estv\u00ed? Pono\u0159te se s n\u00e1mi a objevte tajemstv\u00ed podmo\u0159sk\u00e9ho sv\u011bta!<\/p>","protected":false},"excerpt":{"rendered":"<p><strong>\ud83d\udd0d Ponorka Tenerife:<\/strong><br \/>\n\u2705 Bezpe\u010dn\u00e1 platba.<br \/>\n\ud83d\udc1f Objevte mo\u0159sk\u00fd \u017eivot.<br \/>\n\ud83d\ude80 1h V\u00fdlety.<br \/>\n<span>\ud83d\udd59 V\u00edce \u010dasov\u00fdch r\u00e1mc\u016f.<\/span><br \/>\n\ud83d\udcc5 Ka\u017ed\u00fd den krom\u011b soboty.<br \/>\n\ud83e\udd11 Garance nejlep\u0161\u00ed ceny.<br \/>\n\ud83d\udc6a Slevy aktivov\u00e1ny.<br \/>\n\ud83d\udd01 Do 24 hodin Zru\u0161en\u00ed.<br \/>\n\ud83c\udf0d V\u00edcejazy\u010dn\u00e1 pos\u00e1dka.<br \/>\n\ud83c\udf1f Rezervujte nyn\u00ed a u\u0161et\u0159ete!<br \/>\n\ud83d\udccd Odjezd z <a href=\"https:\/\/maps.app.goo.gl\/aeD9xSzsoLo9TsdF8\" target=\"_blank\" rel=\"noopener\">Amarilla Golf<\/a>.<\/p>","protected":false},"featured_media":10706,"comment_status":"open","ping_status":"closed","template":"","meta":{"_acf_changed":false},"product_brand":[],"product_cat":[46],"product_tag":[],"class_list":{"0":"post-10522","1":"product","2":"type-product","3":"status-publish","4":"has-post-thumbnail","6":"product_cat-boat-excursions","7":"wcpa_has_options","9":"first","10":"instock","11":"virtual","12":"purchasable","13":"product-type-simple"},"acf":[],"wcpa_form_fields":{"wcpaData":{"product":{"product_price":61,"price_html":"From&nbsp;<span class=\"woocommerce-Price-amount amount\"><bdi>61,00&nbsp;<span class=\"woocommerce-Price-currencySymbol\">&euro;<\/span><\/bdi><\/span>","original_product_price":61,"price_including_tax":61,"price_excluding_tax":61,"product_id":{"parent":10522,"variation":false},"is_variable":false,"stock_status":"instock","stock_quantity":null,"parent_sku":"CV10522","product_attributes":[],"custom_fields":[],"is_taxable":false,"product_name":"Submarine Safari Tenerife","hasImage":false},"fields":{"sec_7661bc90f5e8c6":{"extra":{"key":"sec_7661bc90f5e8c6","section_id":"sec_7661bc90f5e8c6","name":"Default","status":1,"cl_rule":"show","enableCl":false,"relations":[],"toggle":true,"title_tag":"h3","show_title":false,"showPrice":"default","form_id":11259,"form_rules":{"exclude_from_discount":true,"fee_label":"Fee","disp_hide_options_price":true,"disp_show_section_price":false,"disp_show_field_price":true,"layout_option":"standard","pric_use_as_fee":false,"process_fee_as":"woo_fee"},"layout_option":"standard"},"fields":[[{"label":"\ud83d\udcc5 Date","active":true,"required":true,"elementId":"date_9661bc90f5e8e5","picker_type":"custom","picker_mode":"single","placeholder":"","description":"","tooltip":"","name":"date_9661bc90f5e8e5","label_position":"default","desc_position":"default","enablePrice":false,"className":"","enableCl":false,"relations":[{"operator":"and","rules":[{"operator":"AND","rules":{"cl_field":"radio-group_5661bc90f5e8f5","cl_relation":"is_not_empty","cl_val":"3 Hour Trip"}}]}],"date_pic_inline":true,"date_pic_inline_hide":true,"min_date":{"type":"days","val":"2"},"max_date":{"type":"days","val":"365"},"date_pic_conf":{"disabledWeeks":[6],"disabledDates":["2024-05-19 to 2024-05-25"]},"price":"","cl_rule":"show","col":6,"type":"date","error":false,"enableDesign":false,"LabelColor":"","gt_translate_keys":["label","placeholder","description","tooltip"],"price_dependency":false,"cl_dependency":false,"value":""}],[{"active":true,"col":6,"relations":false,"cl_rule":"show","enableCl":false,"price":"","enablePrice":false,"className":"","label_position":"default","desc_position":"default","type":"content","required":false,"elementId":"content_10661bc90f5e917","label":"People","name":"content_10661bc90f5e917","contentType":"plain","value":"","error":false,"show_in_checkout":true,"inline":false,"gt_translate_keys":["label","value"],"price_dependency":false,"cl_dependency":false}],[{"active":true,"col":6,"relations":[{"operator":false,"rules":[{"operator":"AND","rules":{"cl_field":"","cl_relation":"","cl_val":""}}]}],"cl_rule":"show","enableCl":true,"price":"61","enablePrice":true,"className":"","label_position":"default","desc_position":"default","type":"radio-group","required":false,"elementId":"radio-group_5661bc90f5e923","label":"","name":"radio-group_5661bc90f5e923","values":[{"label":"\ud83d\udc64 Adult (61\u20ac)","value":"Adult","selected":true,"tempId":"aco_32","tooltip":"+15 Years","description":"","gt_translate_keys":["label","tooltip","description"]}],"layOut":"","error":false,"checkUi":"button","priceOptions":"fixed_for_all","pricingType":"fixed","enable_quantity":true,"quantity_label":"","min_quantity":"0","options_tooltip":true,"options_description":true,"gt_translate_keys":["label","quantity_label"],"price_dependency":false,"cl_dependency":false,"value":""}],[{"label":"","active":true,"required":false,"elementId":"radio-group_6661bc90f5e92d","name":"radio-group_6661bc90f5e92d","label_position":"default","desc_position":"default","enablePrice":true,"className":"","enableCl":true,"relations":[{"operator":false,"rules":[{"operator":"AND","rules":{"cl_field":"","cl_relation":"","cl_val":""}}]}],"enable_quantity":true,"quantity_label":"","min_quantity":"0","checkUi":"button","layOut":"","options_tooltip":true,"options_description":true,"values":[{"label":"\ud83d\udc66 Child (37\u20ac)","value":"Child","selected":true,"tempId":"aco_32","tooltip":"2-14 Years","description":"","gt_translate_keys":["label","tooltip","description"]}],"priceOptions":"fixed_for_all","pricingType":"fixed","price":"37","cl_rule":"show","col":6,"type":"radio-group","error":false,"gt_translate_keys":["label","quantity_label"],"price_dependency":false,"cl_dependency":false,"value":""}],[{"active":true,"col":6,"relations":false,"cl_rule":"show","enableCl":false,"price":"","enablePrice":false,"className":"","label_position":"default","desc_position":"default","type":"select","required":false,"elementId":"select_2793421639","label":"\ud83c\udf0e Tour Language","name":"select_2793421639","values":[{"label":"\ud83c\uddec\ud83c\udde7 English","value":"English","selected":false,"tempId":"aco_744","gt_translate_keys":["label"]},{"label":"\ud83c\uddea\ud83c\uddf8 Spanish","value":"Spanish","selected":false,"tempId":"aco_754","gt_translate_keys":["label"]},{"label":"\ud83c\udde9\ud83c\uddf0 Danish","value":"Danish","selected":false,"tempId":"aco_354","gt_translate_keys":["label"]},{"label":"\ud83c\udde9\ud83c\uddea Deutsch","value":"Deutsch","selected":false,"tempId":"aco_355","gt_translate_keys":["label"]},{"label":"\ud83c\uddf3\ud83c\uddf1 Dutch","value":"Dutch","selected":false,"tempId":"aco_356","gt_translate_keys":["label"]},{"label":"\ud83c\uddeb\ud83c\uddee Finnish","value":"Finnish","selected":false,"tempId":"aco_1070","gt_translate_keys":["label"]},{"label":"\ud83c\uddeb\ud83c\uddf7 French","value":"French","selected":false,"tempId":"aco_1278","gt_translate_keys":["label"]},{"label":"\ud83c\udded\ud83c\uddfa Hungarian","value":"Hungarian","selected":false,"tempId":"aco_1396","gt_translate_keys":["label"]},{"label":"\ud83c\uddee\ud83c\uddf9 Italian","value":"Italian","selected":false,"tempId":"aco_1568","gt_translate_keys":["label"]},{"label":"\ud83c\uddf5\ud83c\uddf1 Polish","value":"Polish","selected":false,"tempId":"aco_1650","gt_translate_keys":["label"]},{"label":"\ud83c\uddf7\ud83c\uddf4 Romanian","value":"Romanian","selected":false,"tempId":"aco_1660","gt_translate_keys":["label"]},{"label":"\ud83c\uddf8\ud83c\uddea Swedish","value":"Swedish","selected":false,"tempId":"aco_1922","gt_translate_keys":["label"]}],"dropdown_type":"basic","error":false,"placeholder":"Select Preferred Language","gt_translate_keys":["label","placeholder"],"price_dependency":false,"cl_dependency":false,"value":""}]]},"sec_10661bc90f5e958":{"extra":{"key":"sec_10661bc90f5e958","section_id":"sec_10661bc90f5e958","name":"Shuttle Service?","status":1,"cl_rule":"show","enableCl":false,"relations":[{"operator":false,"rules":[{"operator":"AND","rules":{"cl_field":"radio-group_5661bc90f5e8f5","cl_relation":"is_not_empty","cl_val":""}}]}],"toggle":true,"title_tag":"h4","show_title":false,"showPrice":"default","form_id":11259,"form_rules":{"exclude_from_discount":true,"fee_label":"Fee","disp_hide_options_price":true,"disp_show_section_price":false,"disp_show_field_price":true,"layout_option":"standard","pric_use_as_fee":false,"process_fee_as":"woo_fee"},"layout_option":"standard"},"fields":[[{"active":true,"col":6,"relations":false,"cl_rule":"show","enableCl":false,"price":"","enablePrice":false,"className":"","label_position":"default","desc_position":"default","type":"separator","required":false,"elementId":"separator_2797064121","label":"Separator Field","height":"4","separatorType":"blank","error":false,"gt_translate_keys":["label"],"price_dependency":false,"cl_dependency":false,"value":""}],[{"active":true,"col":6,"relations":[{"operator":false,"rules":[{"operator":"or","rules":{"cl_field":"checkbox_9661bc90f5e962","cl_relation":"is_empty","cl_val":"Adult (57\u20ac)"}},{"operator":"AND","rules":{"cl_field":"checkbox_9661bc90f5e962","cl_relation":"is","cl_val":false}}]}],"cl_rule":"show","enableCl":true,"price":"","enablePrice":false,"className":"","label_position":"default","desc_position":"default","type":"text","subtype":"text","required":false,"elementId":"text_4981331526","label":"\ud83d\ude8c South Tenerife Free Pickup","name":"text_4981331526","value":"","description":"Free pick-up service in Tenerife South. Simply provide your address or hotel name.","error":false,"gt_translate_keys":["label","description","value"],"price_dependency":false,"cl_dependency":false}],[{"active":true,"col":6,"relations":false,"cl_rule":"show","enableCl":false,"price":"","enablePrice":false,"className":"","label_position":"default","desc_position":"default","type":"separator","required":false,"elementId":"separator_8316621916","label":"Separator Field","height":"10","separatorType":"blank","gt_translate_keys":["label"],"price_dependency":false,"cl_dependency":false,"value":""}],[{"active":true,"col":6,"relations":false,"cl_rule":"show","enableCl":false,"price":"({field.radio-group_5661bc90f5e923.quantity}*13)+({field.radio-group_6661bc90f5e92d.quantity}*8)","enablePrice":true,"className":"","label_position":"default","desc_position":"below","type":"checkbox","required":false,"elementId":"checkbox_9661bc90f5e962","label":"Pickup from North Tenerife? (13\u20ac)","name":"checkbox_9661bc90f5e962","value":"","check_value":"Yes","checkUi":"toggle","error":false,"description":"Pick-up from your hotel in North Tenerife available for an extra \u20ac13\/adult and \u20ac8\/child.","pricingType":"custom","isTemplate":false,"gt_translate_keys":["label","description","value","check_value"],"price_dependency":false,"cl_dependency":["text_4981331526","text_4981331526","text-6367321769"]}],[{"label":"\ud83d\ude8c North Tenerife Pickup Location","active":true,"required":false,"elementId":"text-6367321769","value":"","description":"Pick-up service in Tenerife North. Simply provide your address or hotel name.","name":"text-6367321769","label_position":"default","desc_position":"default","enablePrice":false,"className":"","enableCl":true,"relations":[{"operator":false,"rules":[{"operator":"AND","rules":{"cl_field":"checkbox_9661bc90f5e962","cl_relation":"is","cl_val":true}}]}],"subtype":"text","price":"","cl_rule":"show","col":6,"type":"text","error":false,"gt_translate_keys":["label","description","value"],"price_dependency":false,"cl_dependency":false}]]}},"config":{"price_override":"always","enable_recaptcha":false,"bind_quantity":false,"quantity_bind_formula":false,"disp_summ_show_option_price":true,"disp_summ_show_product_price":false,"disp_summ_show_total_price":true,"disp_summ_show_fee":true,"disp_summ_show_discount":true,"summary_title":"","options_total_label":"Options Price","total_label":"Total Amount","options_product_label":"Product Price","fee_label":"Fee","discount_label":"Discount","has_price":true,"has_quantity_formula":false},"mc_unit":1,"tax_rate":1,"tax_rate_real":1,"discount":{"percentage":0,"fixed":0},"design":{"conf":{"LabelPosition":"above","DescPosition":"above","UploadField":"custom_1","QuantityFieldStyle":"custom_1"},"css":{"LeftLabelWidth":"120px"}},"formulas":[],"lookuptables":[],"clones":false,"cartKey":false}},"_links":{"self":[{"href":"https:\/\/canaryvip.com\/cs\/wp-json\/wp\/v2\/product\/10522","targetHints":{"allow":["GET"]}}],"collection":[{"href":"https:\/\/canaryvip.com\/cs\/wp-json\/wp\/v2\/product"}],"about":[{"href":"https:\/\/canaryvip.com\/cs\/wp-json\/wp\/v2\/types\/product"}],"replies":[{"embeddable":true,"href":"https:\/\/canaryvip.com\/cs\/wp-json\/wp\/v2\/comments?post=10522"}],"wp:featuredmedia":[{"embeddable":true,"href":"https:\/\/canaryvip.com\/cs\/wp-json\/wp\/v2\/media\/10706"}],"wp:attachment":[{"href":"https:\/\/canaryvip.com\/cs\/wp-json\/wp\/v2\/media?parent=10522"}],"wp:term":[{"taxonomy":"product_brand","embeddable":true,"href":"https:\/\/canaryvip.com\/cs\/wp-json\/wp\/v2\/product_brand?post=10522"},{"taxonomy":"product_cat","embeddable":true,"href":"https:\/\/canaryvip.com\/cs\/wp-json\/wp\/v2\/product_cat?post=10522"},{"taxonomy":"product_tag","embeddable":true,"href":"https:\/\/canaryvip.com\/cs\/wp-json\/wp\/v2\/product_tag?post=10522"}],"curies":[{"name":"wp","href":"https:\/\/api.w.org\/{rel}","templated":true}]}}