{"id":10465,"date":"2024-03-22T00:31:19","date_gmt":"2024-03-22T00:31:19","guid":{"rendered":"https:\/\/canaryvip.com\/?post_type=product&#038;p=10465"},"modified":"2025-08-09T12:48:53","modified_gmt":"2025-08-09T11:48:53","slug":"kayaking-tenerife","status":"publish","type":"product","link":"https:\/\/canaryvip.com\/cs\/shop\/kayaking-tenerife\/","title":{"rendered":"J\u00edzda na kajaku s \u017eelvami Tenerife"},"content":{"rendered":"<h2><strong>\ud83d\udea3 J\u00edzda na kajaku Tenerife - p\u00e1dlov\u00e1n\u00ed r\u00e1jem<\/strong><\/h2>\n<p>Objevte kr\u00e1su klidn\u00fdch vod Tenerife s na\u0161\u00ed bezkonkuren\u010dn\u00ed <strong>Dobrodru\u017estv\u00ed na kajaku.<\/strong>\u00a0. Poci\u0165te radost z proplouv\u00e1n\u00ed mo\u0159em, kde se vzru\u0161en\u00ed z aktivn\u00edho sportu snoub\u00ed s uklid\u0148uj\u00edc\u00ed n\u00e1ru\u010d\u00ed p\u0159\u00edrody. S na\u0161\u00edm <strong>j\u00edzda na kajaku Tenerife<\/strong> prohl\u00eddky, sv\u011bdectv\u00ed <a href=\"https:\/\/canaryvip.com\/cs\/tenerife\/boat-excursions\/\"><strong>pozorov\u00e1n\u00ed delf\u00edn\u016f<\/strong><\/a> a <strong>\u0161norchlov\u00e1n\u00ed s \u017eelvami<\/strong> \u0161etrn\u00fdm a neru\u0161iv\u00fdm zp\u016fsobem a nab\u00edz\u00ed ide\u00e1ln\u00ed \u00fato\u010di\u0161t\u011b pro milovn\u00edky p\u0159\u00edrody.<\/p>\n<h3><strong>\u23f1\ufe0f Pr\u016fzkum oce\u00e1nu na Tenerife na kajaku<\/strong><\/h3>\n<ul>\n<li><strong>Dobrodru\u017estv\u00ed:<\/strong> Spus\u0165te sv\u016fj <strong>j\u00edzda na kajaku Tenerife<\/strong> z pob\u0159e\u017e\u00ed Los Cristianos a vydejte se na cestu spojuj\u00edc\u00ed cvi\u010den\u00ed ve vod\u011b a kouzlo otev\u0159en\u00e9ho mo\u0159e. Na\u0161e v\u00fdlety slibuj\u00ed intenzivn\u00ed p\u00e1dlov\u00e1n\u00ed a osobn\u00ed setk\u00e1n\u00ed s pestr\u00fdm mo\u0159sk\u00fdm \u017eivotem Tenerife.<\/li>\n<li><strong>Vlastnosti:<\/strong> A\u010dkoli se pozorov\u00e1n\u00ed divok\u00e9 zv\u011b\u0159e m\u016f\u017ee li\u0161it, na\u0161e odhodl\u00e1n\u00ed poskytovat mimo\u0159\u00e1dnou <strong>j\u00edzda na kajaku Tenerife<\/strong> zku\u0161enosti z\u016fst\u00e1vaj\u00ed konstantn\u00ed.<\/li>\n<li><strong>P\u0159idan\u00e9 v\u00fdhody:<\/strong> Krom\u011b vzru\u0161uj\u00edc\u00ed j\u00edzdy na kajaku se m\u016f\u017eete vydat na \u0161norchlov\u00e1n\u00ed v k\u0159i\u0161\u0165\u00e1lov\u00fdch vod\u00e1ch Palm Mar, kter\u00e9 jsou \u00fato\u010di\u0161t\u011bm mo\u0159sk\u00fdch \u017eelv a mnoha mo\u0159sk\u00fdch druh\u016f. To obohat\u00ed va\u0161e dobrodru\u017estv\u00ed a umo\u017en\u00ed bl\u00edzk\u00e9 setk\u00e1n\u00ed s divy oce\u00e1nu.<\/li>\n<\/ul>\n<h3><strong>\ud83c\udf0a Setk\u00e1n\u00ed s mo\u0159sk\u00fdmi \u017eivo\u010dichy b\u011bhem plavby na kajaku na Tenerife<\/strong><\/h3>\n<ul>\n<li><strong>Zku\u0161enosti:<\/strong> P\u00e1dlujte v klidn\u00fdch vod\u00e1ch Tenerife na na\u0161\u00ed lodi. <strong>v\u00fdlety na kajaku<\/strong> mo\u017enost pozorovat delf\u00edny v jejich p\u0159irozen\u00e9m prost\u0159ed\u00ed. P\u0159esto\u017ee plav\u00e1n\u00ed s delf\u00edny nepovolujeme, na\u0161e v\u00fdlety v lidech vzbuzuj\u00ed pocit respektu a \u00facty k t\u011bmto n\u00e1dhern\u00fdm tvor\u016fm.<\/li>\n<li><strong>Nejd\u016fle\u017eit\u011bj\u0161\u00ed informace:<\/strong> V r\u00e1mci \u0161norchlov\u00e1n\u00ed se m\u016f\u017eete pono\u0159it do podmo\u0159sk\u00e9ho sv\u011bta, kde je velk\u00e1 pravd\u011bpodobnost, \u017ee budete plavat vedle \u017eelv a rejnok\u016f, a poznat tak n\u00e1dheru a rozmanitost mo\u0159sk\u00e9ho \u017eivota na Tenerife.<\/li>\n<li><strong>Pohodl\u00ed:<\/strong> Za mal\u00fd p\u0159\u00edplatek si m\u016f\u017eete zvolit na\u0161i slu\u017ebu vyzvednut\u00ed bez stresu, kter\u00e1 v\u00e1m zaru\u010d\u00ed hladk\u00fd za\u010d\u00e1tek va\u0161\u00ed cesty. <strong>j\u00edzda na kajaku Tenerife<\/strong> dobrodru\u017estv\u00ed. Up\u0159ednost\u0148ujeme va\u0161e pohodl\u00ed a zaji\u0161\u0165ujeme, aby ka\u017ed\u00e1 \u010d\u00e1st va\u0161\u00ed cesty byla bezprobl\u00e9mov\u00e1.<\/li>\n<\/ul>\n<h3>\ud83c\udf1f Z\u00e1kladn\u00ed informace pro v\u00e1\u0161 z\u00e1\u017eitek na kajaku na Tenerife<\/h3>\n<ul>\n<li><strong>Zaji\u0161t\u011bn\u00ed bezpe\u010dnosti<\/strong>: Ka\u017ed\u00fd <strong>j\u00edzda na kajaku Tenerife<\/strong> prohl\u00eddka je podpo\u0159ena na\u0161\u00edm z\u00e1vazkem k bezpe\u010dnosti. P\u0159ed ka\u017ed\u00fdm v\u00fdletem prov\u00e1d\u00edme podrobnou bezpe\u010dnostn\u00ed instrukt\u00e1\u017e a v\u0161echny \u00fa\u010dastn\u00edky vybavujeme nezbytnou v\u00fdbavou, v\u010detn\u011b z\u00e1chrann\u00fdch vest a \u0161norchlovac\u00edch souprav, abychom zajistili bezpe\u010dn\u00e9 a p\u0159\u00edjemn\u00e9 dobrodru\u017estv\u00ed.<\/li>\n<li><strong>V\u00edcejazy\u010dn\u00ed pr\u016fvodci<\/strong>: Na\u0161i zku\u0161en\u00ed pr\u016fvodci hovo\u0159\u00ed anglicky a \u0161pan\u011blsky a b\u011bhem cel\u00e9ho pobytu v\u00e1m poskytnou individu\u00e1ln\u00ed a informativn\u00ed v\u00fdklad. <strong>j\u00edzda na kajaku Tenerife<\/strong> exkurze. To zaji\u0161\u0165uje p\u0159\u00edjemnou atmosf\u00e9ru pro mezin\u00e1rodn\u00ed dobrodruhy, d\u00edky n\u00ed\u017e je ka\u017ed\u00fd okam\u017eik va\u0161\u00ed cesty poutav\u00fd a pou\u010dn\u00fd.<\/li>\n<li><strong>Odborn\u00e9 instrukce<\/strong>: P\u0159ed sv\u00fdm <strong>j\u00edzda na kajaku Tenerife<\/strong> N\u00e1\u0161 t\u00fdm v\u00e1m poskytne odborn\u00e9 tipy t\u00fdkaj\u00edc\u00ed se techniky j\u00edzdy na kajaku a bezpe\u010dnostn\u00edch postup\u016f. A\u0165 u\u017e jste za\u010d\u00e1te\u010dn\u00edk, nebo m\u00e1te p\u0159edchoz\u00ed zku\u0161enosti, na\u0161e veden\u00ed m\u00e1 za c\u00edl zv\u00fd\u0161it va\u0161i sebed\u016fv\u011bru a radost z j\u00edzdy na vod\u011b.<\/li>\n<\/ul>\n<h3>\ud83d\udcc5 <strong>Zajist\u011bte si sv\u00e9 dobrodru\u017estv\u00ed na kajaku na Tenerife a rezervujte si ho nyn\u00ed<\/strong><\/h3>\n<p>Na\u0161e <strong>V\u00fdlety na kajaku na Tenerife<\/strong> jsou promy\u0161len\u00e9 tak, aby v\u00e1s vt\u00e1hly do p\u0159\u00edrodn\u00edch kr\u00e1s ostrova a poskytly v\u00e1m jedine\u010dn\u00fd z\u00e1\u017eitek, kter\u00fd v\u00e1s \u00fazce spoj\u00ed s mo\u0159em.<br \/>\nM\u00edsta se rychle pln\u00ed, proto doporu\u010dujeme v\u010dasnou rezervaci. Vyberte si <strong>CanaryVIP<\/strong> pro hladk\u00fd pr\u016fb\u011bh rezervace a zaji\u0161t\u011bn\u00ed va\u0161eho m\u00edsta v tomto vodn\u00edm r\u00e1ji.<\/p>\n<h3>\u2705 <strong>Co je zahrnuto ve va\u0161\u00ed cest\u011b na kajaku na Tenerife?<\/strong><\/h3>\n<ul>\n<li>Voliteln\u00e1 slu\u017eba vyzvednut\u00ed a odvozu za symbolick\u00fd poplatek, kter\u00e1 va\u0161e dobrodru\u017estv\u00ed je\u0161t\u011b umocn\u00ed.<\/li>\n<li>V\u00fdlet s pr\u016fvodcem veden\u00fd zku\u0161en\u00fdmi instruktory, kter\u00fd spojuje j\u00edzdu na kajaku a \u0161norchlov\u00e1n\u00ed.<\/li>\n<li>P\u0159ibli\u017en\u011b 1,5 hodiny j\u00edzdy na kajaku dopln\u011bn\u00e9 30minutov\u00fdm \u0161norchlov\u00e1n\u00edm, b\u011bhem kter\u00e9ho m\u016f\u017eete prozkoumat podmo\u0159skou \u0159\u00ed\u0161i.<\/li>\n<li>\u0160atn\u00ed sk\u0159\u00ed\u0148ky pro bezpe\u010dn\u00e9 ulo\u017een\u00ed va\u0161ich v\u011bc\u00ed, zat\u00edmco si budete u\u017e\u00edvat vodn\u00ed radov\u00e1nky.<\/li>\n<li>V\u00edcejazy\u010dn\u00fd pr\u016fvodce zaji\u0161\u0165uj\u00edc\u00ed srozumitelnou komunikaci a bohat\u00e9 z\u00e1\u017eitky.<\/li>\n<\/ul>\n<h3><strong>\u2696\ufe0f Rezerva\u010dn\u00ed a storno podm\u00ednky pro j\u00edzdu na kajaku na Tenerife:<\/strong><\/h3>\n<ul>\n<li><strong>Pl\u00e1nujte dop\u0159edu:<\/strong> V\u010dasnou rezervac\u00ed si zajist\u00edte m\u00edsto a z\u00edsk\u00e1te speci\u00e1ln\u00ed slevu prost\u0159ednictv\u00edm slu\u017eby CanaryVIP. Nezapome\u0148te, \u017ee o dobrodru\u017estv\u00ed na kajaku, zejm\u00e9na ta, kter\u00e1 nab\u00edzej\u00ed setk\u00e1n\u00ed s divokou p\u0159\u00edrodou, je velk\u00fd z\u00e1jem.<\/li>\n<li><strong>Flexibiln\u00ed zru\u0161en\u00ed:<\/strong> \u017divot m\u016f\u017ee b\u00fdt nep\u0159edv\u00eddateln\u00fd. Zru\u0161en\u00ed z\u00e1jezdu do 24 hodin p\u0159ed jeho kon\u00e1n\u00edm v\u00e1m bude vr\u00e1cena cel\u00e1 \u010d\u00e1stka. Pro z\u00e1\u017eitek bez stresu ch\u00e1peme, \u017ee je t\u0159eba b\u00fdt flexibiln\u00ed.<\/li>\n<li><strong>Po\u017eadavky na \u00fa\u010dastn\u00edky:<\/strong> Vhodn\u00e9 pro osoby, kter\u00e9 jsou p\u0159im\u011b\u0159en\u011b zdatn\u00e9 a dob\u0159e se c\u00edt\u00ed ve vod\u011b. P\u0159edchoz\u00ed zku\u0161enosti s kajakem nejsou pot\u0159eba, ale \u00fa\u010dastn\u00edci by m\u011bli um\u011bt plavat p\u0159i \u0161norchlov\u00e1n\u00ed.<\/li>\n<\/ul>\n<h3><strong>\ud83c\udf92 P\u0159\u00edprava na dobrodru\u017estv\u00ed na kajaku:<\/strong><\/h3>\n<ul>\n<li><strong>Co si vz\u00edt s sebou:<\/strong> Pohodl\u00ed je pro va\u0161e dobrodru\u017estv\u00ed z\u00e1sadn\u00ed. V chladn\u011bj\u0161\u00edch dnech se obl\u00e9kn\u011bte do plavek pod neopr\u00e9nem. \u017dabky se sice nedoporu\u010duj\u00ed, ale pevn\u00e1 obuv je pro cestu nezbytn\u00e1. Nezapome\u0148te si p\u0159ibalit opalovac\u00ed kr\u00e9m, klobouk na denn\u00ed v\u00fdlety a ru\u010dn\u00edk na dobu po \u0161norchlov\u00e1n\u00ed.<\/li>\n<li><strong>Vzpom\u00ednky na fotografie:<\/strong> P\u0159esto\u017ee nenab\u00edz\u00edme fotografickou slu\u017ebu, m\u016f\u017eete si s sebou vz\u00edt fotoapar\u00e1t nebo telefon a zachytit \u00fachvatn\u00e9 v\u00fdhledy. Upozor\u0148ujeme, \u017ee no\u0161en\u00ed t\u011bchto p\u0159edm\u011bt\u016f je na vlastn\u00ed nebezpe\u010d\u00ed.<\/li>\n<li><strong>Zdrav\u00ed a bezpe\u010dnost:<\/strong> Pro zaji\u0161t\u011bn\u00ed bezpe\u010dnosti a spokojenosti v\u0161ech \u00fa\u010dastn\u00edk\u016f se aktivita nedoporu\u010duje osob\u00e1m, kter\u00e9 jsou t\u011bhotn\u00e9 d\u00e9le ne\u017e 5 m\u011bs\u00edc\u016f. Je nezbytn\u00e9, aby v\u0161ichni kajak\u00e1\u0159i m\u011bli z\u00e1kladn\u00ed plaveck\u00e9 schopnosti, zejm\u00e9na pro \u0161norchlovac\u00ed \u010d\u00e1st v\u00fdletu.<\/li>\n<\/ul>\n<h3>\u2753 <strong>\u010casto kladen\u00e9 ot\u00e1zky: Odpov\u011bdi na va\u0161e dotazy t\u00fdkaj\u00edc\u00ed se kajaku<\/strong><\/h3>\n<ul>\n<li><strong>Pot\u0159ebuji p\u0159edchoz\u00ed zku\u0161enosti s kajakem?<\/strong> V\u016fbec ne, na\u0161i pr\u016fvodci v\u00e1s sezn\u00e1m\u00ed se z\u00e1kladn\u00edmi technikami p\u00e1dlov\u00e1n\u00ed. Sta\u010d\u00ed, kdy\u017e se budete ve vod\u011b c\u00edtit pohodln\u011b a budete p\u0159ipraveni na poutav\u00fd den.<\/li>\n<li><strong>Co si m\u00e1m vz\u00edt na sebe?<\/strong> Krom\u011b plavek a opalovac\u00edho kr\u00e9mu se v chladn\u011bj\u0161\u00edch dnech doporu\u010duje nosit neopr\u00e9nov\u00fd oblek. Poskytujeme ve\u0161ker\u00e9 pot\u0159ebn\u00e9 bezpe\u010dnostn\u00ed a \u0161norchlovac\u00ed vybaven\u00ed.<\/li>\n<li><strong>Existuj\u00ed v\u011bkov\u00e1 omezen\u00ed?<\/strong> Kajak\u00e1\u0159i mus\u00ed b\u00fdt star\u0161\u00ed 6 let. D\u011bti od 6 do 11 let mus\u00ed b\u00fdt v doprovodu dosp\u011bl\u00e9 osoby.<\/li>\n<li><strong>Mohu si vym\u011bnit kajak?<\/strong> Rozhodn\u011b si m\u016f\u017eete vybrat, zda pojedete na kajaku sami, s partnerem nebo ve skupin\u011b t\u0159\u00ed osob, ani\u017e by to m\u011blo vliv na cenu.<\/li>\n<\/ul>\n<h4><strong>\ud83c\udf1e Jste p\u0159ipraveni obejmout mo\u0159e?<\/strong><\/h4>\n<p>Pono\u0159te se do nezapomenuteln\u00e9ho z\u00e1\u017eitku na kajaku u pob\u0159e\u017e\u00ed Tenerife. A\u0165 u\u017e se plav\u00edte po vod\u00e1ch Los Cristianos, obdivujete se <strong>delf\u00edny,<\/strong>\u00a0nebo <strong>\u0161norchlov\u00e1n\u00ed s \u017eelvami,<\/strong>\u00a0va\u0161e dobrodru\u017estv\u00ed s <strong>CanaryVIP<\/strong> slibuje sm\u011bs kr\u00e1sy, vzru\u0161en\u00ed a trval\u00fdch vzpom\u00ednek.<br \/>\nZarezervujte si m\u00edsto je\u0161t\u011b dnes a p\u0159ipravte se na to, \u017ee v\u00e1s ohrom\u00ed z\u00e1zraky oce\u00e1nu! \ud83d\udea3\u200d\u2640\ufe0f\ud83d\udc2c\ud83d\udc22<\/p>\n<p>Chcete-li za\u017e\u00edt jedine\u010dn\u00e9 dobrodru\u017estv\u00ed v nedot\u010den\u00fdch vod\u00e1ch Tenerife, zajist\u011bte si u n\u00e1s rezervaci v\u00fdletu na kajaku je\u0161t\u011b dnes!<\/p>","protected":false},"excerpt":{"rendered":"<p><strong>\ud83d\udd0d J\u00edzda na kajaku na Tenerife:<\/strong><br \/>\n\u2705 Bezpe\u010dn\u00e1 platba.<br \/>\n\ud83d\udc0b Pozorov\u00e1n\u00ed delf\u00edn\u016f a \u017eelv.<br \/>\n\ud83d\ude80 2h Dobrodru\u017estv\u00ed.<br \/>\n\ud83e\udd3f Vybaven\u00ed pro \u0161norchlov\u00e1n\u00ed je k dispozici.<br \/>\n\ud83d\udd59 V\u00edce \u010das\u016f odjezdu.<br \/>\n\ud83d\udcc5 K dispozici ka\u017ed\u00fd den.<br \/>\n\ud83e\udd11 Garance nejlep\u0161\u00ed ceny.<br \/>\n\ud83d\ude8d Voliteln\u00e1 kyvadlov\u00e1 doprava.<br \/>\n\ud83d\udc6a Rodinn\u00e9 a skupinov\u00e9 slevy.<br \/>\n\ud83d\udd01 Storno podm\u00ednky 24 hodin.<br \/>\n\ud83c\udf0d Anglick\u00fd a \u0161pan\u011blsk\u00fd pr\u016fvodce.<br \/>\n\ud83c\udf1f Rezervujte v\u010das a u\u0161et\u0159ete.<br \/>\n\ud83d\udccd Odjezd z <a href=\"https:\/\/maps.app.goo.gl\/g9c9rZaJv7igjr3t8\">Los Cristianos<\/a>.<\/p>","protected":false},"featured_media":10794,"comment_status":"open","ping_status":"closed","template":"","meta":{"_acf_changed":false},"product_brand":[],"product_cat":[53],"product_tag":[],"class_list":{"0":"post-10465","1":"product","2":"type-product","3":"status-publish","4":"has-post-thumbnail","6":"product_cat-water-sports","7":"wcpa_has_options","9":"first","10":"instock","11":"sale","12":"virtual","13":"purchasable","14":"product-type-simple"},"acf":[],"wcpa_form_fields":{"wcpaData":{"product":{"product_price":35,"price_html":"From&nbsp;<del aria-hidden=\"true\"><span class=\"woocommerce-Price-amount amount\"><bdi>45,00&nbsp;<span class=\"woocommerce-Price-currencySymbol\">&euro;<\/span><\/bdi><\/span><\/del> <span class=\"screen-reader-text\">P\u016fvodn\u00ed cena byla: 45,00&nbsp;&euro;.<\/span><ins aria-hidden=\"true\"><span class=\"woocommerce-Price-amount amount\"><bdi>35,00&nbsp;<span class=\"woocommerce-Price-currencySymbol\">&euro;<\/span><\/bdi><\/span><\/ins><span class=\"screen-reader-text\">Aktu\u00e1ln\u00ed cena je: 35,00&nbsp;&euro;.<\/span>","original_product_price":45,"price_including_tax":35,"price_excluding_tax":35,"product_id":{"parent":10465,"variation":false},"is_variable":false,"stock_status":"instock","stock_quantity":null,"parent_sku":"CV10465","product_attributes":[],"custom_fields":[],"is_taxable":false,"product_name":"Kayaking with Turtles Tenerife","hasImage":false},"fields":{"sec_1066337d57eb5e3":{"extra":{"key":"sec_1066337d57eb5e3","section_id":"sec_1066337d57eb5e3","name":"Default","status":1,"cl_rule":"show","enableCl":false,"relations":[],"toggle":true,"title_tag":"h3","show_title":false,"showPrice":"default","form_id":11372,"form_rules":{"exclude_from_discount":true,"fee_label":"Fee","disp_hide_options_price":true,"disp_show_section_price":false,"disp_show_field_price":true,"layout_option":"standard","pric_use_as_fee":false,"process_fee_as":"woo_fee"},"layout_option":"standard"},"fields":[[{"label":"\ud83d\udcc5 Date","active":true,"required":true,"elementId":"date_666337d57eb607","picker_type":"custom","picker_mode":"single","placeholder":"","description":"","tooltip":"","name":"date_666337d57eb607","label_position":"default","desc_position":"default","enablePrice":false,"className":"","enableCl":false,"relations":[{"operator":"and","rules":[{"operator":"AND","rules":{"cl_field":"radio-group_5661bc90f5e8f5","cl_relation":"is_not_empty","cl_val":"3 Hour Trip"}}]}],"date_pic_inline":true,"date_pic_inline_hide":true,"min_date":{"type":"days","val":"0"},"max_date":{"type":"days","val":"365"},"date_pic_conf":{"disabledWeeks":[]},"price":"","cl_rule":"show","col":6,"type":"date","error":false,"enableDesign":false,"LabelColor":"","gt_translate_keys":["label","placeholder","description","tooltip"],"price_dependency":false,"cl_dependency":false,"value":""}],[{"active":true,"col":6,"relations":false,"cl_rule":"show","enableCl":false,"price":"","enablePrice":false,"className":"","label_position":"default","desc_position":"default","type":"select","required":true,"elementId":"select_566337d57eb62f","label":"\u23f0 Departure Time","name":"select_566337d57eb62f","values":[{"label":"Whichever Time is Best","value":"Whichever Time is Best","selected":false,"tempId":"aco_312","gt_translate_keys":["label"]},{"label":"10:00","value":"10:00","selected":false,"tempId":"aco_313","gt_translate_keys":["label"]},{"label":"12:30 (12:30 PM)","value":"12:30","selected":false,"tempId":"aco_314","gt_translate_keys":["label"]},{"label":"14:00 (2:00 PM)","value":"14:00","selected":false,"tempId":"aco_711","gt_translate_keys":["label"]}],"dropdown_type":"basic","error":false,"multiple":false,"placeholder":"None","gt_translate_keys":["label","placeholder"],"price_dependency":false,"cl_dependency":false,"value":""}],[{"active":true,"col":6,"relations":false,"cl_rule":"show","enableCl":false,"price":"","enablePrice":false,"className":"","label_position":"default","desc_position":"default","type":"content","required":false,"elementId":"content_1042762875","label":"","name":"content_1042762875","contentType":"rich","value":"<p>\ud83c\udf9f\ufe0f <strong>Reservation<\/strong>: Pay only a deposit now to reserve; the rest is due on the day of the activity upon arrival.<\/p>","show_in_checkout":true,"error":false,"gt_translate_keys":["label","value"],"price_dependency":false,"cl_dependency":false}],[{"active":true,"col":6,"relations":[{"operator":false,"rules":[{"operator":"AND","rules":{"cl_field":"","cl_relation":"","cl_val":""}}]}],"cl_rule":"show","enableCl":true,"price":"35","enablePrice":true,"className":"","label_position":"default","desc_position":"default","type":"radio-group","required":false,"elementId":"radio-group_166337d57eb617","label":"","name":"radio-group_166337d57eb617","values":[{"label":"\ud83d\udc64 Adult (35\u20ac)","value":"Adult","selected":true,"tempId":"aco_32","tooltip":"+11 Years","description":"","gt_translate_keys":["label","tooltip","description"]}],"layOut":"","error":false,"checkUi":"button","priceOptions":"fixed_for_all","pricingType":"fixed","enable_quantity":true,"quantity_label":"","min_quantity":"0","options_tooltip":true,"options_description":true,"is_show_price":true,"gt_translate_keys":["label","quantity_label"],"price_dependency":false,"cl_dependency":false,"value":""}],[{"label":"","active":true,"required":false,"elementId":"radio-group_166337d57eb624","name":"radio-group_166337d57eb624","label_position":"default","desc_position":"default","enablePrice":true,"className":"","enableCl":true,"relations":[{"operator":false,"rules":[{"operator":"AND","rules":{"cl_field":"","cl_relation":"","cl_val":""}}]}],"enable_quantity":true,"quantity_label":"","min_quantity":"0","checkUi":"button","layOut":"","options_tooltip":true,"options_description":true,"values":[{"label":"\ud83d\udc66 Child (20\u20ac)","value":"Child","selected":true,"tempId":"aco_32","tooltip":"6-10 Years","description":"","gt_translate_keys":["label","tooltip","description"]}],"priceOptions":"fixed_for_all","pricingType":"fixed","price":"20","cl_rule":"show","col":6,"type":"radio-group","error":false,"is_show_price":true,"gt_translate_keys":["label","quantity_label"],"price_dependency":false,"cl_dependency":false,"value":""}],[{"active":true,"col":6,"relations":false,"cl_rule":"show","enableCl":false,"price":"","enablePrice":false,"className":"","label_position":"default","desc_position":"default","type":"separator","required":false,"elementId":"separator_9019492152","label":"Separator Field","height":"6","separatorType":"fill","error":false,"separatorColor":"#66a6b6","gt_translate_keys":["label"],"price_dependency":false,"cl_dependency":false,"value":""}],[{"active":true,"col":6,"relations":false,"cl_rule":"show","enableCl":false,"price":"({field.radio-group_166337d57eb617.quantity}*10)+({field.radio-group_166337d57eb624.quantity}*7.50)","enablePrice":true,"className":"","label_position":"default","desc_position":"default","type":"content","required":false,"elementId":"content_8712621725","label":"Deposit Now","name":"content_8712621725","contentType":"plain","value":"","error":false,"pricingType":"custom","isTemplate":false,"is_show_price":false,"show_in_checkout":true,"enableDesign":true,"LabelSize":"14px","inline":true,"gt_translate_keys":["label","value"],"price_dependency":["content-8850121983"],"cl_dependency":false}],[{"contentType":"plain","active":true,"label":"Payment at Arrival","elementId":"content-8797651822","value":"","name":"content-8797651822","enablePrice":true,"className":"","enableCl":false,"relations":false,"price":"({field.radio-group_166337d57eb617.quantity}*25)+({field.radio-group_166337d57eb624.quantity}*12.50)","cl_rule":"show","col":6,"type":"content","error":false,"is_show_price":true,"pricingType":"custom","isTemplate":false,"show_in_checkout":true,"enableDesign":true,"LabelSize":"14px","inline":true,"gt_translate_keys":["label","value"],"price_dependency":["content-8850121983"],"cl_dependency":false}],[{"contentType":"plain","active":true,"label":"Total Amount","elementId":"content-8850121983","value":"","name":"content-8850121983","enablePrice":true,"className":"","enableCl":false,"relations":false,"price":"{field.content_8712621725.price}+{field.content-8797651822.price}","cl_rule":"show","col":6,"type":"content","error":false,"is_show_price":true,"pricingType":"custom","isTemplate":false,"show_in_checkout":true,"enableDesign":true,"LabelSize":"14px","inline":true,"gt_translate_keys":["label","value"],"price_dependency":false,"cl_dependency":false}]]},"sec_he1t7j115":{"extra":{"key":"sec_he1t7j115","section_id":"sec_he1t7j115","name":"Pickup","status":1,"cl_rule":"show","enableCl":false,"relations":[],"toggle":true,"title_tag":"h4","show_title":false,"showPrice":"default","form_id":11372,"form_rules":{"exclude_from_discount":true,"fee_label":"Fee","disp_hide_options_price":true,"disp_show_section_price":false,"disp_show_field_price":true,"layout_option":"standard","pric_use_as_fee":false,"process_fee_as":"woo_fee"},"layout_option":"standard"},"fields":[[{"active":true,"col":6,"relations":false,"cl_rule":"show","enableCl":false,"price":"","enablePrice":false,"className":"","label_position":"default","desc_position":"default","type":"text","subtype":"text","required":false,"elementId":"text_0736264724","label":"\ud83d\ude8c Pickup Location","name":"text_0736264724","value":"","error":false,"description":"Pick-up service in Tenerife South available for an extra 2\u20ac per person, to be paid on arrival. Please provide your address or hotel name to book the shuttle service; if not needed, leave it blank. | For Callao Salvaje and Palm-Mar, the extra cost is 4\u20ac per person | El M\u00e9dano: 15\u20ac per car | Golf del Sur: 10\u20ac per car.","gt_translate_keys":["label","description","value"],"price_dependency":false,"cl_dependency":false}]]}},"config":{"price_override":"always","enable_recaptcha":false,"bind_quantity":false,"quantity_bind_formula":false,"disp_summ_show_option_price":true,"disp_summ_show_product_price":false,"disp_summ_show_total_price":false,"disp_summ_show_fee":true,"disp_summ_show_discount":true,"summary_title":"","options_total_label":"Options Price","total_label":"Total Amount","options_product_label":"Product Price","fee_label":"Fee","discount_label":"Discount","has_price":true,"has_quantity_formula":false},"mc_unit":1,"tax_rate":1,"tax_rate_real":1,"discount":{"percentage":0,"fixed":0},"design":{"conf":{"LabelPosition":"above","DescPosition":"above","UploadField":"custom_1","QuantityFieldStyle":"custom_1"},"css":{"LeftLabelWidth":"120px"}},"formulas":[],"lookuptables":[],"clones":false,"cartKey":false}},"_links":{"self":[{"href":"https:\/\/canaryvip.com\/cs\/wp-json\/wp\/v2\/product\/10465","targetHints":{"allow":["GET"]}}],"collection":[{"href":"https:\/\/canaryvip.com\/cs\/wp-json\/wp\/v2\/product"}],"about":[{"href":"https:\/\/canaryvip.com\/cs\/wp-json\/wp\/v2\/types\/product"}],"replies":[{"embeddable":true,"href":"https:\/\/canaryvip.com\/cs\/wp-json\/wp\/v2\/comments?post=10465"}],"wp:featuredmedia":[{"embeddable":true,"href":"https:\/\/canaryvip.com\/cs\/wp-json\/wp\/v2\/media\/10794"}],"wp:attachment":[{"href":"https:\/\/canaryvip.com\/cs\/wp-json\/wp\/v2\/media?parent=10465"}],"wp:term":[{"taxonomy":"product_brand","embeddable":true,"href":"https:\/\/canaryvip.com\/cs\/wp-json\/wp\/v2\/product_brand?post=10465"},{"taxonomy":"product_cat","embeddable":true,"href":"https:\/\/canaryvip.com\/cs\/wp-json\/wp\/v2\/product_cat?post=10465"},{"taxonomy":"product_tag","embeddable":true,"href":"https:\/\/canaryvip.com\/cs\/wp-json\/wp\/v2\/product_tag?post=10465"}],"curies":[{"name":"wp","href":"https:\/\/api.w.org\/{rel}","templated":true}]}}