{"id":10186,"date":"2024-03-28T05:27:33","date_gmt":"2024-03-28T05:27:33","guid":{"rendered":"https:\/\/canaryvip.com\/?post_type=product&#038;p=10186"},"modified":"2025-06-28T23:11:45","modified_gmt":"2025-06-28T22:11:45","slug":"rent-a-car-tenerife","status":"publish","type":"product","link":"https:\/\/canaryvip.com\/cs\/shop\/rent-a-car-tenerife\/","title":{"rendered":"P\u016fj\u010dovna aut Tenerife"},"content":{"rendered":"<h2>\ud83d\ude99 Objevte Tenerife s na\u0161\u00ed prvot\u0159\u00eddn\u00ed slu\u017ebou pron\u00e1jmu aut<\/h2>\n<p>Vychutnejte si naprostou svobodu a pozn\u00e1vejte \u00fachvatnou krajinu Tenerife vlastn\u00edm tempem. Na\u0161e <strong>P\u016fj\u010dovna aut Tenerife<\/strong> slu\u017ebu na <strong>CanaryVIP<\/strong> nab\u00edz\u00ed bezkonkuren\u010dn\u00ed pohodl\u00ed a flexibilitu p\u0159i cest\u011b na ostrov. Od slun\u011bn\u00ed na nedot\u010den\u00fdch pl\u00e1\u017e\u00edch a\u017e po p\u011b\u0161\u00ed t\u00fary po majest\u00e1tn\u00edch hor\u00e1ch. <a href=\"https:\/\/canaryvip.com\/cs\/discover-the-teide-the-ultimate-guide-iconic-volcano\/\">N\u00e1rodn\u00ed park Teide,<\/a>\u00a0a objevov\u00e1n\u00ed skryt\u00fdch klenot\u016f ostrova, na\u0161e rozmanit\u00e1 flotila je va\u0161\u00ed vstupenkou k nezapomenuteln\u00e9mu dobrodru\u017estv\u00ed.<\/p>\n<h3>\u2b50\ufe0f Pro\u010d si vybrat p\u016fj\u010dovnu aut Tenerife?<\/h3>\n<p>Volba <strong>pron\u00e1jem auta v Tenerife<\/strong> s CanaryVIP znamen\u00e1 darovat si svobodu. Ji\u017e nejste v\u00e1z\u00e1ni omezen\u00edmi ve\u0159ejn\u00e9 dopravy ani pevn\u00fdmi \u010dasov\u00fdmi pl\u00e1ny organizovan\u00fdch z\u00e1jezd\u016f, ale m\u00e1te svobodu prozkoumat tento \u00fa\u017easn\u00fd ostrov sv\u00fdm vlastn\u00edm tempem a podle sv\u00fdch z\u00e1jm\u016f.<\/p>\n<ul>\n<li><strong>Flexibilita:<\/strong> Na\u0161e <strong>p\u016fj\u010dovna aut v Tenerife<\/strong> v\u00e1m d\u00e1v\u00e1 mo\u017enost navrhnout si vlastn\u00ed trasu. Od v\u00fdchodu do z\u00e1padu slunce rozhodujete o tom, co a kdy uvid\u00edte.<\/li>\n<li><strong>Rozmanitost:<\/strong> N\u00e1\u0161 vozov\u00fd park je rozmanit\u00fd a vyhovuje v\u0161em po\u017eadavk\u016fm a pot\u0159eb\u00e1m. A\u0165 u\u017e hled\u00e1te kompaktn\u00ed v\u016fz pro v\u00fdlety po m\u011bst\u011b, nebo prostorn\u00e9 SUV pro dobrodru\u017estv\u00ed v drsn\u00e9m ter\u00e9nu v <strong>Tenerife South,<\/strong>\u00a0jsme pro v\u00e1s p\u0159ipraveni.<\/li>\n<li><strong>Konkuren\u010dn\u00ed ceny:<\/strong> Sna\u017e\u00edme se o cenovou dostupnost bez ob\u011btov\u00e1n\u00ed kvality. Na\u0161e <strong>p\u016fj\u010dovna aut<\/strong> Tenerife jsou cenov\u011b v\u00fdhodn\u00e9, tak\u017ee si m\u016f\u017eete ostrov prohl\u00e9dnout bez v\u011bt\u0161\u00edch n\u00e1klad\u016f.<\/li>\n<li><strong>Pohodl\u00ed:<\/strong> Vyzvedn\u011bte si pronajat\u00fd v\u016fz na kl\u00ed\u010dov\u00fdch m\u00edstech, jako jsou nap\u0159. <strong><a href=\"https:\/\/maps.app.goo.gl\/YAWX2KPn75tN8YMUA\" target=\"_blank\" rel=\"noopener\">Leti\u0161t\u011b Tenerife South<\/a>.<\/strong>\u00a0Od okam\u017eiku p\u0159ist\u00e1n\u00ed za\u010d\u00edn\u00e1 va\u0161e dobrodru\u017estv\u00ed na Tenerife bez prodlen\u00ed.<\/li>\n<\/ul>\n<h4>\ud83c\udf0d Prozkoumejte Tenerife jako nikdy p\u0159edt\u00edm<\/h4>\n<p>P\u016fvab Tenerife nespo\u010d\u00edv\u00e1 jen ve zn\u00e1m\u00fdch pl\u00e1\u017e\u00edch a turistick\u00fdch m\u00edstech, ale tak\u00e9 v m\u00e9n\u011b zn\u00e1m\u00fdch lokalit\u00e1ch. Na <strong>pron\u00e1jem auta Tenerife,<\/strong>\u00a0budete p\u0159ipraveni prozkoumat bohatou historii ostrova, jeho \u017eivou kulturu a \u00fachvatn\u00e9 p\u0159\u00edrodn\u00ed kr\u00e1sy. Proj\u00ed\u017ed\u011bjte malebn\u00fdmi vesni\u010dkami, nav\u0161tivte m\u00edstn\u00ed trhy a najd\u011bte si sv\u016fj vlastn\u00ed kousek r\u00e1je na odlehl\u00fdch pl\u00e1\u017e\u00edch.<\/p>\n<h4>\ud83d\udd0d Objevte v\u00edce s pron\u00e1jmem auta v Tenerife<\/h4>\n<p>Na Tenerife je ka\u017ed\u00fd krok nov\u00fdm objevem a s <strong>P\u016fj\u010dovna aut CanaryVIP v Tenerife,<\/strong>\u00a0m\u016f\u017eete se vydat za ka\u017ed\u00fdm z\u00e1padem slunce, vyl\u00e9zt na ka\u017edou horu a kochat se ka\u017ed\u00fdm v\u00fdhledem. Vydejte se za hranice pr\u016fvodc\u016f a vytvo\u0159te ze sv\u00e9 cesty antologii osobn\u00edch z\u00e1\u017eitk\u016f a nezapomenuteln\u00fdch vzpom\u00ednek.<\/p>\n<h4>\u2705 Snadn\u00e1 rezervace<\/h4>\n<p>N\u00e1\u0161 rezerva\u010dn\u00ed proces je jednoduch\u00fd a u\u017eivatelsky p\u0159\u00edv\u011btiv\u00fd. Vyberte si preferovan\u00e9 vozidlo, zvolte si dobu pron\u00e1jmu a p\u0159idejte p\u0159\u00edpadn\u00e9 dopl\u0148ky - to v\u0161e na n\u011bkolik kliknut\u00ed. Na\u0161\u00edm c\u00edlem je, aby va\u0161e <strong>pron\u00e1jem auta Tenerife<\/strong> co nejhlad\u0161\u00ed a nejbezprobl\u00e9mov\u011bj\u0161\u00ed z\u00e1\u017eitek.<\/p>\n<h4>\ud83d\udee1\ufe0f Bezpe\u010dnost a pohodl\u00ed<\/h4>\n<p>Va\u0161e bezpe\u010dnost a pohodl\u00ed jsou prvo\u0159ad\u00e9. Ka\u017ed\u00e9 vozidlo v na\u0161em vozov\u00e9m parku je pe\u010dliv\u011b udr\u017eov\u00e1no, aby spl\u0148ovalo nejvy\u0161\u0161\u00ed standardy bezpe\u010dnosti a v\u00fdkonnosti. Kdy\u017e se rozhodnete pro <strong>pron\u00e1jem auta Tenerife South,<\/strong>\u00a0m\u016f\u017eete si b\u00fdt jisti, \u017ee je o va\u0161e pohodl\u00ed a blaho postar\u00e1no.<\/p>\n<h4>\ud83c\udf31 Udr\u017eiteln\u00e9 cestov\u00e1n\u00ed<\/h4>\n<p>Zav\u00e1zali jsme se k ekologick\u00fdm cestovn\u00edm iniciativ\u00e1m. N\u00e1\u0161 v\u00fdb\u011br vozidel zahrnuje varianty, kter\u00e9 jsou \u0161etrn\u00e9 k \u017eivotn\u00edmu prost\u0159ed\u00ed a umo\u017e\u0148uj\u00ed v\u00e1m prozkoumat p\u0159\u00edrodn\u00ed kr\u00e1sy Tenerife a z\u00e1rove\u0148 minimalizovat va\u0161i uhl\u00edkovou stopu.<\/p>\n<h4>\ud83d\udd11 Odemkn\u011bte to nejlep\u0161\u00ed z Tenerife<\/h4>\n<p>Tenerife je ostrov nekone\u010dn\u00e9ho dobrodru\u017estv\u00ed a kr\u00e1sy, od sluncem zalit\u00e9ho pob\u0159e\u017e\u00ed a\u017e po mystick\u00e9 v\u00fd\u0161iny Teide. S na\u0161\u00edm <strong>p\u016fj\u010dovny aut,<\/strong>\u00a0ka\u017ed\u00fd kout tohoto okouzluj\u00edc\u00edho ostrova je na dosah. <strong>Pron\u00e1jem auta Tenerife<\/strong> a vydejte se na cestu plnou objev\u016f a z\u00e1zrak\u016f.<\/p>\n<h3>\ud83d\udcd6 Jak rezervovat pron\u00e1jem auta<\/h3>\n<p>Z\u00edsk\u00e1n\u00ed <strong>pron\u00e1jem auta v Tenerife<\/strong> je vzd\u00e1len jen n\u011bkolik kliknut\u00ed. N\u00e1\u0161 intuitivn\u00ed online rezerva\u010dn\u00ed syst\u00e9m je navr\u017een pro va\u0161e pohodl\u00ed a umo\u017e\u0148uje v\u00e1m vybrat si v\u016fz, nastavit dobu pron\u00e1jmu a snadno spravovat rezervaci. Potvrzen\u00ed je rychl\u00e9 a zajist\u00ed, \u017ee budete p\u0159ipraveni na pr\u016fzkum hned po p\u0159\u00edjezdu.<\/p>\n<h4>\ud83d\ude80 Va\u0161e dobrodru\u017estv\u00ed \u010dek\u00e1<\/h4>\n<p>Dobrodru\u017estv\u00ed na Tenerife nen\u00ed jen o destinac\u00edch, ale i o cest\u00e1ch mezi nimi. Ka\u017ed\u00e1 trasa, kterou se sv\u00fdm <strong>p\u016fj\u010den\u00ed auta Tenerife<\/strong> objev\u00edte n\u011bco nov\u00e9ho - skrytou z\u00e1toku, \u00fachvatnou vyhl\u00eddku nebo m\u00edstn\u00ed restauraci, kter\u00e1 nab\u00edz\u00ed chut\u011b, je\u017e jste je\u0161t\u011b nikdy neochutnali. S CanaryVIP se v\u00e1m zp\u0159\u00edstupn\u00ed nejl\u00e9pe st\u0159e\u017een\u00e1 tajemstv\u00ed ostrova a va\u0161e cesta se prom\u011bn\u00ed v honbu za z\u00e1\u017eitky.<\/p>\n<h4>\u23f3 Po\u010d\u00edtejte s ka\u017ed\u00fdm okam\u017eikem<\/h4>\n<p>Kdy\u017e <strong>pron\u00e1jem auta na Tenerife,<\/strong>\u00a0neu\u0161et\u0159\u00edte jen \u010das - vyu\u017eijete ka\u017ed\u00fd okam\u017eik sv\u00e9 dovolen\u00e9. Vyje\u010fte na \u00fachvatn\u00e9 \u00fatesy Los Gigantes a pozorujte z\u00e1pad slunce nebo najd\u011bte klid na klidn\u00fdch stezk\u00e1ch venkovsk\u00e9ho parku Anaga. \u010cas na Tenerife m\u016f\u017eete str\u00e1vit podle sv\u00fdch p\u0159edstav, bez omezen\u00ed pl\u00e1novan\u00fdmi v\u00fdlety a ve\u0159ejnou dopravou.<\/p>\n<h4>\ud83e\uddf3 Na m\u00edru va\u0161im pot\u0159eb\u00e1m<\/h4>\n<p>Proto\u017ee ch\u00e1peme, \u017ee ka\u017ed\u00fd cestuj\u00edc\u00ed m\u00e1 jedine\u010dn\u00e9 pot\u0159eby, na\u0161e <strong>p\u016fj\u010dovna aut Tenerife<\/strong> slu\u017eby nab\u00edzej\u00ed \u0161irokou \u0161k\u00e1lu mo\u017enost\u00ed, kter\u00e9 vyhovuj\u00ed v\u0161em preferenc\u00edm a po\u017eadavk\u016fm. Od luxusn\u00edch kabriolet\u016f, kter\u00e9 v\u00e1m umo\u017en\u00ed c\u00edtit v\u00e1nek od oce\u00e1nu, a\u017e po rodinn\u00e9 minivany vybaven\u00e9 pro pohodl\u00ed, <strong>CanaryVIP<\/strong> zajist\u00ed, \u017ee va\u0161e vozidlo bude odpov\u00eddat va\u0161im p\u0159edstav\u00e1m o cest\u011b.<\/p>\n<h3>\ud83c\udf1f Z\u00e1vazek k dokonalosti<\/h3>\n<p>Na adrese <strong>CanaryVIP<\/strong>, dokonalost je z\u00e1kladem v\u0161eho, co d\u011bl\u00e1me. Sna\u017e\u00edme se p\u0159ekonat va\u0161e o\u010dek\u00e1v\u00e1n\u00ed, od kvality na\u0161ich vozidel a\u017e po na\u0161e slu\u017eby z\u00e1kazn\u00edk\u016fm. N\u00e1\u0161 t\u00fdm je v\u017edy p\u0159ipraven nab\u00eddnout doporu\u010den\u00ed, pomoci s trasami nebo poskytnout jakoukoli podporu, kterou budete pot\u0159ebovat b\u011bhem sv\u00e9ho <strong>pron\u00e1jem auta Tenerife<\/strong> zku\u0161enosti. Nejsme jen slu\u017eba, jsme v\u00e1\u0161 partner pro cestov\u00e1n\u00ed na Tenerife.<\/p>\n<h4>\ud83d\udddd\ufe0f Vyu\u017eijte p\u0159\u00edle\u017eitost<\/h4>\n<p>Kr\u00e1sy Tenerife na nikoho ne\u010dekaj\u00ed a s CanaryVIP nebylo nikdy snaz\u0161\u00ed vyu\u017e\u00edt p\u0159\u00edle\u017eitosti k prozkoum\u00e1n\u00ed tohoto ostrovn\u00edho r\u00e1je. Nenechte si mo\u017enost vytvo\u0159it si vlastn\u00ed dobrodru\u017estv\u00ed proklouznout mezi prsty. <strong>Pron\u00e1jem auta Tenerife<\/strong> a p\u0159evezm\u011bte kontrolu nad svou dovolenou a vytvo\u0159te si cestu, kter\u00e1 bude stejn\u011b jedine\u010dn\u00e1 jako vy.<\/p>\n<h4>\u2764\ufe0f Rezervujte si j\u00edzdu sn\u016f je\u0161t\u011b dnes<\/h4>\n<p>Jste p\u0159ipraveni prozkoumat Tenerife podle sv\u00fdch p\u0159edstav?<\/p>\n<p>Nav\u0161tivte <strong>CanaryVIP<\/strong> a rezervujte si dokonal\u00fd pron\u00e1jem auta. Sta\u010d\u00ed p\u00e1r kliknut\u00ed a budete na cest\u011b na nezapomenutelnou cestu plnou objev\u016f, svobody a \u010dist\u00e9 radosti z pozn\u00e1v\u00e1n\u00ed.<\/p>\n<p>Va\u0161e dobrodru\u017estv\u00ed \u010dek\u00e1 se slu\u017ebou CanaryVIP Rent a Car Tenerife - rezervujte si nyn\u00ed a objevte kouzlo Tenerife.<\/p>","protected":false},"excerpt":{"rendered":"<p><strong>\ud83d\udd0d P\u016fj\u010dovna aut Tenerife:<\/strong><br \/>\n\u2705 Bezpe\u010dn\u00e1 platba.<br \/>\n\ud83d\ude99 V\u00edce mo\u017enost\u00ed voz\u016f.<br \/>\n\ud83d\ude80 Od 1 do 30 dn\u016f.<br \/>\n\u2705 Poji\u0161t\u011bn\u00ed v cen\u011b.<br \/>\n\ud83c\udfc1 Neomezen\u00fd po\u010det kilometr\u016f.<br \/>\n\ud83d\udc64 +25 let m\u016f\u017ee \u0159\u00eddit.<br \/>\n\ud83e\udd11 Garance nejlep\u0161\u00ed ceny.<br \/>\n\ud83d\ude8d Doru\u010den\u00ed do va\u0161eho hotelu zdarma.<br \/>\n\u2708\ufe0f Doru\u010den\u00ed a vyzvednut\u00ed na leti\u0161ti.<br \/>\n\ud83d\udc6a Slevy aktivov\u00e1ny.<br \/>\n\ud83c\udf1f Rezervujte nyn\u00ed a u\u0161et\u0159ete!<\/p>","protected":false},"featured_media":10916,"comment_status":"open","ping_status":"closed","template":"","meta":{"_acf_changed":false},"product_brand":[],"product_cat":[83],"product_tag":[],"class_list":{"0":"post-10186","1":"product","2":"type-product","3":"status-publish","4":"has-post-thumbnail","6":"product_cat-rentals","7":"wcpa_has_options","9":"first","10":"instock","11":"virtual","12":"purchasable","13":"product-type-simple"},"acf":[],"wcpa_form_fields":{"wcpaData":{"product":{"product_price":50,"price_html":"From&nbsp;<span class=\"woocommerce-Price-amount amount\"><bdi>50,00&nbsp;<span class=\"woocommerce-Price-currencySymbol\">&euro;<\/span><\/bdi><\/span>","original_product_price":50,"price_including_tax":50,"price_excluding_tax":50,"product_id":{"parent":10186,"variation":false},"is_variable":false,"stock_status":"instock","stock_quantity":null,"parent_sku":"CV10186","product_attributes":[],"custom_fields":[],"is_taxable":false,"product_name":"Rent a Car Tenerife","hasImage":false},"fields":{"sec_4668282996d361":{"extra":{"key":"sec_4668282996d361","section_id":"sec_4668282996d361","name":"Contact us","status":1,"cl_rule":"show","enableCl":false,"relations":[],"toggle":true,"title_tag":"h3","show_title":false,"showPrice":"default","form_id":12153,"form_rules":{"exclude_from_discount":true,"fee_label":"Fee","disp_hide_options_price":true,"disp_show_section_price":false,"disp_show_field_price":true,"layout_option":"standard","pric_use_as_fee":false,"process_fee_as":"woo_fee"},"layout_option":"standard"},"fields":[[{"active":true,"col":6,"relations":false,"cl_rule":"show","enableCl":false,"price":"","enablePrice":false,"className":"","label_position":"default","desc_position":"default","type":"content","required":false,"elementId":"content_8291538701","label":"","name":"content_8291538701","contentType":"rich","value":"<p><a href=\"https:\/\/api.whatsapp.com\/send\/?phone=34629670312&amp;text&amp;type=phone_number&amp;app_absent=0\" target=\"_blank\"><strong>Contact us on WhatsApp<\/strong><\/a><strong> to get a personalized price for this activity\/excursion\/rental.<\/strong><\/p>","error":false,"subtype":"div","gt_translate_keys":["label","value"],"price_dependency":false,"cl_dependency":false}]]},"sec_16644ac1d03e64":{"extra":{"key":"sec_16644ac1d03e64","section_id":"sec_16644ac1d03e64","name":"Default","status":1,"cl_rule":"show","enableCl":false,"relations":[],"toggle":true,"title_tag":"h3","show_title":false,"showPrice":"default","form_id":11506,"form_rules":{"exclude_from_discount":true,"fee_label":"Fee","disp_hide_options_price":true,"disp_show_section_price":false,"disp_show_field_price":true,"layout_option":"standard","pric_use_as_fee":false,"process_fee_as":"woo_fee"},"layout_option":"standard"},"fields":[]}},"config":{"price_override":"","enable_recaptcha":false,"bind_quantity":false,"quantity_bind_formula":false,"disp_summ_show_option_price":true,"disp_summ_show_product_price":true,"disp_summ_show_total_price":true,"disp_summ_show_fee":true,"disp_summ_show_discount":true,"summary_title":"","options_total_label":"Options Price","total_label":"Total","options_product_label":"Product Price","fee_label":"Fee","discount_label":"Discount","has_price":true,"has_quantity_formula":false},"mc_unit":1,"tax_rate":1,"tax_rate_real":1,"discount":{"percentage":0,"fixed":0},"design":{"conf":{"LabelPosition":"above","DescPosition":"above","UploadField":"custom_1","QuantityFieldStyle":"custom_1"},"css":{"LeftLabelWidth":"120px"}},"formulas":[],"lookuptables":[],"clones":false,"cartKey":false}},"_links":{"self":[{"href":"https:\/\/canaryvip.com\/cs\/wp-json\/wp\/v2\/product\/10186","targetHints":{"allow":["GET"]}}],"collection":[{"href":"https:\/\/canaryvip.com\/cs\/wp-json\/wp\/v2\/product"}],"about":[{"href":"https:\/\/canaryvip.com\/cs\/wp-json\/wp\/v2\/types\/product"}],"replies":[{"embeddable":true,"href":"https:\/\/canaryvip.com\/cs\/wp-json\/wp\/v2\/comments?post=10186"}],"wp:featuredmedia":[{"embeddable":true,"href":"https:\/\/canaryvip.com\/cs\/wp-json\/wp\/v2\/media\/10916"}],"wp:attachment":[{"href":"https:\/\/canaryvip.com\/cs\/wp-json\/wp\/v2\/media?parent=10186"}],"wp:term":[{"taxonomy":"product_brand","embeddable":true,"href":"https:\/\/canaryvip.com\/cs\/wp-json\/wp\/v2\/product_brand?post=10186"},{"taxonomy":"product_cat","embeddable":true,"href":"https:\/\/canaryvip.com\/cs\/wp-json\/wp\/v2\/product_cat?post=10186"},{"taxonomy":"product_tag","embeddable":true,"href":"https:\/\/canaryvip.com\/cs\/wp-json\/wp\/v2\/product_tag?post=10186"}],"curies":[{"name":"wp","href":"https:\/\/api.w.org\/{rel}","templated":true}]}}