{"id":10109,"date":"2024-02-25T19:09:18","date_gmt":"2024-02-25T19:09:18","guid":{"rendered":"https:\/\/canaryvip.com\/?post_type=product&#038;p=10109"},"modified":"2025-11-25T16:28:10","modified_gmt":"2025-11-25T16:28:10","slug":"gulliver-private-yacht-charter-tenerife","status":"publish","type":"product","link":"https:\/\/canaryvip.com\/cs\/shop\/gulliver-private-yacht-charter-tenerife\/","title":{"rendered":"Gulliver: P\u016fj\u010dovna jachet Tenerife"},"content":{"rendered":"<h2><strong>\ud83d\udee5\ufe0f Gulliver Yacht = nezapomenuteln\u00e9 okam\u017eiky<\/strong><\/h2>\n<p>Vydejte se do sv\u011bta n\u00e1mo\u0159n\u00edho pot\u011b\u0161en\u00ed na jacht\u011b Gulliver, nejlep\u0161\u00ed rodinn\u00e9 jacht\u011b na Tenerife, kter\u00e1 je navr\u017eena tak, aby nab\u00edzela dokonalou kombinaci vzru\u0161en\u00ed, voln\u00e9ho \u010dasu a nezapomenuteln\u00fdch z\u00e1\u017eitk\u016f. Tento 20metrov\u00fd klenot p\u0159ipravuje p\u016fdu pro jedine\u010dn\u00e9 n\u00e1mo\u0159n\u00ed dobrodru\u017estv\u00ed, ide\u00e1ln\u00ed pro rodiny a skupiny, kter\u00e9 hledaj\u00ed exkluzivn\u00ed kousek oce\u00e1nsk\u00e9ho r\u00e1je.<\/p>\n<h3>\u2b50\ufe0f <strong>Bezmezn\u00e1 radost a pohodl\u00ed na palub\u011b<\/strong><\/h3>\n<p><span style=\"text-decoration: underline;\"><strong>Objevte v\u00fdjime\u010dn\u00e9 vlastnosti vozu Gulliver:<\/strong><\/span><\/p>\n<ul>\n<li>Prostorn\u00e1 paluba navr\u017een\u00e1 pro maxim\u00e1ln\u00ed rodinnou z\u00e1bavu.<\/li>\n<li>P\u0159\u00edjemn\u00e9 slune\u010dn\u00ed podlo\u017eky pro pohodln\u00e9 slun\u011bn\u00ed.<\/li>\n<li>Osv\u011b\u017euj\u00edc\u00ed vodn\u00ed hra\u010dky v\u010detn\u011b nafukovac\u00ed skluzavky, paddleboard\u016f a podvodn\u00edch sk\u00fatr\u016f pro v\u0161echny v\u011bkov\u00e9 kategorie.<\/li>\n<li>Bohat\u00e9 mo\u017enosti stravov\u00e1n\u00ed pro r\u016fzn\u00e9 dietn\u00ed pot\u0159eby v\u010detn\u011b bezlepkov\u00fdch j\u00eddel.<\/li>\n<li>Neomezen\u00e9 ob\u010derstven\u00ed: nealkoholick\u00e9 n\u00e1poje, v\u00edno, pivo, sangria a cava, kter\u00e9 v\u00e1m zp\u0159\u00edjemn\u00ed cestu po mo\u0159i.<\/li>\n<\/ul>\n<h4>\ud83d\udea4 <strong>Vydejte se na objevitelskou cestu<\/strong><\/h4>\n<p>Va\u0161e dobrodru\u017estv\u00ed za\u010d\u00edn\u00e1 v <a href=\"https:\/\/www.google.com\/maps\/place\/Puerto+Col%C3%B3n\/@28.078002,-16.7394902,17z\/data=!3m2!4b1!5s0xc6a97433884bdf9:0x76d293b7b99db23a!4m6!3m5!1s0xc6a9743509c9ebf:0xd62345524f768247!8m2!3d28.078002!4d-16.7369153!16s%2Fg%2F11c6cqryw_?entry=ttu\" target=\"_blank\" rel=\"noopener\">Puerto Col\u00f3n<\/a>, v srdci pestr\u00e9ho podmo\u0159sk\u00e9ho \u017eivota Costa Adeje, kde na v\u00e1s \u010dek\u00e1 lo\u010f Gulliver, aby v\u00e1s odvezla na intimn\u00ed plavbu omezenou na 12 host\u016f. To zaru\u010duje osobn\u00ed a exkluzivn\u00ed z\u00e1\u017eitek, a\u0165 u\u017e se plav\u00edte n\u011bkolik hodin, nebo se vyd\u00e1v\u00e1te na velkolep\u00fd pr\u016fzkum.<\/p>\n<h4>\ud83c\udf0a <strong>Zapojte se do jedine\u010dn\u00fdch n\u00e1mo\u0159n\u00edch aktivit<\/strong><\/h4>\n<p>Jakmile nastoup\u00edte na palubu lodi Gulliver, \u010dek\u00e1 v\u00e1s dobrodru\u017estv\u00ed. Podmaniv\u00e9 vody Tenerife se stanou va\u0161\u00edm h\u0159i\u0161t\u011bm a nab\u00eddnou v\u00e1m neomezen\u00e9 mo\u017enosti z\u00e1bavy a objevov\u00e1n\u00ed. Pono\u0159te se do osv\u011b\u017euj\u00edc\u00ed n\u00e1ru\u010de mo\u0159e, svezte se na vln\u00e1ch na paddleboardu nebo prozkoumejte podmo\u0159sk\u00fd sv\u011bt s na\u0161\u00edm \u0161pi\u010dkov\u00fdm \u0161norchlovac\u00edm vybaven\u00edm. Ka\u017ed\u00e1 aktivita je vytvo\u0159ena tak, aby va\u0161e mo\u0159sk\u00e9 dobrodru\u017estv\u00ed bylo skute\u010dn\u011b nezapomenuteln\u00e9, a vyb\u00edz\u00ed v\u00e1s k vytvo\u0159en\u00ed vzpom\u00ednek, kter\u00e9 v\u00e1m z\u016fstanou na cel\u00fd \u017eivot.<\/p>\n<h4>\ud83d\udc2c <strong>Zv\u00fd\u0161en\u00e1 elegance za v\u00fdjime\u010dnou cenu<\/strong><\/h4>\n<p>CanaryVIP zvy\u0161uje <a href=\"https:\/\/canaryvip.com\/cs\/tenerife\/boat-hire-tenerife\/?swcfpc=1\">pron\u00e1jem jachet<\/a> Gulliver, kter\u00fd spojuje opulentn\u00ed luxus s bezkonkuren\u010dn\u00ed hodnotou. Objevte dobrodru\u017estv\u00ed, kde se cenov\u00e1 dostupnost snoub\u00ed se sofistikovanost\u00ed, s konkurenceschopn\u00fdmi cenami, kter\u00e9 zahrnuj\u00ed ve\u0161ker\u00e9 vybaven\u00ed a slu\u017eby nezbytn\u00e9 pro pozoruhodnou cestu po mo\u0159i.<\/p>\n<h3>\ud83d\udd52 <strong>Vyberte si sv\u00e9 dobrodru\u017estv\u00ed: Od jednodenn\u00edch charter\u016f po prodlou\u017een\u00e9 pobyty<\/strong><\/h3>\n<ul>\n<li><b>3,5hodinov\u00fd charter: <\/b>Hled\u00e1te z\u00e1bavn\u00fd a snadn\u00fd zp\u016fsob, jak si u\u017e\u00edt oce\u00e1n? Tento 3,5hodinov\u00fd soukrom\u00fd charter je ide\u00e1ln\u00ed pro rodiny nebo skupiny, kter\u00e9 se cht\u011bj\u00ed v klidu sezn\u00e1mit s n\u00e1dhern\u00fdm pob\u0159e\u017e\u00edm Tenerife. Plavte, \u0161norchlujte a u\u017e\u00edvejte si mo\u0159sk\u00e9ho v\u00e1nku, p\u0159i\u010dem\u017e vyu\u017eijte n\u00e1\u0161 palubn\u00ed tobog\u00e1n - obl\u00edben\u00fd u d\u011bt\u00ed i dosp\u011bl\u00fdch!<\/li>\n<li><b>P\u011btihodinov\u00fd charter: <\/b><span style=\"font-weight: 400;\">Pot\u0159ebujete v\u00edce \u010dasu na pr\u016fzkum? P\u011btihodinov\u00fd charter v\u00e1m poskytne dokonalou rovnov\u00e1hu mezi dobrodru\u017estv\u00edm a odpo\u010dinkem. Budete se plavit pod\u00e9l pob\u0159e\u017e\u00ed, kotvit ve skryt\u00fdch z\u00e1tok\u00e1ch a u\u017e\u00edvat si koup\u00e1n\u00ed, \u0161norchlov\u00e1n\u00ed a opalov\u00e1n\u00ed. Pro dal\u0161\u00ed z\u00e1bavu na vod\u011b je samoz\u0159ejm\u011b v\u017edy p\u0159ipraven tobog\u00e1n. Ide\u00e1ln\u00ed pro ty, kte\u0159\u00ed cht\u011bj\u00ed v\u0161e pojmout sv\u00fdm vlastn\u00edm tempem.<\/span><\/li>\n<li><b>7hodinov\u00fd charter - v\u00fdlet do Los Gigantes: <\/b><span style=\"font-weight: 400;\">N\u00e1\u0161 sedmihodinov\u00fd charter v\u00e1s zavede a\u017e k dramatick\u00fdm \u00fates\u016fm Los Gigantes - jednomu z nejzn\u00e1m\u011bj\u0161\u00edch p\u0159\u00edrodn\u00edch div\u016f Tenerife, kde za\u017eijete nezapomenuteln\u00fd den na mo\u0159i. Po cest\u011b budete m\u00edt dostatek \u010dasu na koup\u00e1n\u00ed, \u0161norchlov\u00e1n\u00ed a vychutn\u00e1n\u00ed si ka\u017ed\u00e9ho koutu t\u00e9to \u00fachvatn\u00e9 cesty. Vodn\u00ed skluzavka na palub\u011b dod\u00e1v\u00e1 lodi hrav\u00fd n\u00e1dech, tak\u017ee se stane hitem pro skupiny, rodiny nebo p\u00e1ry, kter\u00e9 cht\u011bj\u00ed poznat Tenerife ze zcela nov\u00e9 perspektivy.<\/span><\/li>\n<\/ul>\n<h3>\u2705 <strong>V\u0161e, co pot\u0159ebujete pro dokonal\u00fd den na mo\u0159i<\/strong><\/h3>\n<ul>\n<li>Bezplatn\u00e9 gurm\u00e1nsk\u00e9 kousky a neomezen\u00e9 mno\u017estv\u00ed n\u00e1poj\u016f pro v\u0161echny v\u011bkov\u00e9 kategorie.<\/li>\n<li>Zku\u0161en\u00e1, v\u00edcejazy\u010dn\u00e1 pos\u00e1dka p\u0159ipraven\u00e1 vyhov\u011bt v\u0161em va\u0161im pot\u0159eb\u00e1m, v\u010detn\u011b specializovan\u00e9 serv\u00edrky a kapit\u00e1na.<\/li>\n<li>Kompletn\u00ed vybaven\u00ed pro \u0161norchlov\u00e1n\u00ed a podvodn\u00ed dobrodru\u017estv\u00ed.<\/li>\n<li>VIP zach\u00e1zen\u00ed s pohodln\u00fdmi sedadly a dostatkem prostoru pro ka\u017ed\u00e9ho hosta.<\/li>\n<\/ul>\n<h3>\ud83d\udccd <strong>Odjezd z Puerto Col\u00f3n: Br\u00e1na k dobrodru\u017estv\u00ed<\/strong><\/h3>\n<p>Puerto Col\u00f3n se nach\u00e1z\u00ed u br\u00e1ny 3 v ru\u0161n\u00e9m centru Costa Adeje a je ide\u00e1ln\u00edm v\u00fdchoz\u00edm bodem pro va\u0161e z\u00e1\u017eitky na jacht\u011b Gulliver. P\u0159ije\u010fte pouh\u00fdch 15 minut p\u0159ed pl\u00e1novan\u00fdm odjezdem, abyste si zajistili bezprobl\u00e9mov\u00fd za\u010d\u00e1tek dobrodru\u017estv\u00ed, a pohodln\u011b zaparkujte v p\u0159\u00edstavu, abyste se k n\u011bmu snadno dostali.<\/p>\n<h4>\ud83d\udcdc <strong>Bezprobl\u00e9mov\u00e1 rezervace a jasn\u00e9 z\u00e1sady pro klidnou mysl<\/strong><\/h4>\n<p>V\u00fdlet na jachtu Gulliver je navr\u017een tak, aby byl co nejplynulej\u0161\u00ed, od okam\u017eiku rezervace a\u017e po n\u00e1stup na palubu. Spole\u010dnost CanaryVIP up\u0159ednost\u0148uje va\u0161e pohodl\u00ed a bezpe\u010dnost a zaji\u0161\u0165uje, aby ka\u017ed\u00fd aspekt va\u0161\u00ed cesty byl zaji\u0161t\u011bn srozumiteln\u011b a pe\u010dliv\u011b.<\/p>\n<ul>\n<li><strong>Z\u00e1ruka po\u010das\u00ed<\/strong>: Sledujeme mo\u0159e, aby plavba prob\u00edhala hladce. V p\u0159\u00edpad\u011b nep\u0159\u00edzniv\u00fdch podm\u00ednek si m\u016f\u017eete vybrat mezi zm\u011bnou term\u00ednu nebo vr\u00e1cen\u00edm pen\u011bz v pln\u00e9 v\u00fd\u0161i, \u010d\u00edm\u017e zajist\u00edme p\u0159edev\u0161\u00edm va\u0161i bezpe\u010dnost a spokojenost.<\/li>\n<li><strong>Flexibiln\u00ed zru\u0161en\u00ed<\/strong>: Pl\u00e1ny se m\u011bn\u00ed a my to ch\u00e1peme. Zru\u0161en\u00ed rezervace do 5 dn\u016f p\u0159ed cestou v\u00e1m bude vr\u00e1cena cel\u00e1 \u010d\u00e1stka. M\u00e9n\u011b ne\u017e 5 dn\u00ed p\u0159edem nebo p\u0159i nedostaven\u00ed se bohu\u017eel nelze pen\u00edze vr\u00e1tit. Upozor\u0148ujeme, \u017ee poplatky za zpracov\u00e1n\u00ed platby, kter\u00e9 se rovnaj\u00ed 3% z celkov\u00e9 platby, se v \u017e\u00e1dn\u00e9m p\u0159\u00edpad\u011b nevracej\u00ed.<\/li>\n<li><strong>Snadn\u00fd p\u0159\u00edstup ke vstupenk\u00e1m<\/strong>: Palubn\u00ed vstupenku m\u011bjte pro v\u011bt\u0161\u00ed pohodl\u00ed po ruce v telefonu nebo vyti\u0161t\u011bnou. Na\u0161e digit\u00e1ln\u00ed j\u00edzdenky v\u00e1m zajist\u00ed, \u017ee budete p\u0159ipraveni bez probl\u00e9m\u016f vyplout.<\/li>\n<li><strong>Komplexn\u00ed p\u00e9\u010de<\/strong>: Pokud se nec\u00edt\u00edte dob\u0159e nebo se rozhodnete cestu p\u0159ed\u010dasn\u011b ukon\u010dit, n\u00e1\u0161 t\u00fdm je p\u0159ipraven v\u00e1m pomoci, i kdy\u017e v takov\u00fdch p\u0159\u00edpadech nelze poskytnout n\u00e1hradu.<\/li>\n<li><strong>Flexibilita plateb<\/strong>: Vyberte si zp\u016fsob platby, kter\u00fd v\u00e1m vyhovuje.<\/li>\n<\/ul>\n<p><strong>\ud83c\udf0a\ud83c\udf1f\ud83d\udee5\ufe0f Rezervujte si z\u00e1\u017eitek na jacht\u011b Gulliver u spole\u010dnosti CanaryVIP je\u0161t\u011b dnes a odemkn\u011bte si dve\u0159e k nezapomenuteln\u00fdm okam\u017eik\u016fm na mo\u0159i.<\/strong><\/p>","protected":false},"excerpt":{"rendered":"<p><strong>\ud83d\udd0d Gulliver Charter:<\/strong><br \/>\n\u2705 Bezpe\u010dn\u00e1 platba.<br \/>\n\ud83d\udd10 Soukrom\u00e9 prohl\u00eddky k dispozici.<br \/>\n<span>\ud83d\udc65 K dispozici jsou sd\u00edlen\u00e9 prohl\u00eddky.<\/span><br \/>\n\ud83d\udee5\ufe0f 20m Yacht Comfort.<br \/>\n\u23f3 Denn\u00ed prohl\u00eddky v d\u00e9lce 3-9 hodin.<br \/>\n\ud83d\udd59 P\u0159izp\u016fsobiteln\u00e9 \u010dasy odjezd\u016f.<br \/>\n\ud83c\udf74 Stravov\u00e1n\u00ed a n\u00e1poje v cen\u011b.<br \/>\n\ud83d\udc65 A\u017e 12 host\u016f.<br \/>\n\ud83e\udd29 Z\u00e1bavn\u00e9 nafukovac\u00ed atrakce.<br \/>\n\ud83d\udef6 Kajaky v cen\u011b.<br \/>\n\ud83d\udeb2 Kola s mo\u0159skou vodou.<br \/>\n\ud83d\udedd Ultimate Water Slide.<br \/>\n\ud83c\udfc4\u200d\u2640\ufe0f V\u010detn\u011b p\u00e1del.<br \/>\n\ud83e\udd3f Vybaven\u00ed pro \u0161norchlov\u00e1n\u00ed je k dispozici.<br \/>\n\ud83d\udd0a P\u0159ehrajte si hudbu.<br \/>\n\ud83e\udd11 Garance nejlep\u0161\u00ed ceny.<br \/>\n\ud83d\udc6a Slevy aktivov\u00e1ny.<br \/>\n\ud83d\udd01 Zru\u0161en\u00ed a\u017e na 5 dn\u00ed.<br \/>\n\ud83c\udf0d V\u00edcejazy\u010dn\u00e1 pos\u00e1dka.<br \/>\n\ud83c\udf1f Rezervujte v\u010das a u\u0161et\u0159ete!<br \/>\n\ud83d\udccd Odjezd z\u00a0<a href=\"https:\/\/maps.app.goo.gl\/ocJuu7A8R1JWjPbS9\">Puerto Colon<\/a>.<\/p>","protected":false},"featured_media":10114,"comment_status":"open","ping_status":"closed","template":"","meta":{"_acf_changed":false},"product_brand":[],"product_cat":[47],"product_tag":[],"class_list":{"0":"post-10109","1":"product","2":"type-product","3":"status-publish","4":"has-post-thumbnail","6":"product_cat-boat-hire-tenerife","7":"wcpa_has_options","9":"first","10":"instock","11":"sale","12":"virtual","13":"purchasable","14":"product-type-simple"},"acf":[],"wcpa_form_fields":{"wcpaData":{"product":{"product_price":895,"price_html":"From&nbsp;<del aria-hidden=\"true\"><span class=\"woocommerce-Price-amount amount\"><bdi>950,00&nbsp;<span class=\"woocommerce-Price-currencySymbol\">&euro;<\/span><\/bdi><\/span><\/del> <span class=\"screen-reader-text\">P\u016fvodn\u00ed cena byla: 950,00&nbsp;&euro;.<\/span><ins aria-hidden=\"true\"><span class=\"woocommerce-Price-amount amount\"><bdi>895,00&nbsp;<span class=\"woocommerce-Price-currencySymbol\">&euro;<\/span><\/bdi><\/span><\/ins><span class=\"screen-reader-text\">Aktu\u00e1ln\u00ed cena je: 895,00&nbsp;&euro;.<\/span>","original_product_price":950,"price_including_tax":895,"price_excluding_tax":895,"product_id":{"parent":10109,"variation":false},"is_variable":false,"stock_status":"instock","stock_quantity":null,"parent_sku":"CV10109","product_attributes":[],"custom_fields":[],"is_taxable":false,"product_name":"Gulliver: Yacht Hire Tenerife","hasImage":false},"fields":{"sec_96638f078b8951":{"extra":{"key":"sec_96638f078b8951","section_id":"sec_96638f078b8951","name":"Default","status":1,"cl_rule":"show","enableCl":false,"relations":[],"toggle":true,"title_tag":"h3","show_title":false,"showPrice":"default","form_id":11398,"form_rules":{"exclude_from_discount":true,"fee_label":"Fee","disp_hide_options_price":true,"disp_show_section_price":false,"disp_show_field_price":true,"layout_option":"standard","pric_use_as_fee":false,"process_fee_as":"woo_fee"},"layout_option":"standard"},"fields":[[{"label":"\ud83d\udcc5 Date","active":true,"required":true,"elementId":"date_106638f078b8973","picker_type":"custom","picker_mode":"single","placeholder":"","description":"","tooltip":"","name":"date_106638f078b8973","label_position":"default","desc_position":"default","enablePrice":false,"className":"","enableCl":false,"relations":[{"operator":"and","rules":[{"operator":"AND","rules":{"cl_field":"radio-group_565c78ffa81208","cl_relation":"is","cl_val":"3 Hour Trip"}}]}],"date_pic_inline":true,"date_pic_inline_hide":true,"min_date":{"type":"days","val":"1"},"max_date":{"type":"days","val":"365"},"date_pic_conf":{"disabledWeeks":[],"disabledDates":["2024-06-30","2024-07-25","2024-11-28 to 2024-12-04","2025-03-29"]},"price":"","cl_rule":"show","col":6,"type":"date","error":false,"enableDesign":false,"LabelColor":"","gt_translate_keys":["label","placeholder","description","tooltip"],"price_dependency":false,"cl_dependency":false,"value":""}],[{"elementId":"separator_66638f078b898d","separatorType":"blank","className":"","height":"3","enableCl":false,"relations":false,"cl_rule":"show","col":6,"type":"separator","error":false,"gt_translate_keys":[],"price_dependency":false,"cl_dependency":false,"value":""}],[{"active":true,"col":6,"relations":false,"cl_rule":"show","enableCl":false,"price":"","enablePrice":true,"className":"","label_position":"default","desc_position":"default","type":"select","required":true,"elementId":"select_96638f078b8998","label":"\u23f3 Trip Duration","name":"select_96638f078b8998","values":[{"label":"3.5 Hours (895\u20ac)","value":"3","selected":false,"tempId":"aco_556","price":"895","gt_translate_keys":["label"]},{"label":"5 Hours (1.200\u20ac)","value":"5","selected":false,"tempId":"aco_141","price":"1200","gt_translate_keys":["label"]},{"label":"7 Hours (1.750\u20ac)","value":"7","selected":false,"tempId":"aco_151","price":"1750","gt_translate_keys":["label"]}],"dropdown_type":"basic","error":false,"placeholder":"Select Trip Duration","priceOptions":"different_for_all","pricingType":"fixed","is_show_price":false,"gt_translate_keys":["label","placeholder"],"price_dependency":false,"cl_dependency":false,"value":""}],[{"active":true,"col":6,"relations":false,"cl_rule":"show","enableCl":false,"price":"","enablePrice":true,"className":"","label_position":"default","desc_position":"default","type":"select","required":false,"elementId":"select_0041641856","label":"\ud83d\udca6 Add jet-skis?","name":"select_0041641856","values":[{"label":"2 JetSkis for 1 Hour (500\u20ac)","value":"2 x JetSki for 1 Hour","selected":false,"tempId":"aco_2502","price":"500","gt_translate_keys":["label"]},{"label":"1 JetSki for 2 Hours (500\u20ac)","value":"1 x JetSki for 2 Hours","selected":false,"tempId":"aco_2503","price":"500","gt_translate_keys":["label"]},{"label":"2 JetSkis for 2 Hours (800\u20ac)","value":"2 x JetSki for 2 Hours","selected":false,"tempId":"aco_2927","price":"800","gt_translate_keys":["label"]}],"dropdown_type":"basic","error":false,"description":"Private JetSki tour from the boat with a JetSki instructor.","placeholder":"None","priceOptions":"different_for_all","pricingType":"fixed","is_show_price":false,"isWeightTemplate":false,"isTemplate":false,"min_quantity":"1","quantity_decimal":false,"quantity_step":"1","quantity_label":"Quantity","repeater_field_label":"{field_label}","repeater_bind":"","gt_translate_keys":["label","placeholder","description","repeater_field_label","quantity_label"],"price_dependency":false,"cl_dependency":false,"value":""}],[{"elementId":"separator_16638f078b89f1","separatorType":"blank","className":"","height":"1","enableCl":false,"relations":false,"cl_rule":"show","col":6,"type":"separator","error":false,"gt_translate_keys":[],"price_dependency":false,"cl_dependency":false,"value":""}],[{"active":true,"col":6,"relations":[{"operator":false,"rules":[{"operator":"AND","rules":{"cl_field":"radio-group_565c78ffa81208","cl_relation":"is","cl_val":"3 Hour Trip"}}]}],"cl_rule":"show","enableCl":false,"price":"","enablePrice":false,"className":"","label_position":"default","desc_position":"default","type":"select","required":false,"elementId":"select_76638f078b89d4","label":"\u23f0 Departure Time","name":"select_76638f078b89d4","values":[{"label":"10:00","value":"10:00","selected":false,"tempId":"aco_1472","gt_translate_keys":["label"]},{"label":"14:00 (2:00 PM)","value":"14:00","selected":false,"tempId":"aco_1728","gt_translate_keys":["label"]},{"label":"17:30 (5:30 PM)","value":"17:30","selected":false,"tempId":"aco_28","gt_translate_keys":["label"]}],"dropdown_type":"basic","error":false,"placeholder":"Whichever Time is Best","gt_translate_keys":["label","placeholder"],"price_dependency":false,"cl_dependency":false,"value":""}],[{"elementId":"separator-2954713577","separatorType":"blank","className":"","height":"1","enableCl":false,"relations":false,"cl_rule":"show","col":6,"type":"separator","gt_translate_keys":[],"price_dependency":false,"cl_dependency":false,"value":""}],[{"label":"\u2705 Number of People","active":true,"required":true,"elementId":"select_76638f078b89e7","dropdown_type":"basic","placeholder":"Select Number of People","name":"select_76638f078b89e7","label_position":"default","desc_position":"default","enablePrice":true,"className":"","enableCl":false,"relations":[{"operator":false,"rules":[{"operator":"AND","rules":{"cl_field":"radio-group_565c78ffa81208","cl_relation":"is","cl_val":"3 Hour Trip"}}]}],"values":[{"label":"1 person","value":"1","selected":false,"tempId":"aco_1471","gt_translate_keys":["label"]},{"label":"2 people","value":"2","selected":false,"tempId":"aco_1472","gt_translate_keys":["label"]},{"label":"3 people (+10\u20ac)","value":"3","selected":false,"tempId":"aco_1500","price":"10","gt_translate_keys":["label"]},{"label":"4 people (+20\u20ac)","value":"4","selected":false,"tempId":"aco_1510","price":"20","gt_translate_keys":["label"]},{"label":"5 people (+30\u20ac)","value":"5","selected":false,"tempId":"aco_1520","price":"30","gt_translate_keys":["label"]},{"label":"6 people (+40\u20ac)","value":"6","selected":false,"tempId":"aco_1728","price":"40","gt_translate_keys":["label"]},{"label":"7 people (+50\u20ac)","value":"7","selected":false,"tempId":"aco_1738","price":"50","gt_translate_keys":["label"]},{"label":"8 people (+60\u20ac)","value":"8","selected":false,"tempId":"aco_1748","price":"60","gt_translate_keys":["label"]},{"label":"9 people (+70\u20ac)","value":"9","selected":false,"tempId":"aco_1912","price":"70","gt_translate_keys":["label"]},{"label":"10 people (+80\u20ac)","value":"10","selected":false,"tempId":"aco_1922","price":"80","gt_translate_keys":["label"]},{"label":"11 People (+90\u20ac)","value":"11","selected":false,"tempId":"aco_19","price":"90","gt_translate_keys":["label"]},{"label":"12 People (+100\u20ac)","value":"12","selected":false,"tempId":"aco_29","price":"100","gt_translate_keys":["label"]}],"price":"","cl_rule":"show","col":6,"type":"select","error":false,"priceOptions":"different_for_all","pricingType":"fixed","gt_translate_keys":["label","placeholder"],"price_dependency":false,"cl_dependency":false,"value":""}],[{"elementId":"separator_26638f078b89de","separatorType":"blank","className":"","height":"1","enableCl":false,"relations":false,"cl_rule":"show","col":6,"type":"separator","gt_translate_keys":[],"price_dependency":false,"cl_dependency":false,"value":""}]]}},"config":{"price_override":"always","enable_recaptcha":false,"bind_quantity":false,"quantity_bind_formula":false,"disp_summ_show_option_price":true,"disp_summ_show_product_price":false,"disp_summ_show_total_price":true,"disp_summ_show_fee":true,"disp_summ_show_discount":true,"summary_title":"","options_total_label":"Options Price","total_label":"Total Amount","options_product_label":"Product Price","fee_label":"Fee","discount_label":"Discount","has_price":true,"has_quantity_formula":false},"mc_unit":1,"tax_rate":1,"tax_rate_real":1,"discount":{"percentage":0,"fixed":0},"design":{"conf":{"LabelPosition":"above","DescPosition":"above","UploadField":"custom_1","QuantityFieldStyle":"custom_1"},"css":{"LeftLabelWidth":"120px"}},"formulas":{"fmla_1708360988969136756":"(({field.select_56638eb5b235ae.value}>=3)?(1200):(({field.select_56638eb5b235ae.value}>=2)?(850):(({field.select_56638eb5b235ae.value}>=1)?(540):(0))))","fmla_1708364241278155361":"(({field.select_5841412719.value}>=8)?({field.select_5841412719.price}):(({field.select_5841412719.value}>=5)?({field.select_5841412719.price}):(({field.select_5841412719.value}>=3)?({field.select_5841412719.price}):(0))))"},"lookuptables":[],"clones":false,"cartKey":false}},"_links":{"self":[{"href":"https:\/\/canaryvip.com\/cs\/wp-json\/wp\/v2\/product\/10109","targetHints":{"allow":["GET"]}}],"collection":[{"href":"https:\/\/canaryvip.com\/cs\/wp-json\/wp\/v2\/product"}],"about":[{"href":"https:\/\/canaryvip.com\/cs\/wp-json\/wp\/v2\/types\/product"}],"replies":[{"embeddable":true,"href":"https:\/\/canaryvip.com\/cs\/wp-json\/wp\/v2\/comments?post=10109"}],"wp:featuredmedia":[{"embeddable":true,"href":"https:\/\/canaryvip.com\/cs\/wp-json\/wp\/v2\/media\/10114"}],"wp:attachment":[{"href":"https:\/\/canaryvip.com\/cs\/wp-json\/wp\/v2\/media?parent=10109"}],"wp:term":[{"taxonomy":"product_brand","embeddable":true,"href":"https:\/\/canaryvip.com\/cs\/wp-json\/wp\/v2\/product_brand?post=10109"},{"taxonomy":"product_cat","embeddable":true,"href":"https:\/\/canaryvip.com\/cs\/wp-json\/wp\/v2\/product_cat?post=10109"},{"taxonomy":"product_tag","embeddable":true,"href":"https:\/\/canaryvip.com\/cs\/wp-json\/wp\/v2\/product_tag?post=10109"}],"curies":[{"name":"wp","href":"https:\/\/api.w.org\/{rel}","templated":true}]}}