{"id":9195,"date":"2024-01-28T19:23:23","date_gmt":"2024-01-28T19:23:23","guid":{"rendered":"https:\/\/canaryvip.com\/?page_id=9195"},"modified":"2026-03-04T18:17:48","modified_gmt":"2026-03-04T18:17:48","slug":"collaborate-with-canaryvip","status":"publish","type":"page","link":"https:\/\/canaryvip.com\/cs\/collaborate-with-canaryvip\/","title":{"rendered":"Partnerstv\u00ed s CanaryVIP: nab\u00eddn\u011bte sv\u00e9 z\u00e1\u017eitky zahrani\u010dn\u00edm cestovatel\u016fm"},"content":{"rendered":"<p>Sta\u0148te se partnerem CanaryVIP a p\u0159edstavte sv\u00e9 aktivity cestovatel\u016fm z cel\u00e9ho sv\u011bta. Vzhledem k tomu, \u017ee se na\u0161e platforma na Tenerife, Gran Canarii, Fuerteventu\u0159e, Lanzarote, La Palm\u011b a El Hierru st\u00e1le rozr\u016fst\u00e1, aktivn\u011b hled\u00e1me spolupr\u00e1ci s profesion\u00e1ln\u00edmi poskytovateli aktivit a cestovn\u00edmi kancel\u00e1\u0159emi.<\/p>\n<p>N\u00e1\u0161 c\u00edl je jednoduch\u00fd: propojit kvalitn\u00ed m\u00edstn\u00ed z\u00e1\u017eitky se zahrani\u010dn\u00edmi n\u00e1v\u0161t\u011bvn\u00edky, kte\u0159\u00ed cht\u011bj\u00ed objevit to nejlep\u0161\u00ed, co Kan\u00e1rsk\u00e9 ostrovy nab\u00edzej\u00ed.<\/p>\n<h2>Provozovatel\u00e9 z\u00e1jezd\u016f a aktivit<\/h2>\n<p>Pokud na Kan\u00e1rsk\u00fdch ostrovech provozujete v\u00fdlety, v\u00fdlety lod\u00ed, outdoorov\u00e1 dobrodru\u017estv\u00ed, vodn\u00ed sporty, z\u00e1\u017eitky s pr\u016fvodcem nebo jakoukoli jinou jedine\u010dnou aktivitu, CanaryVIP v\u00e1m pom\u016f\u017ee oslovit \u0161ir\u0161\u00ed publikum.<\/p>\n<p>Prost\u0159ednictv\u00edm na\u0161\u00ed platformy se va\u0161e aktivita m\u016f\u017ee zviditelnit mezi zahrani\u010dn\u00edmi cestovateli, kte\u0159\u00ed aktivn\u011b hledaj\u00ed, co d\u011blat b\u011bhem sv\u00e9ho pobytu na Kan\u00e1rsk\u00fdch ostrovech.<\/p>\n<p>D\u00edky spolupr\u00e1ci s CanaryVIP m\u016f\u017ee va\u0161e aktivita t\u011b\u017eit z:<\/p>\n<p>- Zv\u00fd\u0161en\u00e1 expozice pro zahrani\u010dn\u00ed n\u00e1v\u0161t\u011bvn\u00edky<br \/>\n- Dal\u0161\u00ed rezervace prost\u0159ednictv\u00edm na\u0161\u00ed online platformy<br \/>\n- Propagace prost\u0159ednictv\u00edm na\u0161ich digit\u00e1ln\u00edch marketingov\u00fdch kan\u00e1l\u016f<br \/>\n- Jednoduch\u00fd a transparentn\u00ed model spolupr\u00e1ce<\/p>\n<p>Spolupracujeme s pe\u010dliv\u011b vybran\u00fdmi partnery, kte\u0159\u00ed n\u00e1v\u0161t\u011bvn\u00edk\u016fm poskytuj\u00ed profesion\u00e1ln\u00ed, bezpe\u010dn\u00e9 a nezapomenuteln\u00e9 z\u00e1\u017eitky.<\/p>\n<h2>Po\u017eadavky na spolupr\u00e1ci<\/h2>\n<p>Abychom na\u0161im z\u00e1kazn\u00edk\u016fm zajistili co nejlep\u0161\u00ed z\u00e1\u017eitek, spolupracujeme s provozovateli, kte\u0159\u00ed spl\u0148uj\u00ed profesion\u00e1ln\u00ed a pr\u00e1vn\u00ed normy. To zahrnuje p\u0159\u00edslu\u0161n\u00e9 licence, poji\u0161t\u011bn\u00ed a dodr\u017eov\u00e1n\u00ed m\u00edstn\u00edch p\u0159edpis\u016f, pokud jsou k dispozici.<\/p>\n<p>V\u00e1\u017e\u00edme si partner\u016f, kte\u0159\u00ed jsou spolehliv\u00ed, jasn\u011b komunikuj\u00ed a udr\u017euj\u00ed vysokou \u00farove\u0148 slu\u017eeb pro hosty.<\/p>\n<h2>Aktivity, kter\u00e9 hled\u00e1me<\/h2>\n<p>M\u00e1me z\u00e1jem o spolupr\u00e1ci s celou \u0159adou poskytovatel\u016f aktivit na Kan\u00e1rsk\u00fdch ostrovech, v\u010detn\u011b:<\/p>\n<p>- V\u00fdlety lod\u00ed a soukrom\u00e9 pron\u00e1jmy jachet<br \/>\n- V\u00fdlety za pozorov\u00e1n\u00edm velryb a delf\u00edn\u016f<br \/>\n- Vodn\u00ed sk\u00fatry a vodn\u00ed sporty<br \/>\n- Dobrodru\u017estv\u00ed na \u010dty\u0159kolk\u00e1ch a bugin\u00e1ch<br \/>\n- P\u011b\u0161\u00ed turistika a v\u00fdlety do p\u0159\u00edrody<br \/>\n- Kulturn\u00ed a pr\u016fvodcovsk\u00e9 z\u00e1\u017eitky<br \/>\n- Pot\u00e1p\u011bn\u00ed, \u0161norchlov\u00e1n\u00ed a aktivity v oce\u00e1nu<\/p>\n<p>Pokud nab\u00edz\u00edte jedine\u010dn\u00fd z\u00e1\u017eitek, kter\u00fd by se n\u00e1v\u0161t\u011bvn\u00edk\u016fm Kan\u00e1rsk\u00fdch ostrov\u016f l\u00edbil, budeme r\u00e1di, kdy\u017e se n\u00e1m ozvete.<\/p>\n<h2>Zvy\u0161te po\u010det sv\u00fdch rezervac\u00ed pomoc\u00ed CanaryVIP<\/h2>\n<p>Na\u0161\u00edm posl\u00e1n\u00edm je podporovat m\u00edstn\u00ed provozovatele a z\u00e1rove\u0148 usnad\u0148ovat cestovatel\u016fm objevov\u00e1n\u00ed a rezervaci autentick\u00fdch z\u00e1\u017eitk\u016f na Kan\u00e1rsk\u00fdch ostrovech.<\/p>\n<p>Pokud chcete, aby se va\u0161e v\u00fdlety nebo slu\u017eby objevily na CanaryVIP, kontaktujte n\u00e1\u0161 t\u00fdm a \u0159ekn\u011bte n\u00e1m o sv\u00e9 \u010dinnosti v\u00edce.<\/p>\n<p><strong>M\u00e1te z\u00e1jem o spolupr\u00e1ci? Kontaktujte n\u00e1s je\u0161t\u011b dnes a prozkoumejme, jak m\u016f\u017eeme spole\u010dn\u011b r\u016fst.<\/strong><\/p>","protected":false},"excerpt":{"rendered":"<p>Become a partner of CanaryVIP and showcase your activities to travelers from around the world. As our platform continues to grow across Tenerife, Gran Canaria, Fuerteventura, Lanzarote, La Palma, and El Hierro, we are actively looking to collaborate with professional activity providers and tour operators. Our goal is simple: connect high-quality local experiences with international&#8230;<\/p>","protected":false},"author":1,"featured_media":0,"parent":0,"menu_order":0,"comment_status":"closed","ping_status":"closed","template":"","meta":{"_acf_changed":false,"footnotes":""},"class_list":["post-9195","page","type-page","status-publish","hentry"],"acf":[],"_links":{"self":[{"href":"https:\/\/canaryvip.com\/cs\/wp-json\/wp\/v2\/pages\/9195","targetHints":{"allow":["GET"]}}],"collection":[{"href":"https:\/\/canaryvip.com\/cs\/wp-json\/wp\/v2\/pages"}],"about":[{"href":"https:\/\/canaryvip.com\/cs\/wp-json\/wp\/v2\/types\/page"}],"author":[{"embeddable":true,"href":"https:\/\/canaryvip.com\/cs\/wp-json\/wp\/v2\/users\/1"}],"replies":[{"embeddable":true,"href":"https:\/\/canaryvip.com\/cs\/wp-json\/wp\/v2\/comments?post=9195"}],"version-history":[{"count":8,"href":"https:\/\/canaryvip.com\/cs\/wp-json\/wp\/v2\/pages\/9195\/revisions"}],"predecessor-version":[{"id":16786,"href":"https:\/\/canaryvip.com\/cs\/wp-json\/wp\/v2\/pages\/9195\/revisions\/16786"}],"wp:attachment":[{"href":"https:\/\/canaryvip.com\/cs\/wp-json\/wp\/v2\/media?parent=9195"}],"curies":[{"name":"wp","href":"https:\/\/api.w.org\/{rel}","templated":true}]}}