{"id":9191,"date":"2024-01-28T19:00:41","date_gmt":"2024-01-28T19:00:41","guid":{"rendered":"https:\/\/canaryvip.com\/?page_id=9191"},"modified":"2026-03-07T10:38:22","modified_gmt":"2026-03-07T10:38:22","slug":"privacy-policy","status":"publish","type":"page","link":"https:\/\/canaryvip.com\/cs\/privacy-policy\/","title":{"rendered":"Z\u00e1sady ochrany osobn\u00edch \u00fadaj\u016f"},"content":{"rendered":"<section class=\"l-section wpb_row us_custom_4af741be height_auto\"><div class=\"l-section-h i-cf\"><div class=\"g-cols vc_row via_flex valign_top type_default stacking_default\"><div class=\"vc_col-sm-12 wpb_column vc_column_container\"><div class=\"vc_column-inner us_custom_5cd26a65\"><div class=\"wpb_wrapper\"><div class=\"wpb_text_column\"><div class=\"wpb_wrapper\"><h2>1. \u00davod<\/h2>\n<p>V\u00edtejte na str\u00e1nk\u00e1ch CanaryVIP.com. Ochrana va\u0161ich osobn\u00edch \u00fadaj\u016f a va\u0161eho soukrom\u00ed jsou pro n\u00e1s z\u00e1kladn\u00edmi prioritami. Tyto z\u00e1sady ochrany osobn\u00edch \u00fadaj\u016f popisuj\u00ed kategorie osobn\u00edch \u00fadaj\u016f, kter\u00e9 shroma\u017e\u010fujeme, \u00fa\u010dely, pro kter\u00e9 je pou\u017e\u00edv\u00e1me, zp\u016fsob jejich sd\u00edlen\u00ed a ukl\u00e1d\u00e1n\u00ed a bezpe\u010dnostn\u00ed opat\u0159en\u00ed, kter\u00e1 pou\u017e\u00edv\u00e1me k jejich zabezpe\u010den\u00ed. Ve\u0161ker\u00e9 \u010dinnosti zpracov\u00e1n\u00ed prob\u00edhaj\u00ed v souladu s platn\u00fdmi pr\u00e1vn\u00edmi p\u0159edpisy o ochran\u011b osobn\u00edch \u00fadaj\u016f, v\u010detn\u011b obecn\u00e9ho na\u0159\u00edzen\u00ed o ochran\u011b osobn\u00edch \u00fadaj\u016f (GDPR).<\/p>\n<h2>2. Spr\u00e1vce \u00fadaj\u016f<\/h2>\n<p>Podle GDPR je subjektem odpov\u011bdn\u00fdm za zpracov\u00e1n\u00ed va\u0161ich osobn\u00edch \u00fadaj\u016f:<\/p>\n<p><img decoding=\"async\" class=\"alignnone wp-image-15255\" src=\"https:\/\/canaryvip.com\/wp-content\/uploads\/2025\/07\/canaryvipcompany.png\" alt=\"CanaryVIP\" width=\"400\" height=\"145\" srcset=\"https:\/\/canaryvip.com\/wp-content\/uploads\/2025\/07\/canaryvipcompany.png 772w, https:\/\/canaryvip.com\/wp-content\/uploads\/2025\/07\/canaryvipcompany-300x109.png 300w, https:\/\/canaryvip.com\/wp-content\/uploads\/2025\/07\/canaryvipcompany-18x7.png 18w, https:\/\/canaryvip.com\/wp-content\/uploads\/2025\/07\/canaryvipcompany-600x218.png 600w\" sizes=\"(max-width: 400px) 100vw, 400px\" title=\"\"><\/p>\n<h2>3. Pr\u00e1vn\u00ed z\u00e1klad pro zpracov\u00e1n\u00ed<\/h2>\n<p>V souladu s \u010dl\u00e1nkem 6 GDPR se spole\u010dnost CanaryVIP op\u00edr\u00e1 p\u0159i zpracov\u00e1n\u00ed osobn\u00edch \u00fadaj\u016f o n\u00e1sleduj\u00edc\u00ed pr\u00e1vn\u00ed d\u016fvody:<\/p>\n<h3>3.1 Pln\u011bn\u00ed smlouvy (\u010dl\u00e1nek 6.1.b)<\/h3>\n<p>Osobn\u00ed \u00fadaje zpracov\u00e1v\u00e1me, pokud je to nezbytn\u00e9 k pln\u011bn\u00ed smlouvy s v\u00e1mi nebo k proveden\u00ed krok\u016f na va\u0161i \u017e\u00e1dost p\u0159ed uzav\u0159en\u00edm smlouvy. To zahrnuje:<\/p>\n<ul>\n<li>Zpracov\u00e1n\u00ed rezervac\u00ed a spr\u00e1va rezervac\u00ed.<\/li>\n<li>Poskytov\u00e1n\u00ed z\u00e1kaznick\u00e9 podpory v souvislosti s rezervovan\u00fdmi slu\u017ebami.<\/li>\n<li>Vy\u0159izov\u00e1n\u00ed zru\u0161en\u00ed, vr\u00e1cen\u00ed pen\u011bz a zm\u011bn trasy.<\/li>\n<\/ul>\n<h3>3.2 Souhlas (\u010dl. 6 odst. 1 p\u00edsm. a))<\/h3>\n<p>Pokud to vy\u017eaduje z\u00e1kon, z\u00edsk\u00e1v\u00e1me p\u0159ed zpracov\u00e1n\u00edm osobn\u00edch \u00fadaj\u016f v\u00e1\u0161 v\u00fdslovn\u00fd souhlas. To se t\u00fdk\u00e1 zejm\u00e9na:<\/p>\n<ul>\n<li>zas\u00edl\u00e1n\u00ed propaga\u010dn\u00edch e-mail\u016f, newsletter\u016f nebo marketingov\u00fdch sd\u011blen\u00ed.<\/li>\n<li>Shroma\u017e\u010fov\u00e1n\u00ed dal\u0161\u00edch informac\u00ed prost\u0159ednictv\u00edm nepovinn\u00fdch formul\u00e1\u0159\u016f na na\u0161ich webov\u00fdch str\u00e1nk\u00e1ch.<\/li>\n<\/ul>\n<p>Sv\u016fj souhlas m\u016f\u017eete kdykoli odvolat, ani\u017e by t\u00edm byla dot\u010dena z\u00e1konnost jak\u00e9hokoli zpracov\u00e1n\u00ed proveden\u00e9ho p\u0159ed odvol\u00e1n\u00edm.<\/p>\n<h3>3.3 Pr\u00e1vn\u00ed povinnost (\u010dl. 6 odst. 1 p\u00edsm. c))<\/h3>\n<p>Osobn\u00ed \u00fadaje m\u016f\u017eeme zpracov\u00e1vat za \u00fa\u010delem spln\u011bn\u00ed pr\u00e1vn\u00edch povinnost\u00ed, kter\u00e9 jsou pro spole\u010dnost CanaryVIP z\u00e1vazn\u00e9, v\u010detn\u011b:<\/p>\n<ul>\n<li>Da\u0148ov\u00e9 a finan\u010dn\u00ed p\u0159edpisy t\u00fdkaj\u00edc\u00ed se fakturace a transakc\u00ed.<\/li>\n<li>Pr\u00e1vn\u00ed p\u0159edpisy na ochranu spot\u0159ebitele.<\/li>\n<li>Reakce na z\u00e1konn\u00e9 \u017e\u00e1dosti org\u00e1n\u016f ve\u0159ejn\u00e9 moci nebo org\u00e1n\u016f \u010dinn\u00fdch v trestn\u00edm \u0159\u00edzen\u00ed.<\/li>\n<\/ul>\n<h3>3.4 Opr\u00e1vn\u011bn\u00fd z\u00e1jem (\u010dl. 6 odst. 1 p\u00edsm. f))<\/h3>\n<p>\u00dadaje m\u016f\u017eeme zpracov\u00e1vat na z\u00e1klad\u011b na\u0161ich opr\u00e1vn\u011bn\u00fdch obchodn\u00edch z\u00e1jm\u016f, pokud tyto z\u00e1jmy nep\u0159eva\u017euj\u00ed nad va\u0161imi pr\u00e1vy a svobodami. P\u0159\u00edklady zahrnuj\u00ed:<\/p>\n<ul>\n<li>Zlep\u0161ov\u00e1n\u00ed na\u0161ich slu\u017eeb prost\u0159ednictv\u00edm zp\u011btn\u00e9 vazby od z\u00e1kazn\u00edk\u016f a anal\u00fdzy.<\/li>\n<li>Prevence podvod\u016f a kybernetick\u00e1 bezpe\u010dnost.<\/li>\n<li>Odpov\u00edd\u00e1n\u00ed na obecn\u00e9 dotazy a po\u017eadavky z\u00e1kazn\u00edk\u016f.<\/li>\n<\/ul>\n<p>M\u00e1te pr\u00e1vo kdykoli vzn\u00e9st n\u00e1mitku proti zpracov\u00e1n\u00ed na z\u00e1klad\u011b opr\u00e1vn\u011bn\u00e9ho z\u00e1jmu. Chcete-li toto pr\u00e1vo uplatnit, kontaktujte n\u00e1s na adrese <strong><a href=\"mailto:info@canaryvip.com\">info@canaryvip.com<\/a><\/strong>.<\/p>\n<hr \/>\n<h2>4. Informace, kter\u00e9 shroma\u017e\u010fujeme, a zp\u016fsob jejich pou\u017eit\u00ed<\/h2>\n<h3>4.1 Kategorie osobn\u00edch \u00fadaj\u016f<\/h3>\n<p>M\u016f\u017eeme shroma\u017e\u010fovat a zpracov\u00e1vat n\u00e1sleduj\u00edc\u00ed typy osobn\u00edch \u00fadaj\u016f:<\/p>\n<ul>\n<li><strong>\u00dadaje o toto\u017enosti:<\/strong> Jm\u00e9no, p\u0159\u00edjmen\u00ed, datum narozen\u00ed.<\/li>\n<li><strong>Kontaktn\u00ed \u00fadaje:<\/strong> E-mailov\u00e1 adresa, telefonn\u00ed \u010d\u00edslo.<\/li>\n<li><strong>Rezerva\u010dn\u00ed \u00fadaje:<\/strong> Podrobnosti o exkurzi, informace o rezervaci a souvisej\u00edc\u00edch platb\u00e1ch.<\/li>\n<li><strong>Komunika\u010dn\u00ed \u00fadaje:<\/strong> E-maily, zpr\u00e1vy a z\u00e1znamy o interakc\u00edch se z\u00e1kazn\u00edky.<\/li>\n<li><strong>Transak\u010dn\u00ed \u00fadaje:<\/strong> Platebn\u00ed \u00fadaje jsou bezpe\u010dn\u011b zpracov\u00e1v\u00e1ny prost\u0159ednictv\u00edm poskytovatel\u016f plateb t\u0159et\u00edch stran.<\/li>\n<\/ul>\n<h3>4.2 \u00da\u010dely zpracov\u00e1n\u00ed<\/h3>\n<p>Osobn\u00ed \u00fadaje, kter\u00e9 shroma\u017e\u010fujeme, pou\u017e\u00edv\u00e1me k n\u00e1sleduj\u00edc\u00edm \u00fa\u010del\u016fm:<\/p>\n<ul>\n<li>Zpracov\u00e1n\u00ed a spr\u00e1va rezervac\u00ed a v\u00fdzev.<\/li>\n<li>Poskytov\u00e1n\u00ed podpory z\u00e1kazn\u00edk\u016fm p\u0159ed, b\u011bhem a po exkurzi.<\/li>\n<li>zas\u00edl\u00e1n\u00ed sd\u011blen\u00ed souvisej\u00edc\u00edch se slu\u017ebami (potvrzen\u00ed, upom\u00ednky, aktualizace).<\/li>\n<li>Pln\u011bn\u00ed z\u00e1konn\u00fdch a regula\u010dn\u00edch povinnost\u00ed.<\/li>\n<\/ul>\n<hr \/>\n<h2>5. Sd\u00edlen\u00ed a uchov\u00e1v\u00e1n\u00ed \u00fadaj\u016f<\/h2>\n<h3>5.1 Kdy sd\u00edl\u00edme \u00fadaje<\/h3>\n<p>Osobn\u00ed \u00fadaje sd\u00edl\u00edme pouze v nezbytn\u011b nutn\u00fdch p\u0159\u00edpadech a v\u017edy v souladu s GDPR. Mezi p\u0159\u00edjemce mohou pat\u0159it:<\/p>\n<ul>\n<li><strong>Zpracovatel\u00e9 plateb:<\/strong> Bezpe\u010dn\u00e9 zpracov\u00e1n\u00ed transakc\u00ed. (nap\u0159. Stripe, PayPal).<\/li>\n<li><strong>Regula\u010dn\u00ed org\u00e1ny:<\/strong> Pokud je zve\u0159ejn\u011bn\u00ed vy\u017eadov\u00e1no z\u00e1konem.<\/li>\n<li><strong>Poskytovatel\u00e9 slu\u017eeb:<\/strong> Pro prevenci podvod\u016f, bezpe\u010dnost a provozn\u00ed podporu.<\/li>\n<\/ul>\n<p>Informace o \u00fadaj\u00edch sd\u00edlen\u00fdch prost\u0159ednictv\u00edm soubor\u016f cookie a sledovac\u00edch technologi\u00ed naleznete v na\u0161em webu. <strong><a href=\"https:\/\/canaryvip.com\/cs\/cookie-policy\/\" target=\"_blank\" rel=\"noopener\">Z\u00e1sady pou\u017e\u00edv\u00e1n\u00ed soubor\u016f cookie<\/a><\/strong>.<\/p>\n<h3>5.2 Mezin\u00e1rodn\u00ed p\u0159enosy dat<\/h3>\n<p>Za \u00fa\u010delem poskytov\u00e1n\u00ed na\u0161ich slu\u017eeb m\u016f\u017ee spole\u010dnost CanaryVIP sd\u00edlet osobn\u00ed \u00fadaje s poskytovateli t\u0159et\u00edch stran, kte\u0159\u00ed se nach\u00e1zej\u00ed mimo Evropsk\u00fd hospod\u00e1\u0159sk\u00fd prostor (EHP). V takov\u00e9m p\u0159\u00edpad\u011b zaji\u0161\u0165ujeme dodr\u017eov\u00e1n\u00ed \u010dl\u00e1nk\u016f 44 a\u017e 50 GDPR prost\u0159ednictv\u00edm vhodn\u00fdch pr\u00e1vn\u00edch z\u00e1ruk:<\/p>\n<ul>\n<li>N\u011bkte\u0159\u00ed poskytovatel\u00e9, v\u010detn\u011b <strong>Google, Meta (Facebook a Instagram) a TikTok.<\/strong>, se s\u00eddlem ve Spojen\u00fdch st\u00e1tech a \u00fa\u010dastn\u00ed se <strong>R\u00e1mec EU a USA pro ochranu osobn\u00edch \u00fadaj\u016f (DPF)<\/strong>.<\/li>\n<li>Pro poskytovatele, na kter\u00e9 se nevztahuje DPF, jako jsou nap\u0159. <strong>Stripe a PayPal<\/strong>, spol\u00e9h\u00e1me na <strong>Standardn\u00ed smluvn\u00ed dolo\u017eky (SCC)<\/strong> schv\u00e1len\u00e9 Evropskou komis\u00ed, aby byla zaru\u010dena odpov\u00eddaj\u00edc\u00ed \u00farove\u0148 ochrany \u00fadaj\u016f.<\/li>\n<\/ul>\n<p>Pokud m\u00e1te dotazy ohledn\u011b mezin\u00e1rodn\u00edho p\u0159enosu dat, kontaktujte n\u00e1s na adrese. <strong><a href=\"mailto:info@canaryvip.com\">info@canaryvip.com<\/a><\/strong>.<\/p>\n<h3>5.3 Jak dlouho va\u0161e \u00fadaje uchov\u00e1v\u00e1me<\/h3>\n<ul>\n<li>Osobn\u00ed \u00fadaje jsou uchov\u00e1v\u00e1ny pouze po dobu nezbytnou k napln\u011bn\u00ed \u00fa\u010del\u016f popsan\u00fdch v t\u011bchto z\u00e1sad\u00e1ch.<\/li>\n<li>Z\u00e1znamy o rezervac\u00edch se uchov\u00e1vaj\u00ed minim\u00e1ln\u011b po dobu <strong>5 let<\/strong> spln\u011bn\u00ed z\u00e1konn\u00fdch a da\u0148ov\u00fdch povinnost\u00ed.<\/li>\n<li>M\u016f\u017eete kdykoli po\u017e\u00e1dat o vymaz\u00e1n\u00ed sv\u00fdch \u00fadaj\u016f, p\u0159i\u010dem\u017e se na n\u011b vztahuj\u00ed p\u0159\u00edpadn\u00e9 z\u00e1konn\u00e9 po\u017eadavky na uchov\u00e1v\u00e1n\u00ed.<\/li>\n<\/ul>\n<hr \/>\n<h2>6. Zabezpe\u010den\u00ed dat<\/h2>\n<p>Pou\u017e\u00edv\u00e1me technick\u00e1 a organiza\u010dn\u00ed opat\u0159en\u00ed na ochranu osobn\u00edch \u00fadaj\u016f p\u0159ed neopr\u00e1vn\u011bn\u00fdm p\u0159\u00edstupem, ztr\u00e1tou, zm\u011bnou nebo zve\u0159ejn\u011bn\u00edm. Tato opat\u0159en\u00ed zahrnuj\u00ed:<\/p>\n<ul>\n<li><strong>\u0160ifrov\u00e1n\u00ed SSL\/TLS:<\/strong> Ve\u0161ker\u00e1 data p\u0159en\u00e1\u0161en\u00e1 prost\u0159ednictv\u00edm na\u0161ich webov\u00fdch str\u00e1nek jsou p\u0159i p\u0159enosu \u0161ifrov\u00e1na.<\/li>\n<li><strong>Ochrana Cloudflare:<\/strong> Pou\u017e\u00edv\u00e1me bezpe\u010dnostn\u00ed slu\u017eby spole\u010dnosti Cloudflare, v\u010detn\u011b zm\u00edr\u0148ov\u00e1n\u00ed DDoS, br\u00e1ny Web Application Firewall a filtrov\u00e1n\u00ed bot\u016f.<\/li>\n<li><strong>Kontrola p\u0159\u00edstupu:<\/strong> P\u0159\u00edstup k citliv\u00fdm \u00fadaj\u016fm maj\u00ed pouze opr\u00e1vn\u011bn\u00ed pracovn\u00edci s opr\u00e1vn\u011bnou pot\u0159ebou.<\/li>\n<li><strong>Minimalizace dat:<\/strong> Shroma\u017e\u010fujeme a ukl\u00e1d\u00e1me pouze nezbytn\u011b nutn\u00e9 osobn\u00ed \u00fadaje.<\/li>\n<\/ul>\n<hr \/>\n<h2>7. Va\u0161e pr\u00e1va podle GDPR<\/h2>\n<p>Obecn\u00e9 na\u0159\u00edzen\u00ed o ochran\u011b osobn\u00edch \u00fadaj\u016f v\u00e1m p\u0159izn\u00e1v\u00e1 n\u00e1sleduj\u00edc\u00ed pr\u00e1va t\u00fdkaj\u00edc\u00ed se va\u0161ich osobn\u00edch \u00fadaj\u016f:<\/p>\n<ul>\n<li><strong>Pr\u00e1vo na p\u0159\u00edstup:<\/strong> M\u016f\u017eete si vy\u017e\u00e1dat potvrzen\u00ed, zda va\u0161e \u00fadaje zpracov\u00e1v\u00e1me, a z\u00edskat jejich kopii.<\/li>\n<li><strong>Pr\u00e1vo na opravu:<\/strong> M\u016f\u017eete po\u017e\u00e1dat o opravu nep\u0159esn\u00fdch nebo ne\u00fapln\u00fdch \u00fadaj\u016f, kter\u00e9 o v\u00e1s m\u00e1me.<\/li>\n<li><strong>Pr\u00e1vo na v\u00fdmaz:<\/strong> M\u016f\u017eete n\u00e1s po\u017e\u00e1dat o vymaz\u00e1n\u00ed sv\u00fdch osobn\u00edch \u00fadaj\u016f, a to v souladu s platn\u00fdmi pr\u00e1vn\u00edmi p\u0159edpisy o uchov\u00e1v\u00e1n\u00ed \u00fadaj\u016f.<\/li>\n<li><strong>Pr\u00e1vo na omezen\u00ed:<\/strong> Za ur\u010dit\u00fdch okolnost\u00ed m\u016f\u017eete po\u017e\u00e1dat o omezen\u00ed zp\u016fsobu zpracov\u00e1n\u00ed va\u0161ich \u00fadaj\u016f.<\/li>\n<li><strong>Pr\u00e1vo vzn\u00e9st n\u00e1mitku:<\/strong> Proti zpracov\u00e1n\u00ed prov\u00e1d\u011bn\u00e9mu na z\u00e1klad\u011b opr\u00e1vn\u011bn\u00e9ho z\u00e1jmu m\u016f\u017eete vzn\u00e9st n\u00e1mitku.<\/li>\n<li><strong>Pr\u00e1vo na p\u0159enositelnost \u00fadaj\u016f:<\/strong> M\u016f\u017eete po\u017e\u00e1dat o kopii sv\u00fdch \u00fadaj\u016f ve strukturovan\u00e9m, b\u011b\u017en\u011b pou\u017e\u00edvan\u00e9m a strojov\u011b \u010diteln\u00e9m form\u00e1tu.<\/li>\n<\/ul>\n<p>Chcete-li uplatnit n\u011bkter\u00e1 z t\u011bchto pr\u00e1v, kontaktujte n\u00e1s na adrese <strong><a href=\"mailto:info@canaryvip.com\">info@canaryvip.com<\/a><\/strong>.<\/p>\n<hr \/>\n<h2>8. Zm\u011bny t\u011bchto z\u00e1sad<\/h2>\n<p>Pou\u017e\u00edv\u00e1n\u00edm na\u0161ich slu\u017eeb souhlas\u00edte se shroma\u017e\u010fov\u00e1n\u00edm a pou\u017e\u00edv\u00e1n\u00edm va\u0161ich osobn\u00edch \u00fadaj\u016f, jak je pops\u00e1no v t\u011bchto z\u00e1sad\u00e1ch.<\/p>\n<p>Spole\u010dnost CanaryVIP si vyhrazuje pr\u00e1vo tyto z\u00e1sady ochrany osobn\u00edch \u00fadaj\u016f kdykoli aktualizovat. Ve\u0161ker\u00e9 zm\u011bny budou zve\u0159ejn\u011bny na t\u00e9to str\u00e1nce. Doporu\u010dujeme v\u00e1m, abyste tyto z\u00e1sady pravideln\u011b kontrolovali a z\u016fstali o nich informov\u00e1ni.<\/p>\n<p><strong>Tyto z\u00e1sady ochrany osobn\u00edch \u00fadaj\u016f se nevztahuj\u00ed na pou\u017e\u00edv\u00e1n\u00ed soubor\u016f cookie nebo sledovac\u00edch technologi\u00ed. Pod\u00edvejte se pros\u00edm na na\u0161e <a href=\"https:\/\/canaryvip.com\/cs\/cookie-policy\/\" target=\"_blank\" rel=\"noopener\">Z\u00e1sady pou\u017e\u00edv\u00e1n\u00ed soubor\u016f cookie<\/a> podrobnosti o t\u011bchto t\u00e9matech.<\/strong><\/p>\n<hr \/>\n<h2>9. Kontakt<\/h2>\n<p>Pokud m\u00e1te jak\u00e9koli dotazy t\u00fdkaj\u00edc\u00ed se t\u011bchto z\u00e1sad ochrany osobn\u00edch \u00fadaj\u016f nebo toho, jak nakl\u00e1d\u00e1me s va\u0161imi osobn\u00edmi \u00fadaji, m\u016f\u017eete n\u00e1s kontaktovat na adrese:<\/p>\n<p>\ud83d\udce7 <strong>E-mail:<\/strong> <a href=\"mailto:info@canaryvip.com\">info@canaryvip.com<\/a><br \/>\n\ud83c\udf0d <strong>Webov\u00e9 str\u00e1nky:<\/strong> <a href=\"https:\/\/canaryvip.com\/cs\/\" target=\"_blank\" rel=\"noopener\">www.canaryvip.com<\/a><\/p>\n<\/div><\/div><\/div><\/div><\/div><\/div><\/div><\/section>","protected":false},"excerpt":{"rendered":"1. Introduction Welcome to CanaryVIP.com. The protection of your personal data and your privacy are fundamental priorities for us. This Privacy Policy describes the categories of personal information we collect, the purposes for which we use it, how we share and store it, and the security measures we apply to keep it safe. All processing...","protected":false},"author":1,"featured_media":0,"parent":0,"menu_order":0,"comment_status":"closed","ping_status":"closed","template":"","meta":{"_acf_changed":false,"footnotes":""},"class_list":["post-9191","page","type-page","status-publish","hentry"],"acf":[],"_links":{"self":[{"href":"https:\/\/canaryvip.com\/cs\/wp-json\/wp\/v2\/pages\/9191","targetHints":{"allow":["GET"]}}],"collection":[{"href":"https:\/\/canaryvip.com\/cs\/wp-json\/wp\/v2\/pages"}],"about":[{"href":"https:\/\/canaryvip.com\/cs\/wp-json\/wp\/v2\/types\/page"}],"author":[{"embeddable":true,"href":"https:\/\/canaryvip.com\/cs\/wp-json\/wp\/v2\/users\/1"}],"replies":[{"embeddable":true,"href":"https:\/\/canaryvip.com\/cs\/wp-json\/wp\/v2\/comments?post=9191"}],"version-history":[{"count":18,"href":"https:\/\/canaryvip.com\/cs\/wp-json\/wp\/v2\/pages\/9191\/revisions"}],"predecessor-version":[{"id":16863,"href":"https:\/\/canaryvip.com\/cs\/wp-json\/wp\/v2\/pages\/9191\/revisions\/16863"}],"wp:attachment":[{"href":"https:\/\/canaryvip.com\/cs\/wp-json\/wp\/v2\/media?parent=9191"}],"curies":[{"name":"wp","href":"https:\/\/api.w.org\/{rel}","templated":true}]}}