{"id":8956,"date":"2024-01-16T17:06:23","date_gmt":"2024-01-16T17:06:23","guid":{"rendered":"https:\/\/canaryvip.com\/?page_id=8956"},"modified":"2026-03-07T10:37:58","modified_gmt":"2026-03-07T10:37:58","slug":"best-guaranteed-price-policy","status":"publish","type":"page","link":"https:\/\/canaryvip.com\/cs\/best-guaranteed-price-policy\/","title":{"rendered":"Nejlep\u0161\u00ed garantovan\u00e1 cena"},"content":{"rendered":"<section class=\"l-section wpb_row us_custom_4af741be height_auto\"><div class=\"l-section-h i-cf\"><div class=\"g-cols vc_row via_flex valign_top type_default stacking_default\"><div class=\"vc_col-sm-12 wpb_column vc_column_container\"><div class=\"vc_column-inner\"><div class=\"wpb_wrapper\"><div class=\"wpb_text_column\"><div class=\"wpb_wrapper\"><p>Na adrese <strong>CanaryVIP<\/strong>, chceme, abyste za\u017eili to nejlep\u0161\u00ed z Tenerife, ani\u017e byste museli p\u0159epl\u00e1cet. Na\u0161e z\u00e1ruka shody cen odr\u00e1\u017e\u00ed n\u00e1\u0161 z\u00e1vazek nab\u00edzet nejkonkurenceschopn\u011bj\u0161\u00ed ceny na trhu.<\/p>\n<h2>1. Jak to funguje<\/h2>\n<p>Pokud na jin\u00e9 webov\u00e9 str\u00e1nce najdete stejn\u00fd v\u00fdlet nebo aktivitu za ni\u017e\u0161\u00ed cenu, dorovn\u00e1me ji. Tento postup je jednoduch\u00fd a plat\u00ed p\u0159ed i po dokon\u010den\u00ed rezervace.<\/p>\n<h3>1.1 Co spl\u0148uje podm\u00ednky<\/h3>\n<p>Aby mohla b\u00fdt konkuren\u010dn\u00ed nab\u00eddka uzn\u00e1na jako cenov\u011b shodn\u00e1, mus\u00ed b\u00fdt spln\u011bny n\u00e1sleduj\u00edc\u00ed podm\u00ednky:<\/p>\n<ul>\n<li>Nab\u00eddka se mus\u00ed t\u00fdkat p\u0159esn\u011b stejn\u00e9ho produktu nebo slu\u017eby, kter\u00e9 jsou k dispozici na CanaryVIP.<\/li>\n<li>Data rezervace mus\u00ed b\u00fdt stejn\u00e1.<\/li>\n<li>Storno podm\u00ednky a obecn\u00e9 podm\u00ednky obou nab\u00eddek se mus\u00ed shodovat.<\/li>\n<\/ul>\n<h3>1.2 Co se nekvalifikuje<\/h3>\n<p>Existuj\u00ed specifick\u00e9 situace, kdy nelze uplatnit cenovou shodu:<\/p>\n<ul>\n<li><strong>Skryt\u00e9 nebo podm\u00edn\u011bn\u00e9 \u00fadaje:<\/strong> Pokud konkuren\u010dn\u00ed nab\u00eddka zatajuje kl\u00ed\u010dov\u00e9 informace o produktu nebo slu\u017eb\u011b a\u017e do doby, ne\u017e se z\u00e1kazn\u00edk zav\u00e1\u017ee k rezervaci.<\/li>\n<li><strong>V\u011brnostn\u00ed ceny, odm\u011bny nebo ceny za doporu\u010den\u00ed:<\/strong> Pokud je ni\u017e\u0161\u00ed cena v\u00fdsledkem \u010dlensk\u00e9ho programu, syst\u00e9mu doporu\u010den\u00ed, slevy na z\u00e1klad\u011b p\u0159ihl\u00e1\u0161en\u00ed nebo jak\u00e9hokoli mechanismu, kter\u00fd m\u011bn\u00ed ve\u0159ejn\u011b zobrazenou cenu prost\u0159ednictv\u00edm akc\u00ed specifick\u00fdch pro u\u017eivatele.<\/li>\n<\/ul>\n<h2>2. \u017d\u00e1dost o dorovn\u00e1n\u00ed ceny p\u0159ed rezervac\u00ed<\/h2>\n<ol>\n<li><strong>Sd\u00edlejte konkuren\u010dn\u00ed nab\u00eddku.<\/strong> P\u0159ed proveden\u00edm rezervace n\u00e1m za\u0161lete \u00fadaje o nab\u00eddce s ni\u017e\u0161\u00ed cenou. Uve\u010fte p\u0159\u00edm\u00fd odkaz a ujist\u011bte se, \u017ee nab\u00eddka z\u016fst\u00e1v\u00e1 ve\u0159ejn\u011b p\u0159\u00edstupn\u00e1 online, abychom ji mohli ov\u011b\u0159it.<\/li>\n<li><strong>Po\u010dkejte na potvrzen\u00ed.<\/strong> N\u00e1\u0161 t\u00fdm prov\u011b\u0159\u00ed konkuren\u010dn\u00ed nab\u00eddku a potvrd\u00ed, zda spl\u0148uje podm\u00ednky. Jakmile bude cenov\u00e1 shoda schv\u00e1lena, budeme v\u00e1s informovat.<\/li>\n<li><strong>Dokon\u010dete rezervaci.<\/strong> Po obdr\u017een\u00ed na\u0161eho potvrzen\u00ed si rezervujte aktivitu na CanaryVIP za odpov\u00eddaj\u00edc\u00ed cenu.<\/li>\n<\/ol>\n<h2>3. \u017d\u00e1dost o dorovn\u00e1n\u00ed ceny po rezervaci<\/h2>\n<ol>\n<li><strong>Zjist\u011bte ni\u017e\u0161\u00ed cenu.<\/strong> Pokud najdete levn\u011bj\u0161\u00ed cenu za stejn\u00fd produkt nebo slu\u017ebu pot\u00e9, co jste si ji u n\u00e1s ji\u017e rezervovali, zjist\u011bte si podrobnosti o t\u00e9to nab\u00eddce.<\/li>\n<li><strong>Spojte se s n\u00e1mi.<\/strong> Kontaktujte n\u00e1\u0161 t\u00fdm podpory prost\u0159ednictv\u00edm n\u011bkter\u00e9ho z na\u0161ich dostupn\u00fdch kan\u00e1l\u016f a sd\u00edlejte informace.<\/li>\n<li><strong>Uve\u010fte, co pot\u0159ebujeme ov\u011b\u0159it.<\/strong> Pro zpracov\u00e1n\u00ed porovn\u00e1n\u00ed cen po rezervaci budeme pot\u0159ebovat:\n<ul>\n<li>P\u0159\u00edm\u00fd odkaz na konkuren\u010dn\u00ed nab\u00eddku.<\/li>\n<li>Potvrzen\u00ed, \u017ee nab\u00eddka je st\u00e1le \u017eiv\u00e1 a ve\u0159ejn\u011b p\u0159\u00edstupn\u00e1 pro na\u0161i kontrolu.<\/li>\n<\/ul>\n<\/li>\n<\/ol>\n<p>&nbsp;<\/p>\n<p>Va\u0161e spokojenost je na prvn\u00edm m\u00edst\u011b. Z\u00e1ruka cenov\u00e9 shody existuje proto, aby si ka\u017ed\u00fd z\u00e1kazn\u00edk mohl rezervovat s plnou d\u016fv\u011brou a v\u011bdom\u00edm, \u017ee za vybran\u00fd z\u00e1\u017eitek dostane nejlep\u0161\u00ed dostupnou cenu.<\/p>\n<p><strong>Rezervujte si u CanaryVIP a u\u017eijte si VIP z\u00e1\u017eitek bez omezen\u00ed cenov\u00e9 dostupnosti.<\/strong><\/p>\n<\/div><\/div><\/div><\/div><\/div><\/div><\/div><\/section>","protected":false},"excerpt":{"rendered":"At CanaryVIP, we want you to experience the best of Tenerife without ever overpaying. Our Price Match Guarantee reflects our commitment to offering the most competitive prices on the market. 1. How It Works If you find the same excursion or activity listed at a lower price on another website, we will match it. The...","protected":false},"author":1,"featured_media":0,"parent":0,"menu_order":0,"comment_status":"closed","ping_status":"closed","template":"","meta":{"_acf_changed":false,"footnotes":""},"class_list":["post-8956","page","type-page","status-publish","hentry"],"acf":[],"_links":{"self":[{"href":"https:\/\/canaryvip.com\/cs\/wp-json\/wp\/v2\/pages\/8956","targetHints":{"allow":["GET"]}}],"collection":[{"href":"https:\/\/canaryvip.com\/cs\/wp-json\/wp\/v2\/pages"}],"about":[{"href":"https:\/\/canaryvip.com\/cs\/wp-json\/wp\/v2\/types\/page"}],"author":[{"embeddable":true,"href":"https:\/\/canaryvip.com\/cs\/wp-json\/wp\/v2\/users\/1"}],"replies":[{"embeddable":true,"href":"https:\/\/canaryvip.com\/cs\/wp-json\/wp\/v2\/comments?post=8956"}],"version-history":[{"count":8,"href":"https:\/\/canaryvip.com\/cs\/wp-json\/wp\/v2\/pages\/8956\/revisions"}],"predecessor-version":[{"id":16862,"href":"https:\/\/canaryvip.com\/cs\/wp-json\/wp\/v2\/pages\/8956\/revisions\/16862"}],"wp:attachment":[{"href":"https:\/\/canaryvip.com\/cs\/wp-json\/wp\/v2\/media?parent=8956"}],"curies":[{"name":"wp","href":"https:\/\/api.w.org\/{rel}","templated":true}]}}