{"id":14018,"date":"2025-03-20T01:29:58","date_gmt":"2025-03-20T01:29:58","guid":{"rendered":"https:\/\/canaryvip.com\/?page_id=14018"},"modified":"2026-03-07T10:04:29","modified_gmt":"2026-03-07T10:04:29","slug":"cookie-policy","status":"publish","type":"page","link":"https:\/\/canaryvip.com\/cs\/cookie-policy\/","title":{"rendered":"Z\u00e1sady pou\u017e\u00edv\u00e1n\u00ed soubor\u016f cookie"},"content":{"rendered":"<section class=\"l-section wpb_row us_custom_5cd26a65 height_auto\"><div class=\"l-section-h i-cf\"><div class=\"g-cols vc_row via_flex valign_top type_default stacking_default\"><div class=\"vc_col-sm-12 wpb_column vc_column_container\"><div class=\"vc_column-inner\"><div class=\"wpb_wrapper\"><div class=\"wpb_text_column\"><div class=\"wpb_wrapper\"><h2>1. Co tato politika zahrnuje<\/h2>\n<p>Tyto z\u00e1sady pou\u017e\u00edv\u00e1n\u00ed soubor\u016f cookie vysv\u011btluj\u00ed, jak spole\u010dnost CanaryVIP.com pou\u017e\u00edv\u00e1 soubory cookie a podobn\u00e9 sledovac\u00ed technologie, kdy\u017e nav\u0161t\u00edv\u00edte na\u0161e webov\u00e9 str\u00e1nky. Pokra\u010dov\u00e1n\u00edm v prohl\u00ed\u017een\u00ed na\u0161ich str\u00e1nek souhlas\u00edte s pou\u017e\u00edv\u00e1n\u00edm soubor\u016f cookie, jak je pops\u00e1no v tomto dokumentu.<\/p>\n<p>Soubory cookie jsou mal\u00e9 textov\u00e9 soubory, kter\u00e9 se ukl\u00e1daj\u00ed do va\u0161eho za\u0159\u00edzen\u00ed p\u0159i n\u00e1v\u0161t\u011bv\u011b webov\u00fdch str\u00e1nek. Slou\u017e\u00ed k r\u016fzn\u00fdm \u00fa\u010del\u016fm: zlep\u0161uj\u00ed v\u00e1\u0161 z\u00e1\u017eitek z prohl\u00ed\u017een\u00ed, analyzuj\u00ed, jak jsou str\u00e1nky pou\u017e\u00edv\u00e1ny, a umo\u017e\u0148uj\u00ed n\u00e1m poskytovat relevantn\u011bj\u0161\u00ed obsah. N\u011bkter\u00e9 soubory cookie jsou nezbytn\u011b nutn\u00e9 k tomu, aby webov\u00e9 str\u00e1nky v\u016fbec fungovaly.<\/p>\n<hr \/>\n<h2>2. Typy soubor\u016f cookie, kter\u00e9 pou\u017e\u00edv\u00e1me<\/h2>\n<h3>2.1 Z\u00e1kladn\u00ed soubory cookie (nezbytn\u011b nutn\u00e9)<\/h3>\n<p>Tyto soubory cookie jsou nezbytn\u00e9 pro z\u00e1kladn\u00ed funkce na\u0161ich webov\u00fdch str\u00e1nek. Umo\u017e\u0148uj\u00ed z\u00e1kladn\u00ed funkce, jako je navigace na str\u00e1nce, p\u0159\u00edstup do zabezpe\u010den\u00fdch oblast\u00ed a zpracov\u00e1n\u00ed plateb. Webov\u00e9 str\u00e1nky bez nich nemohou spr\u00e1vn\u011b fungovat a nelze je vypnout.<\/p>\n<h3>2.2 Analytick\u00e9 soubory cookie<\/h3>\n<p>Analytick\u00e9 soubory cookie n\u00e1m umo\u017e\u0148uj\u00ed pochopit, jak n\u00e1v\u0161t\u011bvn\u00edci pracuj\u00ed s na\u0161imi webov\u00fdmi str\u00e1nkami. Pom\u00e1haj\u00ed n\u00e1m m\u011b\u0159it v\u00fdkonnost obsahu, zji\u0161\u0165ovat vzorce pou\u017e\u00edv\u00e1n\u00ed a zlep\u0161ovat celkov\u00fd u\u017eivatelsk\u00fd z\u00e1\u017eitek. Pou\u017e\u00edv\u00e1me <strong>Google Analytics<\/strong> pro tento \u00fa\u010del (<a href=\"https:\/\/policies.google.com\/privacy\" target=\"_blank\" rel=\"noopener\">Z\u00e1sady ochrany osobn\u00edch \u00fadaj\u016f spole\u010dnosti Google<\/a>).<\/p>\n<h3>2.3 Reklamn\u00ed a marketingov\u00e9 soubory cookie<\/h3>\n<p>Tyto soubory cookie jsou um\u00edst\u011bny za \u00fa\u010delem poskytov\u00e1n\u00ed reklam, kter\u00e9 odpov\u00eddaj\u00ed va\u0161im z\u00e1jm\u016fm na z\u00e1klad\u011b va\u0161\u00ed aktivity p\u0159i prohl\u00ed\u017een\u00ed. Spolupracujeme s reklamn\u00edmi platformami t\u0159et\u00edch stran, v\u010detn\u011b <strong>Reklamy Google<\/strong>, <strong>Meta (Facebook a Instagram)<\/strong>a <strong>Reklamy TikTok<\/strong> k zobrazov\u00e1n\u00ed personalizovan\u00e9 reklamy. Postupy spole\u010dnosti Meta t\u00fdkaj\u00edc\u00ed se \u00fadaj\u016f si m\u016f\u017eete prohl\u00e9dnout v jejich <a href=\"https:\/\/www.facebook.com\/privacy\/policy\" target=\"_blank\" rel=\"noopener\">Z\u00e1sady ochrany osobn\u00edch \u00fadaj\u016f<\/a>.<\/p>\n<h3>2.4 Preferen\u010dn\u00ed soubory cookie<\/h3>\n<p>Soubory cookie s preferencemi si pamatuj\u00ed volby, kter\u00e9 jste na na\u0161ich str\u00e1nk\u00e1ch provedli, nap\u0159\u00edklad jazyk, m\u011bnu, nastaven\u00ed polohy, preferovan\u00fd zp\u016fsob platby nebo aktivn\u00ed p\u0159ihla\u0161ovac\u00ed relaci. Umo\u017e\u0148uj\u00ed n\u00e1m poskytovat personalizovan\u011bj\u0161\u00ed slu\u017eby p\u0159i opakovan\u00fdch n\u00e1v\u0161t\u011bv\u00e1ch.<\/p>\n<hr \/>\n<h2>3. Jak z\u00edsk\u00e1v\u00e1me v\u00e1\u0161 souhlas<\/h2>\n<p>P\u0159i prvn\u00ed n\u00e1v\u0161t\u011bv\u011b na\u0161ich webov\u00fdch str\u00e1nek se zobraz\u00ed banner se soubory cookie, kter\u00fd v\u00e1m nab\u00eddne n\u00e1sleduj\u00edc\u00ed mo\u017enosti:<\/p>\n<ul>\n<li><strong>P\u0159ijmout v\u0161echny soubory cookie<\/strong> abyste mohli vyu\u017e\u00edvat celou \u0161k\u00e1lu funkc\u00ed a personalizace.<\/li>\n<li><strong>Odm\u00edtnut\u00ed ned\u016fle\u017eit\u00fdch soubor\u016f cookie<\/strong> omezit sledov\u00e1n\u00ed pouze na nezbytn\u011b nutn\u00e9.<\/li>\n<li><strong>P\u0159izp\u016fsoben\u00ed p\u0159edvoleb<\/strong> vybrat, kter\u00e9 kategorie soubor\u016f cookie povol\u00edte.<\/li>\n<\/ul>\n<p>P\u0159edvolby soubor\u016f cookie m\u016f\u017eete kdykoli zm\u011bnit kliknut\u00edm na tla\u010d\u00edtko <strong>\u201cNastaven\u00ed soubor\u016f cookie\u201d<\/strong> odkaz um\u00edst\u011bn\u00fd v z\u00e1pat\u00ed na\u0161ich webov\u00fdch str\u00e1nek.<\/p>\n<hr \/>\n<h2>4. Spr\u00e1va a maz\u00e1n\u00ed soubor\u016f cookie<\/h2>\n<p>V\u011bt\u0161ina prohl\u00ed\u017ee\u010d\u016f umo\u017e\u0148uje kontrolovat nebo blokovat soubory cookie prost\u0159ednictv\u00edm nastaven\u00ed. N\u00ed\u017ee jsou uvedeny p\u0159\u00edm\u00e9 odkazy na pokyny pro spr\u00e1vu soubor\u016f cookie pro nejb\u011b\u017en\u011bj\u0161\u00ed prohl\u00ed\u017ee\u010de:<\/p>\n<ul>\n<li><strong>Google Chrome:<\/strong> <a href=\"https:\/\/support.google.com\/accounts\/answer\/32050\" target=\"_blank\" rel=\"noopener\">Spr\u00e1va soubor\u016f cookie<\/a><\/li>\n<li><strong>Mozilla Firefox:<\/strong> <a href=\"https:\/\/support.mozilla.org\/en-US\/kb\/enable-and-disable-cookies-website-preferences\" target=\"_blank\" rel=\"noopener\">Spr\u00e1va soubor\u016f cookie<\/a><\/li>\n<li><strong>Safari:<\/strong> <a href=\"https:\/\/support.apple.com\/en-us\/HT201265\" target=\"_blank\" rel=\"noopener\">Spr\u00e1va soubor\u016f cookie<\/a><\/li>\n<li><strong>Microsoft Edge:<\/strong> <a href=\"https:\/\/support.microsoft.com\/en-us\/help\/4027947\/microsoft-edge-delete-cookies\" target=\"_blank\" rel=\"noopener\">Spr\u00e1va soubor\u016f cookie<\/a><\/li>\n<\/ul>\n<p>Pokud si p\u0159ejete odhl\u00e1sit se od sledov\u00e1n\u00ed Google Analytics, m\u016f\u017eete tak u\u010dinit zde: <a href=\"https:\/\/tools.google.com\/dlpage\/gaoptout\" target=\"_blank\" rel=\"noopener\">Dopln\u011bk prohl\u00ed\u017ee\u010de Google Analytics Opt-Out<\/a>.<\/p>\n<hr \/>\n<h2>5. Soubory cookie t\u0159et\u00edch stran<\/h2>\n<p>N\u011bkter\u00e9 slu\u017eby t\u0159et\u00edch stran integrovan\u00e9 do na\u0161ich webov\u00fdch str\u00e1nek mohou do va\u0161eho za\u0159\u00edzen\u00ed ukl\u00e1dat sv\u00e9 vlastn\u00ed soubory cookie. Mezi tyto slu\u017eby pat\u0159\u00ed:<\/p>\n<ul>\n<li><strong>Google Analytics<\/strong> (<a href=\"https:\/\/policies.google.com\/privacy\" target=\"_blank\" rel=\"noopener\">Z\u00e1sady ochrany osobn\u00edch \u00fadaj\u016f<\/a>)<\/li>\n<li><strong>Meta (reklamy na Facebooku a Instagramu)<\/strong> (<a href=\"https:\/\/www.facebook.com\/privacy\/policy\" target=\"_blank\" rel=\"noopener\">Z\u00e1sady ochrany osobn\u00edch \u00fadaj\u016f<\/a>)<\/li>\n<li><strong>Reklamy TikTok<\/strong> (<a href=\"https:\/\/www.tiktok.com\/legal\/privacy-policy\" target=\"_blank\" rel=\"noopener\">Z\u00e1sady ochrany osobn\u00edch \u00fadaj\u016f<\/a>)<\/li>\n<\/ul>\n<p>Ka\u017ed\u00e1 z t\u011bchto spole\u010dnost\u00ed zpracov\u00e1v\u00e1 \u00fadaje podle vlastn\u00edch z\u00e1sad ochrany osobn\u00edch \u00fadaj\u016f. Spole\u010dnost CanaryVIP nem\u00e1 kontrolu nad t\u00edm, jak tyto t\u0159et\u00ed strany nakl\u00e1daj\u00ed s \u00fadaji shrom\u00e1\u017ed\u011bn\u00fdmi prost\u0159ednictv\u00edm sv\u00fdch soubor\u016f cookie.<\/p>\n<hr \/>\n<h2>6. Aktualizace t\u011bchto z\u00e1sad<\/h2>\n<p>Spole\u010dnost CanaryVIP m\u016f\u017ee tyto z\u00e1sady pou\u017e\u00edv\u00e1n\u00ed soubor\u016f cookie \u010das od \u010dasu zm\u011bnit. Ve\u0161ker\u00e9 aktualizace budou zve\u0159ejn\u011bny na t\u00e9to str\u00e1nce. Doporu\u010dujeme tyto z\u00e1sady pravideln\u011b kontrolovat, abyste byli informov\u00e1ni o tom, jak soubory cookie pou\u017e\u00edv\u00e1me.<\/p>\n<hr \/>\n<h2>7. Kontakt<\/h2>\n<p>M\u00e1te-li jak\u00e9koli dotazy t\u00fdkaj\u00edc\u00ed se t\u011bchto z\u00e1sad pou\u017e\u00edv\u00e1n\u00ed soubor\u016f cookie nebo zp\u016fsobu jejich pou\u017e\u00edv\u00e1n\u00ed na na\u0161ich webov\u00fdch str\u00e1nk\u00e1ch, m\u016f\u017eete n\u00e1s kontaktovat na adrese:<\/p>\n<p>\ud83d\udce7 <strong>E-mail:<\/strong> <a href=\"mailto:info@canaryvip.com\">info@canaryvip.com<\/a><\/p>\n<\/div><\/div><\/div><\/div><\/div><\/div><\/div><\/section>","protected":false},"excerpt":{"rendered":"1. What This Policy Covers This Cookie Policy explains how CanaryVIP.com uses cookies and similar tracking technologies when you visit our website. By continuing to browse our site, you agree to the use of cookies as described in this document. Cookies are small text files that are placed on your device when you visit a...","protected":false},"author":1,"featured_media":0,"parent":0,"menu_order":0,"comment_status":"closed","ping_status":"closed","template":"","meta":{"_acf_changed":false,"footnotes":""},"class_list":["post-14018","page","type-page","status-publish","hentry"],"acf":[],"_links":{"self":[{"href":"https:\/\/canaryvip.com\/cs\/wp-json\/wp\/v2\/pages\/14018","targetHints":{"allow":["GET"]}}],"collection":[{"href":"https:\/\/canaryvip.com\/cs\/wp-json\/wp\/v2\/pages"}],"about":[{"href":"https:\/\/canaryvip.com\/cs\/wp-json\/wp\/v2\/types\/page"}],"author":[{"embeddable":true,"href":"https:\/\/canaryvip.com\/cs\/wp-json\/wp\/v2\/users\/1"}],"replies":[{"embeddable":true,"href":"https:\/\/canaryvip.com\/cs\/wp-json\/wp\/v2\/comments?post=14018"}],"version-history":[{"count":4,"href":"https:\/\/canaryvip.com\/cs\/wp-json\/wp\/v2\/pages\/14018\/revisions"}],"predecessor-version":[{"id":16858,"href":"https:\/\/canaryvip.com\/cs\/wp-json\/wp\/v2\/pages\/14018\/revisions\/16858"}],"wp:attachment":[{"href":"https:\/\/canaryvip.com\/cs\/wp-json\/wp\/v2\/media?parent=14018"}],"curies":[{"name":"wp","href":"https:\/\/api.w.org\/{rel}","templated":true}]}}