{"id":13824,"date":"2025-02-24T13:59:27","date_gmt":"2025-02-24T13:59:27","guid":{"rendered":"https:\/\/canaryvip.com\/?page_id=13824"},"modified":"2025-02-24T15:06:00","modified_gmt":"2025-02-24T15:06:00","slug":"about-us","status":"publish","type":"page","link":"https:\/\/canaryvip.com\/cs\/about-us\/","title":{"rendered":"O n\u00e1s"},"content":{"rendered":"<section class=\"l-section wpb_row height_medium width_custom\" style=\"--site-content-width:700px;\"><div class=\"l-section-h i-cf\"><div class=\"g-cols vc_row via_flex valign_top type_default stacking_default\"><div class=\"vc_col-sm-12 wpb_column vc_column_container\"><div class=\"vc_column-inner\"><div class=\"wpb_wrapper\"><h1 class=\"w-text\"><span class=\"w-text-h\"><span class=\"w-text-value\">O n\u00e1s - CanaryVIP<\/span><\/span><\/h1><h2 class=\"w-text us_custom_fe162ea1\"><span class=\"w-text-h\"><span class=\"w-text-value\">Kdo jsme<\/span><\/span><\/h2><div class=\"wpb_text_column\"><div class=\"wpb_wrapper\"><p>CanaryVIP je p\u0159edn\u00ed online platforma, kter\u00e1 se zab\u00fdv\u00e1 poskytov\u00e1n\u00edm nejlep\u0161\u00edch aktivit a v\u00fdlet\u016f na Kan\u00e1rsk\u00fdch ostrovech. Jako sou\u010d\u00e1st Tu Nido Tenerife, jedn\u00e9 z nejlep\u0161\u00edch realitn\u00edch kancel\u00e1\u0159\u00ed na Tenerife s v\u00edce ne\u017e 20 lety zku\u0161enost\u00ed v oblasti nemovitost\u00ed a v\u00fdstavby, nab\u00edz\u00edme nezapomenuteln\u00e9 z\u00e1\u017eitky na Kan\u00e1rsk\u00fdch ostrovech ji\u017e od roku 2010.<\/p>\n<\/div><\/div><\/div><\/div><\/div><div class=\"vc_col-sm-12 wpb_column vc_column_container\"><div class=\"vc_column-inner\"><div class=\"wpb_wrapper\"><h2 class=\"w-text us_custom_9d8033b1\"><span class=\"w-text-h\"><span class=\"w-text-value\">Na\u0161e cesta<\/span><\/span><\/h2><div class=\"wpb_text_column\"><div class=\"wpb_wrapper\"><p data-pm-slice=\"1 1 &#091;&#093;\"><span>Na\u0161e spole\u010dnost se v\u011bnuje stavebnictv\u00ed na Tenerife od roku 2003 a vybudovala si pevn\u00e9 z\u00e1klady v oblasti nemovitost\u00ed. V roce 2010 jsme roz\u0161\u00ed\u0159ili sv\u00e9 slu\u017eby pod n\u00e1zvem Tu Nido Tenerife a p\u016fsob\u00edme v kancel\u00e1\u0159i v Playa Fa\u00f1ab\u00e9. Jak se na\u0161e podnik\u00e1n\u00ed rozr\u016fstalo, p\u0159est\u011bhovali jsme se na n\u00e1m\u011bst\u00ed Plaza Fa\u00f1ab\u00e9 a pozd\u011bji jsme se roz\u0161\u00ed\u0159ili o druhou kancel\u00e1\u0159 ve Vista Sur. Dnes se na\u0161e nov\u00e9 s\u00eddlo nach\u00e1z\u00ed v Madro\u00f1al de Fa\u00f1ab\u00e9, kde p\u016fsob\u00ed jak Tu Nido Tenerife, tak CanaryVIP, a nad\u00e1le poskytujeme na\u0161im klient\u016fm slu\u017eby na nejvy\u0161\u0161\u00ed \u00farovni.<\/span><\/p>\n<\/div><\/div><\/div><\/div><\/div><div class=\"vc_col-sm-12 wpb_column vc_column_container\"><div class=\"vc_column-inner\"><div class=\"wpb_wrapper\"><div class=\"w-image us_custom_af6a9b6a align_none\"><div class=\"w-image-h\"><img decoding=\"async\" width=\"1024\" height=\"683\" src=\"https:\/\/canaryvip.com\/wp-content\/uploads\/2025\/02\/TuNido-Office_Web-1.webp\" class=\"attachment-large size-large\" alt=\"Kancel\u00e1\u0159\" loading=\"lazy\" srcset=\"https:\/\/canaryvip.com\/wp-content\/uploads\/2025\/02\/TuNido-Office_Web-1.webp 1024w, https:\/\/canaryvip.com\/wp-content\/uploads\/2025\/02\/TuNido-Office_Web-1-300x200.webp 300w, https:\/\/canaryvip.com\/wp-content\/uploads\/2025\/02\/TuNido-Office_Web-1-18x12.webp 18w, https:\/\/canaryvip.com\/wp-content\/uploads\/2025\/02\/TuNido-Office_Web-1-600x400.webp 600w\" sizes=\"auto, (max-width: 1024px) 100vw, 1024px\" title=\"\"><\/div><\/div><h2 class=\"w-text us_custom_9d8033b1\"><span class=\"w-text-h\"><span class=\"w-text-value\">Zrozen\u00ed CanaryVIP<\/span><\/span><\/h2><div class=\"wpb_text_column\"><div class=\"wpb_wrapper\"><p data-pm-slice=\"1 1 &#091;&#093;\"><span>V roce 2024 jsme u\u010dinili strategick\u00e9 rozhodnut\u00ed odd\u011blit na\u0161e aktivity a v\u00fdlety od spole\u010dnosti Tu Nido Tenerife, \u010d\u00edm\u017e vznikla samostatn\u00e1 zna\u010dka CanaryVIP, kter\u00e1 se v\u011bnuje v\u00fdhradn\u011b turistick\u00fdm z\u00e1\u017eitk\u016fm na Kan\u00e1rsk\u00fdch ostrovech. Zat\u00edmco Tu Nido Tenerife z\u016fst\u00e1v\u00e1 dob\u0159e zavedenou zna\u010dkou v oblasti <a href=\"https:\/\/www.tunidotenerife.com\/en\/inmobiliaria-tenerife\/\" target=\"_blank\" rel=\"noopener\">nemovitosti Tenerife<\/a> odv\u011btv\u00ed, <strong>CanaryVIP<\/strong> se rychle rozrostla v p\u0159edn\u00ed online zna\u010dku, kter\u00e1 n\u00e1v\u0161t\u011bvn\u00edk\u016fm usnad\u0148uje rezervaci neuv\u011b\u0159iteln\u00fdch aktivit, v\u00fdlet\u016f a dobrodru\u017estv\u00ed na ostrovech.<\/span><\/p>\n<\/div><\/div><div class=\"w-html us_custom_af6a9b6a\"><iframe src=\"https:\/\/www.google.com\/maps\/embed?pb=!1m18!1m12!1m3!1d5215.387122659485!2d-16.72642792321668!3d28.09472697596261!2m3!1f0!2f0!3f0!3m2!1i1024!2i768!4f13.1!3m3!1m2!1s0xc6a996288a2335b%3A0x6e5358268b00a79!2sCanaryVIP%20-%20Tours%20and%20Excursions!5e1!3m2!1sen!2ses!4v1740406697434!5m2!1sen!2ses\" width=\"700\" height=\"300\" style=\"border:0;\" allowfullscreen=\"\" loading=\"lazy\" referrerpolicy=\"no-referrer-when-downgrade\"><\/iframe><\/div><\/div><\/div><\/div><div class=\"vc_col-sm-12 wpb_column vc_column_container\"><div class=\"vc_column-inner\"><div class=\"wpb_wrapper\"><h2 class=\"w-text us_custom_9d8033b1\"><span class=\"w-text-h\"><span class=\"w-text-value\">Na\u0161e posl\u00e1n\u00ed<\/span><\/span><\/h2><div class=\"wpb_text_column\"><div class=\"wpb_wrapper\"><p data-pm-slice=\"1 1 &#091;&#093;\"><span>Ve spole\u010dnosti CanaryVIP jsme zap\u00e1len\u00ed pro poskytov\u00e1n\u00ed jedine\u010dn\u00fdch a vysoce kvalitn\u00edch z\u00e1\u017eitk\u016f, kter\u00e9 p\u0159edstavuj\u00ed to nejlep\u0161\u00ed z Kan\u00e1rsk\u00fdch ostrov\u016f. A\u0165 u\u017e hled\u00e1te v\u00fdlety lod\u00ed, vodn\u00ed sporty, turistick\u00e1 dobrodru\u017estv\u00ed nebo exkluzivn\u00ed soukrom\u00e9 v\u00fdlety, zajist\u00edme v\u00e1m nezapomenutelnou cestu na m\u00edru.<\/span><\/p>\n<\/div><\/div><div class=\"w-separator size_medium\"><\/div><\/div><\/div><\/div><\/div><\/div><\/section>","protected":false},"excerpt":{"rendered":"O n\u00e1s - CanaryVIPKdo jsmeCanaryVIP je p\u0159edn\u00ed online platforma zam\u011b\u0159en\u00e1 na poskytov\u00e1n\u00ed nejlep\u0161\u00edch aktivit a v\u00fdlet\u016f na Kan\u00e1rsk\u00fdch ostrovech. Jako sou\u010d\u00e1st Tu Nido Tenerife, jedn\u00e9 z nejlep\u0161\u00edch realitn\u00edch kancel\u00e1\u0159\u00ed na Tenerife s v\u00edce ne\u017e 20 lety zku\u0161enost\u00ed v oblasti nemovitost\u00ed a v\u00fdstavby, nab\u00edz\u00edme nezapomenuteln\u00e9 z\u00e1\u017eitky a...","protected":false},"author":1,"featured_media":0,"parent":0,"menu_order":0,"comment_status":"closed","ping_status":"closed","template":"","meta":{"_acf_changed":false,"footnotes":""},"class_list":["post-13824","page","type-page","status-publish","hentry"],"acf":[],"_links":{"self":[{"href":"https:\/\/canaryvip.com\/cs\/wp-json\/wp\/v2\/pages\/13824","targetHints":{"allow":["GET"]}}],"collection":[{"href":"https:\/\/canaryvip.com\/cs\/wp-json\/wp\/v2\/pages"}],"about":[{"href":"https:\/\/canaryvip.com\/cs\/wp-json\/wp\/v2\/types\/page"}],"author":[{"embeddable":true,"href":"https:\/\/canaryvip.com\/cs\/wp-json\/wp\/v2\/users\/1"}],"replies":[{"embeddable":true,"href":"https:\/\/canaryvip.com\/cs\/wp-json\/wp\/v2\/comments?post=13824"}],"version-history":[{"count":5,"href":"https:\/\/canaryvip.com\/cs\/wp-json\/wp\/v2\/pages\/13824\/revisions"}],"predecessor-version":[{"id":13832,"href":"https:\/\/canaryvip.com\/cs\/wp-json\/wp\/v2\/pages\/13824\/revisions\/13832"}],"wp:attachment":[{"href":"https:\/\/canaryvip.com\/cs\/wp-json\/wp\/v2\/media?parent=13824"}],"curies":[{"name":"wp","href":"https:\/\/api.w.org\/{rel}","templated":true}]}}